{"id":11108,"date":"2021-11-06T16:31:19","date_gmt":"2021-11-06T15:31:19","guid":{"rendered":"https:\/\/lotuseducation.se\/?page_id=11108"},"modified":"2021-11-07T10:15:52","modified_gmt":"2021-11-07T09:15:52","slug":"frances-och-olivia","status":"publish","type":"page","link":"https:\/\/lotuseducation.se\/en\/om\/vara-hundar\/frances-och-olivia\/","title":{"rendered":"Frances och Olivia"},"content":{"rendered":"<div data-elementor-type=\"wp-page\" data-elementor-id=\"11108\" class=\"elementor elementor-11108\" data-elementor-post-type=\"page\">\n\t\t\t\t\t\t<section class=\"elementor-section elementor-top-section elementor-element elementor-element-4c49b1e elementor-section-boxed elementor-section-height-default elementor-section-height-default\" data-id=\"4c49b1e\" data-element_type=\"section\" data-e-type=\"section\">\n\t\t\t\t\t\t<div class=\"elementor-container elementor-column-gap-default\">\n\t\t\t\t\t<div class=\"elementor-column elementor-col-100 elementor-top-column elementor-element elementor-element-ba79beb\" data-id=\"ba79beb\" data-element_type=\"column\" data-e-type=\"column\">\n\t\t\t<div class=\"elementor-widget-wrap elementor-element-populated\">\n\t\t\t\t\t\t<div class=\"elementor-element elementor-element-dc60c05 elementor-widget elementor-widget-spacer\" data-id=\"dc60c05\" data-element_type=\"widget\" data-e-type=\"widget\" data-widget_type=\"spacer.default\">\n\t\t\t\t<div class=\"elementor-widget-container\">\n\t\t\t\t\t\t\t<div class=\"elementor-spacer\">\n\t\t\t<div class=\"elementor-spacer-inner\"><\/div>\n\t\t<\/div>\n\t\t\t\t\t\t<\/div>\n\t\t\t\t<\/div>\n\t\t\t\t\t<\/div>\n\t\t<\/div>\n\t\t\t\t\t<\/div>\n\t\t<\/section>\n\t\t\t\t<section class=\"elementor-section elementor-top-section elementor-element elementor-element-526ea7bf elementor-section-boxed elementor-section-height-default elementor-section-height-default\" data-id=\"526ea7bf\" data-element_type=\"section\" data-e-type=\"section\">\n\t\t\t\t\t\t<div class=\"elementor-container elementor-column-gap-default\">\n\t\t\t\t\t<div class=\"elementor-column elementor-col-100 elementor-top-column elementor-element elementor-element-5715fb77\" data-id=\"5715fb77\" data-element_type=\"column\" data-e-type=\"column\">\n\t\t\t<div class=\"elementor-widget-wrap elementor-element-populated\">\n\t\t\t\t\t\t<div class=\"elementor-element elementor-element-33ad925c elementor-widget elementor-widget-spacer\" data-id=\"33ad925c\" data-element_type=\"widget\" data-e-type=\"widget\" data-widget_type=\"spacer.default\">\n\t\t\t\t<div class=\"elementor-widget-container\">\n\t\t\t\t\t\t\t<div class=\"elementor-spacer\">\n\t\t\t<div class=\"elementor-spacer-inner\"><\/div>\n\t\t<\/div>\n\t\t\t\t\t\t<\/div>\n\t\t\t\t<\/div>\n\t\t\t\t\t<\/div>\n\t\t<\/div>\n\t\t\t\t\t<\/div>\n\t\t<\/section>\n\t\t\t\t<section class=\"elementor-section elementor-top-section elementor-element elementor-element-3059412 elementor-section-boxed elementor-section-height-default elementor-section-height-default\" data-id=\"3059412\" data-element_type=\"section\" data-e-type=\"section\">\n\t\t\t\t\t\t<div class=\"elementor-container elementor-column-gap-default\">\n\t\t\t\t\t<div class=\"elementor-column elementor-col-25 elementor-top-column elementor-element elementor-element-24fd2aa\" data-id=\"24fd2aa\" data-element_type=\"column\" data-e-type=\"column\">\n\t\t\t<div class=\"elementor-widget-wrap elementor-element-populated\">\n\t\t\t\t\t\t<div class=\"elementor-element elementor-element-47a42ac elementor-headline--style-highlight elementor-widget elementor-widget-animated-headline\" data-id=\"47a42ac\" data-element_type=\"widget\" data-e-type=\"widget\" data-settings=\"{&quot;highlighted_text&quot;:&quot;Oliva &quot;,&quot;headline_style&quot;:&quot;highlight&quot;,&quot;marker&quot;:&quot;circle&quot;,&quot;loop&quot;:&quot;yes&quot;,&quot;highlight_animation_duration&quot;:1200,&quot;highlight_iteration_delay&quot;:8000}\" data-widget_type=\"animated-headline.default\">\n\t\t\t\t<div class=\"elementor-widget-container\">\n\t\t\t\t\t\t\t<h3 class=\"elementor-headline\">\n\t\t\t\t<span class=\"elementor-headline-dynamic-wrapper elementor-headline-text-wrapper\">\n\t\t\t\t\t<span class=\"elementor-headline-dynamic-text elementor-headline-text-active\">Oliva <\/span>\n\t\t\t\t<\/span>\n\t\t\t\t<\/h3>\n\t\t\t\t\t\t<\/div>\n\t\t\t\t<\/div>\n\t\t\t\t\t<\/div>\n\t\t<\/div>\n\t\t\t\t<div class=\"elementor-column elementor-col-25 elementor-top-column elementor-element elementor-element-3f1ede5\" data-id=\"3f1ede5\" data-element_type=\"column\" data-e-type=\"column\">\n\t\t\t<div class=\"elementor-widget-wrap elementor-element-populated\">\n\t\t\t\t\t\t<div class=\"elementor-element elementor-element-bb780c6 elementor-widget elementor-widget-spacer\" data-id=\"bb780c6\" data-element_type=\"widget\" data-e-type=\"widget\" data-widget_type=\"spacer.default\">\n\t\t\t\t<div class=\"elementor-widget-container\">\n\t\t\t\t\t\t\t<div class=\"elementor-spacer\">\n\t\t\t<div class=\"elementor-spacer-inner\"><\/div>\n\t\t<\/div>\n\t\t\t\t\t\t<\/div>\n\t\t\t\t<\/div>\n\t\t\t\t<div class=\"elementor-element elementor-element-1b62064 elementor-widget elementor-widget-heading\" data-id=\"1b62064\" data-element_type=\"widget\" data-e-type=\"widget\" data-widget_type=\"heading.default\">\n\t\t\t\t<div class=\"elementor-widget-container\">\n\t\t\t\t\t<h2 class=\"elementor-heading-title elementor-size-default\">and<\/h2>\t\t\t\t<\/div>\n\t\t\t\t<\/div>\n\t\t\t\t\t<\/div>\n\t\t<\/div>\n\t\t\t\t<div class=\"elementor-column elementor-col-25 elementor-top-column elementor-element elementor-element-0de7642\" data-id=\"0de7642\" data-element_type=\"column\" data-e-type=\"column\">\n\t\t\t<div class=\"elementor-widget-wrap elementor-element-populated\">\n\t\t\t\t\t\t<div class=\"elementor-element elementor-element-e5c1780 elementor-headline--style-highlight elementor-widget elementor-widget-animated-headline\" data-id=\"e5c1780\" data-element_type=\"widget\" data-e-type=\"widget\" data-settings=\"{&quot;highlighted_text&quot;:&quot;Frances&quot;,&quot;headline_style&quot;:&quot;highlight&quot;,&quot;marker&quot;:&quot;circle&quot;,&quot;loop&quot;:&quot;yes&quot;,&quot;highlight_animation_duration&quot;:1200,&quot;highlight_iteration_delay&quot;:8000}\" data-widget_type=\"animated-headline.default\">\n\t\t\t\t<div class=\"elementor-widget-container\">\n\t\t\t\t\t\t\t<h3 class=\"elementor-headline\">\n\t\t\t\t<span class=\"elementor-headline-dynamic-wrapper elementor-headline-text-wrapper\">\n\t\t\t\t\t<span class=\"elementor-headline-dynamic-text elementor-headline-text-active\">Frances<\/span>\n\t\t\t\t<\/span>\n\t\t\t\t<\/h3>\n\t\t\t\t\t\t<\/div>\n\t\t\t\t<\/div>\n\t\t\t\t\t<\/div>\n\t\t<\/div>\n\t\t\t\t<div class=\"elementor-column elementor-col-25 elementor-top-column elementor-element elementor-element-3e91ec1\" data-id=\"3e91ec1\" data-element_type=\"column\" data-e-type=\"column\">\n\t\t\t<div class=\"elementor-widget-wrap\">\n\t\t\t\t\t\t\t<\/div>\n\t\t<\/div>\n\t\t\t\t\t<\/div>\n\t\t<\/section>\n\t\t\t\t<section class=\"elementor-section elementor-top-section elementor-element elementor-element-987a2a5 elementor-section-boxed elementor-section-height-default elementor-section-height-default\" data-id=\"987a2a5\" data-element_type=\"section\" data-e-type=\"section\">\n\t\t\t\t\t\t<div class=\"elementor-container elementor-column-gap-wider\">\n\t\t\t\t\t<div class=\"elementor-column elementor-col-50 elementor-top-column elementor-element elementor-element-360ad14\" data-id=\"360ad14\" data-element_type=\"column\" data-e-type=\"column\">\n\t\t\t<div class=\"elementor-widget-wrap elementor-element-populated\">\n\t\t\t\t\t\t<div class=\"elementor-element elementor-element-3b1fef2 elementor-widget elementor-widget-image\" data-id=\"3b1fef2\" data-element_type=\"widget\" data-e-type=\"widget\" data-widget_type=\"image.default\">\n\t\t\t\t<div class=\"elementor-widget-container\">\n\t\t\t\t\t\t\t\t\t\t\t\t\t\t\t<img fetchpriority=\"high\" decoding=\"async\" width=\"768\" height=\"673\" src=\"https:\/\/lotuseducation.se\/wp-content\/uploads\/2021\/11\/DSC_0227_0-1-768x673.jpg\" class=\"attachment-medium_large size-medium_large wp-image-11118\" alt=\"\" srcset=\"https:\/\/lotuseducation.se\/wp-content\/uploads\/2021\/11\/DSC_0227_0-1-768x673.jpg 768w, https:\/\/lotuseducation.se\/wp-content\/uploads\/2021\/11\/DSC_0227_0-1-300x263.jpg 300w, https:\/\/lotuseducation.se\/wp-content\/uploads\/2021\/11\/DSC_0227_0-1.jpg 800w\" sizes=\"(max-width: 768px) 100vw, 768px\" \/>\t\t\t\t\t\t\t\t\t\t\t\t\t\t\t<\/div>\n\t\t\t\t<\/div>\n\t\t\t\t\t<\/div>\n\t\t<\/div>\n\t\t\t\t<div class=\"elementor-column elementor-col-50 elementor-top-column elementor-element elementor-element-16cd743\" data-id=\"16cd743\" data-element_type=\"column\" data-e-type=\"column\">\n\t\t\t<div class=\"elementor-widget-wrap elementor-element-populated\">\n\t\t\t\t\t\t<div class=\"elementor-element elementor-element-73b9a25 elementor-icon-list--layout-traditional elementor-list-item-link-full_width elementor-widget elementor-widget-icon-list\" data-id=\"73b9a25\" data-element_type=\"widget\" data-e-type=\"widget\" data-widget_type=\"icon-list.default\">\n\t\t\t\t<div class=\"elementor-widget-container\">\n\t\t\t\t\t\t\t<ul class=\"elementor-icon-list-items\">\n\t\t\t\t\t\t\t<li class=\"elementor-icon-list-item\">\n\t\t\t\t\t\t\t\t\t\t\t<span class=\"elementor-icon-list-icon\">\n\t\t\t\t\t\t\t<i aria-hidden=\"true\" class=\"fas fa-star\"><\/i>\t\t\t\t\t\t<\/span>\n\t\t\t\t\t\t\t\t\t\t<span class=\"elementor-icon-list-text\">Jack Russel terriers<\/span>\n\t\t\t\t\t\t\t\t\t<\/li>\n\t\t\t\t\t\t\t\t<li class=\"elementor-icon-list-item\">\n\t\t\t\t\t\t\t\t\t\t\t<span class=\"elementor-icon-list-icon\">\n\t\t\t\t\t\t\t<i aria-hidden=\"true\" class=\"fas fa-check\"><\/i>\t\t\t\t\t\t<\/span>\n\t\t\t\t\t\t\t\t\t\t<span class=\"elementor-icon-list-text\">Frances - f\u00f6dd 1994, d\u00f6d 2006<\/span>\n\t\t\t\t\t\t\t\t\t<\/li>\n\t\t\t\t\t\t\t\t<li class=\"elementor-icon-list-item\">\n\t\t\t\t\t\t\t\t\t\t\t<span class=\"elementor-icon-list-icon\">\n\t\t\t\t\t\t\t<i aria-hidden=\"true\" class=\"fas fa-check\"><\/i>\t\t\t\t\t\t<\/span>\n\t\t\t\t\t\t\t\t\t\t<span class=\"elementor-icon-list-text\">Olivia - f\u00f6dd 1999, d\u00f6d 2010<\/span>\n\t\t\t\t\t\t\t\t\t<\/li>\n\t\t\t\t\t\t<\/ul>\n\t\t\t\t\t\t<\/div>\n\t\t\t\t<\/div>\n\t\t\t\t\t<\/div>\n\t\t<\/div>\n\t\t\t\t\t<\/div>\n\t\t<\/section>\n\t\t\t\t<section class=\"elementor-section elementor-top-section elementor-element elementor-element-7144fa90 elementor-section-boxed elementor-section-height-default elementor-section-height-default\" data-id=\"7144fa90\" data-element_type=\"section\" data-e-type=\"section\">\n\t\t\t\t\t\t<div class=\"elementor-container elementor-column-gap-default\">\n\t\t\t\t\t<div class=\"elementor-column elementor-col-100 elementor-top-column elementor-element elementor-element-27fec023\" data-id=\"27fec023\" data-element_type=\"column\" data-e-type=\"column\">\n\t\t\t<div class=\"elementor-widget-wrap elementor-element-populated\">\n\t\t\t\t\t\t<div class=\"elementor-element elementor-element-248bda96 elementor-widget elementor-widget-heading\" data-id=\"248bda96\" data-element_type=\"widget\" data-e-type=\"widget\" data-widget_type=\"heading.default\">\n\t\t\t\t<div class=\"elementor-widget-container\">\n\t\t\t\t\t<h2 class=\"elementor-heading-title elementor-size-default\">About<\/h2>\t\t\t\t<\/div>\n\t\t\t\t<\/div>\n\t\t\t\t<div class=\"elementor-element elementor-element-bb0419e elementor-widget elementor-widget-text-editor\" data-id=\"bb0419e\" data-element_type=\"widget\" data-e-type=\"widget\" data-widget_type=\"text-editor.default\">\n\t\t\t\t<div class=\"elementor-widget-container\">\n\t\t\t\t\t\t\t\t\t<p>When my gunniea-pig Norpan died, I did not want any new gunniea-pig, because no one could be like Norpan. Then I got my first own dog, a jack russel named Frances Bean, after Nirvana's singer's daughter.\u00a0<\/p><p>It was with her that I started to train dogs for real and since she was a terrier, she had quite a lot of her own will. But I had a vision that she could go free everywhere and that she would become a friend to be able to take with her everywhere. After a lot of training and a lot of gray hair, it became so. And she was with me with friends, in the stable, at work, in town and wherever I went.\u00a0<\/p><p>I trained tracking, obedience, tricks and agility with Frances, but her agility career was not so long due to back problems. She was a very funny and headstrong little dog, who taught me a lot about dog training.\u00a0<\/p><p>Olivia was my mother's dog and she was a litter with a pedigree in the JRTC of GB (Jack Russel Terrier Club of Great Britain). Mom started to train a little agility with Olivia but I soon took over training and competition with her, because she was a good and fun little terrier. She competed in class three and got some nice results. But then I moved away from home and then it was difficult to get regular training, so there my terrier career unfortunately ended.\u00a0<\/p><p>But I am very weak for terriers and some of my funniest memories as an instructor are from JRTC of GB's summer camp. It was always a week full of laughter and madness. And it was both dogs and owners who contributed to this.\u00a0<\/p>\t\t\t\t\t\t\t\t<\/div>\n\t\t\t\t<\/div>\n\t\t\t\t<div class=\"elementor-element elementor-element-57c57b99 elementor-widget elementor-widget-spacer\" data-id=\"57c57b99\" data-element_type=\"widget\" data-e-type=\"widget\" data-widget_type=\"spacer.default\">\n\t\t\t\t<div class=\"elementor-widget-container\">\n\t\t\t\t\t\t\t<div class=\"elementor-spacer\">\n\t\t\t<div class=\"elementor-spacer-inner\"><\/div>\n\t\t<\/div>\n\t\t\t\t\t\t<\/div>\n\t\t\t\t<\/div>\n\t\t\t\t<div class=\"elementor-element elementor-element-3170c908 elementor-widget elementor-widget-gallery\" data-id=\"3170c908\" data-element_type=\"widget\" data-e-type=\"widget\" data-settings=\"{&quot;columns&quot;:5,&quot;gap&quot;:{&quot;unit&quot;:&quot;px&quot;,&quot;size&quot;:15,&quot;sizes&quot;:[]},&quot;lazyload&quot;:&quot;yes&quot;,&quot;gallery_layout&quot;:&quot;grid&quot;,&quot;columns_tablet&quot;:2,&quot;columns_mobile&quot;:1,&quot;gap_tablet&quot;:{&quot;unit&quot;:&quot;px&quot;,&quot;size&quot;:10,&quot;sizes&quot;:[]},&quot;gap_mobile&quot;:{&quot;unit&quot;:&quot;px&quot;,&quot;size&quot;:10,&quot;sizes&quot;:[]},&quot;link_to&quot;:&quot;file&quot;,&quot;aspect_ratio&quot;:&quot;3:2&quot;,&quot;overlay_background&quot;:&quot;yes&quot;,&quot;content_hover_animation&quot;:&quot;fade-in&quot;}\" data-widget_type=\"gallery.default\">\n\t\t\t\t<div class=\"elementor-widget-container\">\n\t\t\t\t\t\t\t<div class=\"elementor-gallery__container\">\n\t\t\t\t\t\t\t<a class=\"e-gallery-item elementor-gallery-item elementor-animated-content\" href=\"https:\/\/lotuseducation.se\/wp-content\/uploads\/2021\/11\/Ak-felix-mamma-lisa-har-0810034b.jpg\" data-elementor-open-lightbox=\"yes\" data-elementor-lightbox-slideshow=\"3170c908\" data-elementor-lightbox-title=\"Ak, felix, mamma, lisa h\u00e4r 0810034b\" data-e-action-hash=\"#elementor-action%3Aaction%3Dlightbox%26settings%3DeyJpZCI6MTEyMDMsInVybCI6Imh0dHBzOlwvXC9sb3R1c2VkdWNhdGlvbi5zZVwvd3AtY29udGVudFwvdXBsb2Fkc1wvMjAyMVwvMTFcL0FrLWZlbGl4LW1hbW1hLWxpc2EtaGFyLTA4MTAwMzRiLmpwZyIsInNsaWRlc2hvdyI6IjMxNzBjOTA4In0%3D\">\n\t\t\t\t\t<div class=\"e-gallery-image elementor-gallery-item__image\" data-thumbnail=\"https:\/\/lotuseducation.se\/wp-content\/uploads\/2021\/11\/Ak-felix-mamma-lisa-har-0810034b-300x201.jpg\" data-width=\"300\" data-height=\"201\" aria-label=\"\" role=\"img\" ><\/div>\n\t\t\t\t\t\t\t\t\t\t\t<div class=\"elementor-gallery-item__overlay\"><\/div>\n\t\t\t\t\t\t\t\t\t\t\t\t\t\t<\/a>\n\t\t\t\t\t\t\t<a class=\"e-gallery-item elementor-gallery-item elementor-animated-content\" href=\"https:\/\/lotuseducation.se\/wp-content\/uploads\/2021\/11\/DSC_0165.jpg\" data-elementor-open-lightbox=\"yes\" data-elementor-lightbox-slideshow=\"3170c908\" data-elementor-lightbox-title=\"DSC_0165\" data-e-action-hash=\"#elementor-action%3Aaction%3Dlightbox%26settings%3DeyJpZCI6MTEyMDQsInVybCI6Imh0dHBzOlwvXC9sb3R1c2VkdWNhdGlvbi5zZVwvd3AtY29udGVudFwvdXBsb2Fkc1wvMjAyMVwvMTFcL0RTQ18wMTY1LmpwZyIsInNsaWRlc2hvdyI6IjMxNzBjOTA4In0%3D\">\n\t\t\t\t\t<div class=\"e-gallery-image elementor-gallery-item__image\" data-thumbnail=\"https:\/\/lotuseducation.se\/wp-content\/uploads\/2021\/11\/DSC_0165-300x201.jpg\" data-width=\"300\" data-height=\"201\" aria-label=\"\" role=\"img\" ><\/div>\n\t\t\t\t\t\t\t\t\t\t\t<div class=\"elementor-gallery-item__overlay\"><\/div>\n\t\t\t\t\t\t\t\t\t\t\t\t\t\t<\/a>\n\t\t\t\t\t\t\t<a class=\"e-gallery-item elementor-gallery-item elementor-animated-content\" href=\"https:\/\/lotuseducation.se\/wp-content\/uploads\/2021\/11\/DSC_0231_0.jpg\" data-elementor-open-lightbox=\"yes\" data-elementor-lightbox-slideshow=\"3170c908\" data-elementor-lightbox-title=\"DSC_0231_0\" data-e-action-hash=\"#elementor-action%3Aaction%3Dlightbox%26settings%3DeyJpZCI6MTEyMDUsInVybCI6Imh0dHBzOlwvXC9sb3R1c2VkdWNhdGlvbi5zZVwvd3AtY29udGVudFwvdXBsb2Fkc1wvMjAyMVwvMTFcL0RTQ18wMjMxXzAuanBnIiwic2xpZGVzaG93IjoiMzE3MGM5MDgifQ%3D%3D\">\n\t\t\t\t\t<div class=\"e-gallery-image elementor-gallery-item__image\" data-thumbnail=\"https:\/\/lotuseducation.se\/wp-content\/uploads\/2021\/11\/DSC_0231_0-300x225.jpg\" data-width=\"300\" data-height=\"225\" aria-label=\"\" role=\"img\" ><\/div>\n\t\t\t\t\t\t\t\t\t\t\t<div class=\"elementor-gallery-item__overlay\"><\/div>\n\t\t\t\t\t\t\t\t\t\t\t\t\t\t<\/a>\n\t\t\t\t\t\t\t<a class=\"e-gallery-item elementor-gallery-item elementor-animated-content\" href=\"https:\/\/lotuseducation.se\/wp-content\/uploads\/2021\/11\/DSC_0235_0.jpg\" data-elementor-open-lightbox=\"yes\" data-elementor-lightbox-slideshow=\"3170c908\" data-elementor-lightbox-title=\"DSC_0235_0\" data-e-action-hash=\"#elementor-action%3Aaction%3Dlightbox%26settings%3DeyJpZCI6MTEyMDYsInVybCI6Imh0dHBzOlwvXC9sb3R1c2VkdWNhdGlvbi5zZVwvd3AtY29udGVudFwvdXBsb2Fkc1wvMjAyMVwvMTFcL0RTQ18wMjM1XzAuanBnIiwic2xpZGVzaG93IjoiMzE3MGM5MDgifQ%3D%3D\">\n\t\t\t\t\t<div class=\"e-gallery-image elementor-gallery-item__image\" data-thumbnail=\"https:\/\/lotuseducation.se\/wp-content\/uploads\/2021\/11\/DSC_0235_0-300x260.jpg\" data-width=\"300\" data-height=\"260\" aria-label=\"\" role=\"img\" ><\/div>\n\t\t\t\t\t\t\t\t\t\t\t<div class=\"elementor-gallery-item__overlay\"><\/div>\n\t\t\t\t\t\t\t\t\t\t\t\t\t\t<\/a>\n\t\t\t\t\t\t\t<a class=\"e-gallery-item elementor-gallery-item elementor-animated-content\" href=\"https:\/\/lotuseducation.se\/wp-content\/uploads\/2021\/11\/DSC_0243.jpg\" data-elementor-open-lightbox=\"yes\" data-elementor-lightbox-slideshow=\"3170c908\" data-elementor-lightbox-title=\"DSC_0243\" data-e-action-hash=\"#elementor-action%3Aaction%3Dlightbox%26settings%3DeyJpZCI6MTEyMDcsInVybCI6Imh0dHBzOlwvXC9sb3R1c2VkdWNhdGlvbi5zZVwvd3AtY29udGVudFwvdXBsb2Fkc1wvMjAyMVwvMTFcL0RTQ18wMjQzLmpwZyIsInNsaWRlc2hvdyI6IjMxNzBjOTA4In0%3D\">\n\t\t\t\t\t<div class=\"e-gallery-image elementor-gallery-item__image\" data-thumbnail=\"https:\/\/lotuseducation.se\/wp-content\/uploads\/2021\/11\/DSC_0243-300x274.jpg\" data-width=\"300\" data-height=\"274\" aria-label=\"\" role=\"img\" ><\/div>\n\t\t\t\t\t\t\t\t\t\t\t<div class=\"elementor-gallery-item__overlay\"><\/div>\n\t\t\t\t\t\t\t\t\t\t\t\t\t\t<\/a>\n\t\t\t\t\t\t\t<a class=\"e-gallery-item elementor-gallery-item elementor-animated-content\" href=\"https:\/\/lotuseducation.se\/wp-content\/uploads\/2021\/11\/DSCF0464.jpg\" data-elementor-open-lightbox=\"yes\" data-elementor-lightbox-slideshow=\"3170c908\" data-elementor-lightbox-title=\"DSCF0464\" data-e-action-hash=\"#elementor-action%3Aaction%3Dlightbox%26settings%3DeyJpZCI6MTEyMDgsInVybCI6Imh0dHBzOlwvXC9sb3R1c2VkdWNhdGlvbi5zZVwvd3AtY29udGVudFwvdXBsb2Fkc1wvMjAyMVwvMTFcL0RTQ0YwNDY0LmpwZyIsInNsaWRlc2hvdyI6IjMxNzBjOTA4In0%3D\">\n\t\t\t\t\t<div class=\"e-gallery-image elementor-gallery-item__image\" data-thumbnail=\"https:\/\/lotuseducation.se\/wp-content\/uploads\/2021\/11\/DSCF0464-300x225.jpg\" data-width=\"300\" data-height=\"225\" aria-label=\"\" role=\"img\" ><\/div>\n\t\t\t\t\t\t\t\t\t\t\t<div class=\"elementor-gallery-item__overlay\"><\/div>\n\t\t\t\t\t\t\t\t\t\t\t\t\t\t<\/a>\n\t\t\t\t\t\t\t<a class=\"e-gallery-item elementor-gallery-item elementor-animated-content\" href=\"https:\/\/lotuseducation.se\/wp-content\/uploads\/2021\/11\/DSCF0479.jpg\" data-elementor-open-lightbox=\"yes\" data-elementor-lightbox-slideshow=\"3170c908\" data-elementor-lightbox-title=\"DSCF0479\" data-e-action-hash=\"#elementor-action%3Aaction%3Dlightbox%26settings%3DeyJpZCI6MTEyMDksInVybCI6Imh0dHBzOlwvXC9sb3R1c2VkdWNhdGlvbi5zZVwvd3AtY29udGVudFwvdXBsb2Fkc1wvMjAyMVwvMTFcL0RTQ0YwNDc5LmpwZyIsInNsaWRlc2hvdyI6IjMxNzBjOTA4In0%3D\">\n\t\t\t\t\t<div class=\"e-gallery-image elementor-gallery-item__image\" data-thumbnail=\"https:\/\/lotuseducation.se\/wp-content\/uploads\/2021\/11\/DSCF0479-300x225.jpg\" data-width=\"300\" data-height=\"225\" aria-label=\"\" role=\"img\" ><\/div>\n\t\t\t\t\t\t\t\t\t\t\t<div class=\"elementor-gallery-item__overlay\"><\/div>\n\t\t\t\t\t\t\t\t\t\t\t\t\t\t<\/a>\n\t\t\t\t\t\t\t<a class=\"e-gallery-item elementor-gallery-item elementor-animated-content\" href=\"https:\/\/lotuseducation.se\/wp-content\/uploads\/2021\/11\/halloween012.jpg\" data-elementor-open-lightbox=\"yes\" data-elementor-lightbox-slideshow=\"3170c908\" data-elementor-lightbox-title=\"halloween012\" data-e-action-hash=\"#elementor-action%3Aaction%3Dlightbox%26settings%3DeyJpZCI6MTEyMTEsInVybCI6Imh0dHBzOlwvXC9sb3R1c2VkdWNhdGlvbi5zZVwvd3AtY29udGVudFwvdXBsb2Fkc1wvMjAyMVwvMTFcL2hhbGxvd2VlbjAxMi5qcGciLCJzbGlkZXNob3ciOiIzMTcwYzkwOCJ9\">\n\t\t\t\t\t<div class=\"e-gallery-image elementor-gallery-item__image\" data-thumbnail=\"https:\/\/lotuseducation.se\/wp-content\/uploads\/2021\/11\/halloween012-300x294.jpg\" data-width=\"300\" data-height=\"294\" aria-label=\"\" role=\"img\" ><\/div>\n\t\t\t\t\t\t\t\t\t\t\t<div class=\"elementor-gallery-item__overlay\"><\/div>\n\t\t\t\t\t\t\t\t\t\t\t\t\t\t<\/a>\n\t\t\t\t\t\t\t<a class=\"e-gallery-item elementor-gallery-item elementor-animated-content\" href=\"https:\/\/lotuseducation.se\/wp-content\/uploads\/2021\/11\/P6240082.jpg\" data-elementor-open-lightbox=\"yes\" data-elementor-lightbox-slideshow=\"3170c908\" data-elementor-lightbox-title=\"P6240082\" data-e-action-hash=\"#elementor-action%3Aaction%3Dlightbox%26settings%3DeyJpZCI6MTEyMTYsInVybCI6Imh0dHBzOlwvXC9sb3R1c2VkdWNhdGlvbi5zZVwvd3AtY29udGVudFwvdXBsb2Fkc1wvMjAyMVwvMTFcL1A2MjQwMDgyLmpwZyIsInNsaWRlc2hvdyI6IjMxNzBjOTA4In0%3D\">\n\t\t\t\t\t<div class=\"e-gallery-image elementor-gallery-item__image\" data-thumbnail=\"https:\/\/lotuseducation.se\/wp-content\/uploads\/2021\/11\/P6240082-300x225.jpg\" data-width=\"300\" data-height=\"225\" aria-label=\"\" role=\"img\" ><\/div>\n\t\t\t\t\t\t\t\t\t\t\t<div class=\"elementor-gallery-item__overlay\"><\/div>\n\t\t\t\t\t\t\t\t\t\t\t\t\t\t<\/a>\n\t\t\t\t\t\t\t<a class=\"e-gallery-item elementor-gallery-item elementor-animated-content\" href=\"https:\/\/lotuseducation.se\/wp-content\/uploads\/2021\/11\/P8060168.jpg\" data-elementor-open-lightbox=\"yes\" data-elementor-lightbox-slideshow=\"3170c908\" data-elementor-lightbox-title=\"P8060168\" data-e-action-hash=\"#elementor-action%3Aaction%3Dlightbox%26settings%3DeyJpZCI6MTEyMTcsInVybCI6Imh0dHBzOlwvXC9sb3R1c2VkdWNhdGlvbi5zZVwvd3AtY29udGVudFwvdXBsb2Fkc1wvMjAyMVwvMTFcL1A4MDYwMTY4LmpwZyIsInNsaWRlc2hvdyI6IjMxNzBjOTA4In0%3D\">\n\t\t\t\t\t<div class=\"e-gallery-image elementor-gallery-item__image\" data-thumbnail=\"https:\/\/lotuseducation.se\/wp-content\/uploads\/2021\/11\/P8060168-300x225.jpg\" data-width=\"300\" data-height=\"225\" aria-label=\"\" role=\"img\" ><\/div>\n\t\t\t\t\t\t\t\t\t\t\t<div class=\"elementor-gallery-item__overlay\"><\/div>\n\t\t\t\t\t\t\t\t\t\t\t\t\t\t<\/a>\n\t\t\t\t\t<\/div>\n\t\t\t\t\t<\/div>\n\t\t\t\t<\/div>\n\t\t\t\t\t<\/div>\n\t\t<\/div>\n\t\t\t\t\t<\/div>\n\t\t<\/section>\n\t\t\t\t<\/div>","protected":false},"excerpt":{"rendered":"<p>Oliva och Frances Jack Russel terriers Frances &#8211; f\u00f6dd 1994, d\u00f6d 2006 Olivia &#8211; f\u00f6dd 1999, d\u00f6d 2010 Om N\u00e4r mitt marsin Norpan dog, s\u00e5 ville jag inte ha n\u00e5got nytt marsin, f\u00f6r ingen kunde vara som Norpan. D\u00e5 fick jag ist\u00e4llet min f\u00f6rsta egna hund, en jackrussel som fick heta Frances Bean, efter Nirvana&#8217;s [&hellip;]<\/p>\n","protected":false},"author":1,"featured_media":0,"parent":173,"menu_order":0,"comment_status":"closed","ping_status":"closed","template":"elementor_header_footer","meta":{"footnotes":""},"class_list":["post-11108","page","type-page","status-publish","hentry"],"_links":{"self":[{"href":"https:\/\/lotuseducation.se\/en\/wp-json\/wp\/v2\/pages\/11108","targetHints":{"allow":["GET"]}}],"collection":[{"href":"https:\/\/lotuseducation.se\/en\/wp-json\/wp\/v2\/pages"}],"about":[{"href":"https:\/\/lotuseducation.se\/en\/wp-json\/wp\/v2\/types\/page"}],"author":[{"embeddable":true,"href":"https:\/\/lotuseducation.se\/en\/wp-json\/wp\/v2\/users\/1"}],"replies":[{"embeddable":true,"href":"https:\/\/lotuseducation.se\/en\/wp-json\/wp\/v2\/comments?post=11108"}],"version-history":[{"count":16,"href":"https:\/\/lotuseducation.se\/en\/wp-json\/wp\/v2\/pages\/11108\/revisions"}],"predecessor-version":[{"id":11226,"href":"https:\/\/lotuseducation.se\/en\/wp-json\/wp\/v2\/pages\/11108\/revisions\/11226"}],"up":[{"embeddable":true,"href":"https:\/\/lotuseducation.se\/en\/wp-json\/wp\/v2\/pages\/173"}],"wp:attachment":[{"href":"https:\/\/lotuseducation.se\/en\/wp-json\/wp\/v2\/media?parent=11108"}],"curies":[{"name":"wp","href":"https:\/\/api.w.org\/{rel}","templated":true}]}}