{"id":11696,"date":"2021-12-11T18:21:59","date_gmt":"2021-12-11T17:21:59","guid":{"rendered":"https:\/\/lotuseducation.se\/?page_id=11696"},"modified":"2021-12-11T18:41:42","modified_gmt":"2021-12-11T17:41:42","slug":"natur","status":"publish","type":"page","link":"https:\/\/lotuseducation.se\/en\/om\/meriter\/fotogallerier\/natur\/","title":{"rendered":"Natur"},"content":{"rendered":"<div data-elementor-type=\"wp-page\" data-elementor-id=\"11696\" class=\"elementor elementor-11696\" data-elementor-post-type=\"page\">\n\t\t\t\t\t\t<section class=\"elementor-section elementor-top-section elementor-element elementor-element-4a695e2 elementor-section-boxed elementor-section-height-default elementor-section-height-default\" data-id=\"4a695e2\" data-element_type=\"section\" data-e-type=\"section\">\n\t\t\t\t\t\t<div class=\"elementor-container elementor-column-gap-default\">\n\t\t\t\t\t<div class=\"elementor-column elementor-col-100 elementor-top-column elementor-element elementor-element-fbe65b9\" data-id=\"fbe65b9\" data-element_type=\"column\" data-e-type=\"column\">\n\t\t\t<div class=\"elementor-widget-wrap elementor-element-populated\">\n\t\t\t\t\t\t<div class=\"elementor-element elementor-element-b794dc0 elementor-widget elementor-widget-spacer\" data-id=\"b794dc0\" data-element_type=\"widget\" data-e-type=\"widget\" data-widget_type=\"spacer.default\">\n\t\t\t\t<div class=\"elementor-widget-container\">\n\t\t\t\t\t\t\t<div class=\"elementor-spacer\">\n\t\t\t<div class=\"elementor-spacer-inner\"><\/div>\n\t\t<\/div>\n\t\t\t\t\t\t<\/div>\n\t\t\t\t<\/div>\n\t\t\t\t\t<\/div>\n\t\t<\/div>\n\t\t\t\t\t<\/div>\n\t\t<\/section>\n\t\t\t\t<section class=\"elementor-section elementor-top-section elementor-element elementor-element-b2abbdf elementor-section-boxed elementor-section-height-default elementor-section-height-default\" data-id=\"b2abbdf\" data-element_type=\"section\" data-e-type=\"section\">\n\t\t\t\t\t\t<div class=\"elementor-container elementor-column-gap-default\">\n\t\t\t\t\t<div class=\"elementor-column elementor-col-100 elementor-top-column elementor-element elementor-element-b051596\" data-id=\"b051596\" data-element_type=\"column\" data-e-type=\"column\">\n\t\t\t<div class=\"elementor-widget-wrap elementor-element-populated\">\n\t\t\t\t\t\t<div class=\"elementor-element elementor-element-9878993 elementor-widget elementor-widget-heading\" data-id=\"9878993\" data-element_type=\"widget\" data-e-type=\"widget\" data-widget_type=\"heading.default\">\n\t\t\t\t<div class=\"elementor-widget-container\">\n\t\t\t\t\t<h2 class=\"elementor-heading-title elementor-size-default\">Natur<\/h2>\t\t\t\t<\/div>\n\t\t\t\t<\/div>\n\t\t\t\t\t<\/div>\n\t\t<\/div>\n\t\t\t\t\t<\/div>\n\t\t<\/section>\n\t\t\t\t<section class=\"elementor-section elementor-top-section elementor-element elementor-element-048d425 elementor-section-boxed elementor-section-height-default elementor-section-height-default\" data-id=\"048d425\" data-element_type=\"section\" data-e-type=\"section\">\n\t\t\t\t\t\t<div class=\"elementor-container elementor-column-gap-default\">\n\t\t\t\t\t<div class=\"elementor-column elementor-col-100 elementor-top-column elementor-element elementor-element-95bde54\" data-id=\"95bde54\" data-element_type=\"column\" data-e-type=\"column\">\n\t\t\t<div class=\"elementor-widget-wrap elementor-element-populated\">\n\t\t\t\t\t\t<div class=\"elementor-element elementor-element-08c23b3 elementor-widget elementor-widget-gallery\" data-id=\"08c23b3\" data-element_type=\"widget\" data-e-type=\"widget\" data-settings=\"{&quot;columns&quot;:3,&quot;overlay_title&quot;:&quot;caption&quot;,&quot;background_overlay_hover_animation&quot;:&quot;enter-zoom-in&quot;,&quot;lazyload&quot;:&quot;yes&quot;,&quot;gallery_layout&quot;:&quot;grid&quot;,&quot;columns_tablet&quot;:2,&quot;columns_mobile&quot;:1,&quot;gap&quot;:{&quot;unit&quot;:&quot;px&quot;,&quot;size&quot;:10,&quot;sizes&quot;:[]},&quot;gap_tablet&quot;:{&quot;unit&quot;:&quot;px&quot;,&quot;size&quot;:10,&quot;sizes&quot;:[]},&quot;gap_mobile&quot;:{&quot;unit&quot;:&quot;px&quot;,&quot;size&quot;:10,&quot;sizes&quot;:[]},&quot;link_to&quot;:&quot;file&quot;,&quot;aspect_ratio&quot;:&quot;3:2&quot;,&quot;overlay_background&quot;:&quot;yes&quot;,&quot;content_hover_animation&quot;:&quot;fade-in&quot;}\" data-widget_type=\"gallery.default\">\n\t\t\t\t<div class=\"elementor-widget-container\">\n\t\t\t\t\t\t\t<div class=\"elementor-gallery__container\">\n\t\t\t\t\t\t\t<a class=\"e-gallery-item elementor-gallery-item elementor-animated-content\" href=\"https:\/\/lotuseducation.se\/wp-content\/uploads\/2021\/11\/IMG_1812.jpg\" data-elementor-open-lightbox=\"yes\" data-elementor-lightbox-slideshow=\"08c23b3\" data-elementor-lightbox-title=\"IMG_1812\" data-e-action-hash=\"#elementor-action%3Aaction%3Dlightbox%26settings%3DeyJpZCI6MTE2MjEsInVybCI6Imh0dHBzOlwvXC9sb3R1c2VkdWNhdGlvbi5zZVwvd3AtY29udGVudFwvdXBsb2Fkc1wvMjAyMVwvMTFcL0lNR18xODEyLmpwZyIsInNsaWRlc2hvdyI6IjA4YzIzYjMifQ%3D%3D\">\n\t\t\t\t\t<div class=\"e-gallery-image elementor-gallery-item__image\" data-thumbnail=\"https:\/\/lotuseducation.se\/wp-content\/uploads\/2021\/11\/IMG_1812-300x225.jpg\" data-width=\"300\" data-height=\"225\" aria-label=\"\" role=\"img\" ><\/div>\n\t\t\t\t\t\t\t\t\t\t\t<div class=\"elementor-gallery-item__overlay\"><\/div>\n\t\t\t\t\t\t\t\t\t\t\t\t\t\t\t<div class=\"elementor-gallery-item__content\">\n\t\t\t\t\t\t\t\t\t\t\t\t\t\t<div class=\"elementor-gallery-item__title\">\n\t\t\t\t\t\t\t\t\t\t\t\t\t\t\t\t\t\tKoralltaggsvamp\t\t\t\t\t\t\t\t<\/div>\n\t\t\t\t\t\t\t\t\t\t\t\t<\/div>\n\t\t\t\t\t\t\t\t\t<\/a>\n\t\t\t\t\t\t\t<a class=\"e-gallery-item elementor-gallery-item elementor-animated-content\" href=\"https:\/\/lotuseducation.se\/wp-content\/uploads\/2021\/11\/IMG_5234-scaled.jpg\" data-elementor-open-lightbox=\"yes\" data-elementor-lightbox-slideshow=\"08c23b3\" data-elementor-lightbox-title=\"IMG_5234\" data-e-action-hash=\"#elementor-action%3Aaction%3Dlightbox%26settings%3DeyJpZCI6MTE2MjYsInVybCI6Imh0dHBzOlwvXC9sb3R1c2VkdWNhdGlvbi5zZVwvd3AtY29udGVudFwvdXBsb2Fkc1wvMjAyMVwvMTFcL0lNR181MjM0LXNjYWxlZC5qcGciLCJzbGlkZXNob3ciOiIwOGMyM2IzIn0%3D\">\n\t\t\t\t\t<div class=\"e-gallery-image elementor-gallery-item__image\" data-thumbnail=\"https:\/\/lotuseducation.se\/wp-content\/uploads\/2021\/11\/IMG_5234-225x300.jpg\" data-width=\"225\" data-height=\"300\" aria-label=\"\" role=\"img\" ><\/div>\n\t\t\t\t\t\t\t\t\t\t\t<div class=\"elementor-gallery-item__overlay\"><\/div>\n\t\t\t\t\t\t\t\t\t\t\t\t\t\t\t<div class=\"elementor-gallery-item__content\">\n\t\t\t\t\t\t\t\t\t\t\t\t\t\t<div class=\"elementor-gallery-item__title\">\n\t\t\t\t\t\t\t\t\t\t\t\t\t\t\t\t\t\tKrutbr\u00e4nnare\t\t\t\t\t\t\t\t<\/div>\n\t\t\t\t\t\t\t\t\t\t\t\t<\/div>\n\t\t\t\t\t\t\t\t\t<\/a>\n\t\t\t\t\t\t\t<a class=\"e-gallery-item elementor-gallery-item elementor-animated-content\" href=\"https:\/\/lotuseducation.se\/wp-content\/uploads\/2021\/11\/IMG_4960-scaled.jpg\" data-elementor-open-lightbox=\"yes\" data-elementor-lightbox-slideshow=\"08c23b3\" data-elementor-lightbox-title=\"IMG_4960\" data-e-action-hash=\"#elementor-action%3Aaction%3Dlightbox%26settings%3DeyJpZCI6MTE2MjIsInVybCI6Imh0dHBzOlwvXC9sb3R1c2VkdWNhdGlvbi5zZVwvd3AtY29udGVudFwvdXBsb2Fkc1wvMjAyMVwvMTFcL0lNR180OTYwLXNjYWxlZC5qcGciLCJzbGlkZXNob3ciOiIwOGMyM2IzIn0%3D\">\n\t\t\t\t\t<div class=\"e-gallery-image elementor-gallery-item__image\" data-thumbnail=\"https:\/\/lotuseducation.se\/wp-content\/uploads\/2021\/11\/IMG_4960-225x300.jpg\" data-width=\"225\" data-height=\"300\" aria-label=\"\" role=\"img\" ><\/div>\n\t\t\t\t\t\t\t\t\t\t\t<div class=\"elementor-gallery-item__overlay\"><\/div>\n\t\t\t\t\t\t\t\t\t\t\t\t\t\t\t<div class=\"elementor-gallery-item__content\">\n\t\t\t\t\t\t\t\t\t\t\t\t\t\t<div class=\"elementor-gallery-item__title\">\n\t\t\t\t\t\t\t\t\t\t\t\t\t\t\t\t\t\tSalepsrot\t\t\t\t\t\t\t\t<\/div>\n\t\t\t\t\t\t\t\t\t\t\t\t<\/div>\n\t\t\t\t\t\t\t\t\t<\/a>\n\t\t\t\t\t\t\t<a class=\"e-gallery-item elementor-gallery-item elementor-animated-content\" href=\"https:\/\/lotuseducation.se\/wp-content\/uploads\/2021\/11\/IMG_5110-scaled.jpg\" data-elementor-open-lightbox=\"yes\" data-elementor-lightbox-slideshow=\"08c23b3\" data-elementor-lightbox-title=\"IMG_5110\" data-e-action-hash=\"#elementor-action%3Aaction%3Dlightbox%26settings%3DeyJpZCI6MTE2MjQsInVybCI6Imh0dHBzOlwvXC9sb3R1c2VkdWNhdGlvbi5zZVwvd3AtY29udGVudFwvdXBsb2Fkc1wvMjAyMVwvMTFcL0lNR181MTEwLXNjYWxlZC5qcGciLCJzbGlkZXNob3ciOiIwOGMyM2IzIn0%3D\">\n\t\t\t\t\t<div class=\"e-gallery-image elementor-gallery-item__image\" data-thumbnail=\"https:\/\/lotuseducation.se\/wp-content\/uploads\/2021\/11\/IMG_5110-225x300.jpg\" data-width=\"225\" data-height=\"300\" aria-label=\"\" role=\"img\" ><\/div>\n\t\t\t\t\t\t\t\t\t\t\t<div class=\"elementor-gallery-item__overlay\"><\/div>\n\t\t\t\t\t\t\t\t\t\t\t\t\t\t\t<div class=\"elementor-gallery-item__content\">\n\t\t\t\t\t\t\t\t\t\t\t<\/div>\n\t\t\t\t\t\t\t\t\t<\/a>\n\t\t\t\t\t\t\t<a class=\"e-gallery-item elementor-gallery-item elementor-animated-content\" href=\"https:\/\/lotuseducation.se\/wp-content\/uploads\/2021\/11\/1380661_10151643213985633_403452966_n.jpg\" data-elementor-open-lightbox=\"yes\" data-elementor-lightbox-slideshow=\"08c23b3\" data-elementor-lightbox-title=\"1380661_10151643213985633_403452966_n\" data-e-action-hash=\"#elementor-action%3Aaction%3Dlightbox%26settings%3DeyJpZCI6MTE2MzMsInVybCI6Imh0dHBzOlwvXC9sb3R1c2VkdWNhdGlvbi5zZVwvd3AtY29udGVudFwvdXBsb2Fkc1wvMjAyMVwvMTFcLzEzODA2NjFfMTAxNTE2NDMyMTM5ODU2MzNfNDAzNDUyOTY2X24uanBnIiwic2xpZGVzaG93IjoiMDhjMjNiMyJ9\">\n\t\t\t\t\t<div class=\"e-gallery-image elementor-gallery-item__image\" data-thumbnail=\"https:\/\/lotuseducation.se\/wp-content\/uploads\/2021\/11\/1380661_10151643213985633_403452966_n-300x231.jpg\" data-width=\"300\" data-height=\"231\" aria-label=\"\" role=\"img\" ><\/div>\n\t\t\t\t\t\t\t\t\t\t\t<div class=\"elementor-gallery-item__overlay\"><\/div>\n\t\t\t\t\t\t\t\t\t\t\t\t\t\t\t<div class=\"elementor-gallery-item__content\">\n\t\t\t\t\t\t\t\t\t\t\t\t\t\t<div class=\"elementor-gallery-item__title\">\n\t\t\t\t\t\t\t\t\t\t\t\t\t\t\t\t\t\tLophocampa caryae, USA\t\t\t\t\t\t\t\t<\/div>\n\t\t\t\t\t\t\t\t\t\t\t\t<\/div>\n\t\t\t\t\t\t\t\t\t<\/a>\n\t\t\t\t\t\t\t<a class=\"e-gallery-item elementor-gallery-item elementor-animated-content\" href=\"https:\/\/lotuseducation.se\/wp-content\/uploads\/2021\/11\/IMG_5522.jpg\" data-elementor-open-lightbox=\"yes\" data-elementor-lightbox-slideshow=\"08c23b3\" data-elementor-lightbox-title=\"IMG_5522\" data-e-action-hash=\"#elementor-action%3Aaction%3Dlightbox%26settings%3DeyJpZCI6MTE2MjgsInVybCI6Imh0dHBzOlwvXC9sb3R1c2VkdWNhdGlvbi5zZVwvd3AtY29udGVudFwvdXBsb2Fkc1wvMjAyMVwvMTFcL0lNR181NTIyLmpwZyIsInNsaWRlc2hvdyI6IjA4YzIzYjMifQ%3D%3D\">\n\t\t\t\t\t<div class=\"e-gallery-image elementor-gallery-item__image\" data-thumbnail=\"https:\/\/lotuseducation.se\/wp-content\/uploads\/2021\/11\/IMG_5522-300x248.jpg\" data-width=\"300\" data-height=\"248\" aria-label=\"\" role=\"img\" ><\/div>\n\t\t\t\t\t\t\t\t\t\t\t<div class=\"elementor-gallery-item__overlay\"><\/div>\n\t\t\t\t\t\t\t\t\t\t\t\t\t\t\t<div class=\"elementor-gallery-item__content\">\n\t\t\t\t\t\t\t\t\t\t\t\t\t\t<div class=\"elementor-gallery-item__title\">\n\t\t\t\t\t\t\t\t\t\t\t\t\t\t\t\t\t\tnoshornsbagge\t\t\t\t\t\t\t\t<\/div>\n\t\t\t\t\t\t\t\t\t\t\t\t<\/div>\n\t\t\t\t\t\t\t\t\t<\/a>\n\t\t\t\t\t\t\t<a class=\"e-gallery-item elementor-gallery-item elementor-animated-content\" href=\"https:\/\/lotuseducation.se\/wp-content\/uploads\/2021\/11\/IMG_4473-scaled.jpg\" data-elementor-open-lightbox=\"yes\" data-elementor-lightbox-slideshow=\"08c23b3\" data-elementor-lightbox-title=\"IMG_4473\" data-e-action-hash=\"#elementor-action%3Aaction%3Dlightbox%26settings%3DeyJpZCI6MTE2MzQsInVybCI6Imh0dHBzOlwvXC9sb3R1c2VkdWNhdGlvbi5zZVwvd3AtY29udGVudFwvdXBsb2Fkc1wvMjAyMVwvMTFcL0lNR180NDczLXNjYWxlZC5qcGciLCJzbGlkZXNob3ciOiIwOGMyM2IzIn0%3D\">\n\t\t\t\t\t<div class=\"e-gallery-image elementor-gallery-item__image\" data-thumbnail=\"https:\/\/lotuseducation.se\/wp-content\/uploads\/2021\/11\/IMG_4473-300x225.jpg\" data-width=\"300\" data-height=\"225\" aria-label=\"\" role=\"img\" ><\/div>\n\t\t\t\t\t\t\t\t\t\t\t<div class=\"elementor-gallery-item__overlay\"><\/div>\n\t\t\t\t\t\t\t\t\t\t\t\t\t\t\t<div class=\"elementor-gallery-item__content\">\n\t\t\t\t\t\t\t\t\t\t\t\t\t\t<div class=\"elementor-gallery-item__title\">\n\t\t\t\t\t\t\t\t\t\t\t\t\t\t\t\t\t\tPraying mantis, B\u00f6nsyrsa, USA\t\t\t\t\t\t\t\t<\/div>\n\t\t\t\t\t\t\t\t\t\t\t\t<\/div>\n\t\t\t\t\t\t\t\t\t<\/a>\n\t\t\t\t\t\t\t<a class=\"e-gallery-item elementor-gallery-item elementor-animated-content\" href=\"https:\/\/lotuseducation.se\/wp-content\/uploads\/2021\/11\/IMG_5230-scaled.jpg\" data-elementor-open-lightbox=\"yes\" data-elementor-lightbox-slideshow=\"08c23b3\" data-elementor-lightbox-title=\"IMG_5230\" data-e-action-hash=\"#elementor-action%3Aaction%3Dlightbox%26settings%3DeyJpZCI6MTE2MjUsInVybCI6Imh0dHBzOlwvXC9sb3R1c2VkdWNhdGlvbi5zZVwvd3AtY29udGVudFwvdXBsb2Fkc1wvMjAyMVwvMTFcL0lNR181MjMwLXNjYWxlZC5qcGciLCJzbGlkZXNob3ciOiIwOGMyM2IzIn0%3D\">\n\t\t\t\t\t<div class=\"e-gallery-image elementor-gallery-item__image\" data-thumbnail=\"https:\/\/lotuseducation.se\/wp-content\/uploads\/2021\/11\/IMG_5230-225x300.jpg\" data-width=\"225\" data-height=\"300\" aria-label=\"\" role=\"img\" ><\/div>\n\t\t\t\t\t\t\t\t\t\t\t<div class=\"elementor-gallery-item__overlay\"><\/div>\n\t\t\t\t\t\t\t\t\t\t\t\t\t\t\t<div class=\"elementor-gallery-item__content\">\n\t\t\t\t\t\t\t\t\t\t\t\t\t\t<div class=\"elementor-gallery-item__title\">\n\t\t\t\t\t\t\t\t\t\t\t\t\t\t\t\t\t\tflugblomster\t\t\t\t\t\t\t\t<\/div>\n\t\t\t\t\t\t\t\t\t\t\t\t<\/div>\n\t\t\t\t\t\t\t\t\t<\/a>\n\t\t\t\t\t\t\t<a class=\"e-gallery-item elementor-gallery-item elementor-animated-content\" href=\"https:\/\/lotuseducation.se\/wp-content\/uploads\/2021\/11\/IMG_0157-scaled.jpg\" data-elementor-open-lightbox=\"yes\" data-elementor-lightbox-slideshow=\"08c23b3\" data-elementor-lightbox-title=\"IMG_0157\" data-e-action-hash=\"#elementor-action%3Aaction%3Dlightbox%26settings%3DeyJpZCI6MTE2MzcsInVybCI6Imh0dHBzOlwvXC9sb3R1c2VkdWNhdGlvbi5zZVwvd3AtY29udGVudFwvdXBsb2Fkc1wvMjAyMVwvMTFcL0lNR18wMTU3LXNjYWxlZC5qcGciLCJzbGlkZXNob3ciOiIwOGMyM2IzIn0%3D\">\n\t\t\t\t\t<div class=\"e-gallery-image elementor-gallery-item__image\" data-thumbnail=\"https:\/\/lotuseducation.se\/wp-content\/uploads\/2021\/11\/IMG_0157-300x225.jpg\" data-width=\"300\" data-height=\"225\" aria-label=\"\" role=\"img\" ><\/div>\n\t\t\t\t\t\t\t\t\t\t\t<div class=\"elementor-gallery-item__overlay\"><\/div>\n\t\t\t\t\t\t\t\t\t\t\t\t\t\t\t<div class=\"elementor-gallery-item__content\">\n\t\t\t\t\t\t\t\t\t\t\t\t\t\t<div class=\"elementor-gallery-item__title\">\n\t\t\t\t\t\t\t\t\t\t\t\t\t\t\t\t\t\tAmiralfj\u00e4ril\t\t\t\t\t\t\t\t<\/div>\n\t\t\t\t\t\t\t\t\t\t\t\t<\/div>\n\t\t\t\t\t\t\t\t\t<\/a>\n\t\t\t\t\t\t\t<a class=\"e-gallery-item elementor-gallery-item elementor-animated-content\" href=\"https:\/\/lotuseducation.se\/wp-content\/uploads\/2021\/11\/IMG_5538-scaled.jpg\" data-elementor-open-lightbox=\"yes\" data-elementor-lightbox-slideshow=\"08c23b3\" data-elementor-lightbox-title=\"IMG_5538\" data-e-action-hash=\"#elementor-action%3Aaction%3Dlightbox%26settings%3DeyJpZCI6MTE2MzAsInVybCI6Imh0dHBzOlwvXC9sb3R1c2VkdWNhdGlvbi5zZVwvd3AtY29udGVudFwvdXBsb2Fkc1wvMjAyMVwvMTFcL0lNR181NTM4LXNjYWxlZC5qcGciLCJzbGlkZXNob3ciOiIwOGMyM2IzIn0%3D\">\n\t\t\t\t\t<div class=\"e-gallery-image elementor-gallery-item__image\" data-thumbnail=\"https:\/\/lotuseducation.se\/wp-content\/uploads\/2021\/11\/IMG_5538-300x225.jpg\" data-width=\"300\" data-height=\"225\" aria-label=\"\" role=\"img\" ><\/div>\n\t\t\t\t\t\t\t\t\t\t\t<div class=\"elementor-gallery-item__overlay\"><\/div>\n\t\t\t\t\t\t\t\t\t\t\t\t\t\t\t<div class=\"elementor-gallery-item__content\">\n\t\t\t\t\t\t\t\t\t\t\t\t\t\t<div class=\"elementor-gallery-item__title\">\n\t\t\t\t\t\t\t\t\t\t\t\t\t\t\t\t\t\tBl\u00e5fl\u00e4ckig tr\u00e4fj\u00e4ril\t\t\t\t\t\t\t\t<\/div>\n\t\t\t\t\t\t\t\t\t\t\t\t<\/div>\n\t\t\t\t\t\t\t\t\t<\/a>\n\t\t\t\t\t\t\t<a class=\"e-gallery-item elementor-gallery-item elementor-animated-content\" href=\"https:\/\/lotuseducation.se\/wp-content\/uploads\/2021\/11\/IMG_5210-scaled.jpg\" data-elementor-open-lightbox=\"yes\" data-elementor-lightbox-slideshow=\"08c23b3\" data-elementor-lightbox-title=\"IMG_5210\" data-e-action-hash=\"#elementor-action%3Aaction%3Dlightbox%26settings%3DeyJpZCI6MTE2MjcsInVybCI6Imh0dHBzOlwvXC9sb3R1c2VkdWNhdGlvbi5zZVwvd3AtY29udGVudFwvdXBsb2Fkc1wvMjAyMVwvMTFcL0lNR181MjEwLXNjYWxlZC5qcGciLCJzbGlkZXNob3ciOiIwOGMyM2IzIn0%3D\">\n\t\t\t\t\t<div class=\"e-gallery-image elementor-gallery-item__image\" data-thumbnail=\"https:\/\/lotuseducation.se\/wp-content\/uploads\/2021\/11\/IMG_5210-300x225.jpg\" data-width=\"300\" data-height=\"225\" aria-label=\"\" role=\"img\" ><\/div>\n\t\t\t\t\t\t\t\t\t\t\t<div class=\"elementor-gallery-item__overlay\"><\/div>\n\t\t\t\t\t\t\t\t\t\t\t\t\t\t\t<div class=\"elementor-gallery-item__content\">\n\t\t\t\t\t\t\t\t\t\t\t\t\t\t<div class=\"elementor-gallery-item__title\">\n\t\t\t\t\t\t\t\t\t\t\t\t\t\t\t\t\t\tnattsl\u00e4ndelarv, husbyggare \t\t\t\t\t\t\t\t<\/div>\n\t\t\t\t\t\t\t\t\t\t\t\t<\/div>\n\t\t\t\t\t\t\t\t\t<\/a>\n\t\t\t\t\t\t\t<a class=\"e-gallery-item elementor-gallery-item elementor-animated-content\" href=\"https:\/\/lotuseducation.se\/wp-content\/uploads\/2021\/11\/IMG_5488-scaled.jpg\" data-elementor-open-lightbox=\"yes\" data-elementor-lightbox-slideshow=\"08c23b3\" data-elementor-lightbox-title=\"IMG_5488\" data-e-action-hash=\"#elementor-action%3Aaction%3Dlightbox%26settings%3DeyJpZCI6MTE2MjksInVybCI6Imh0dHBzOlwvXC9sb3R1c2VkdWNhdGlvbi5zZVwvd3AtY29udGVudFwvdXBsb2Fkc1wvMjAyMVwvMTFcL0lNR181NDg4LXNjYWxlZC5qcGciLCJzbGlkZXNob3ciOiIwOGMyM2IzIn0%3D\">\n\t\t\t\t\t<div class=\"e-gallery-image elementor-gallery-item__image\" data-thumbnail=\"https:\/\/lotuseducation.se\/wp-content\/uploads\/2021\/11\/IMG_5488-300x225.jpg\" data-width=\"300\" data-height=\"225\" aria-label=\"\" role=\"img\" ><\/div>\n\t\t\t\t\t\t\t\t\t\t\t<div class=\"elementor-gallery-item__overlay\"><\/div>\n\t\t\t\t\t\t\t\t\t\t\t\t\t\t\t<div class=\"elementor-gallery-item__content\">\n\t\t\t\t\t\t\t\t\t\t\t\t\t\t<div class=\"elementor-gallery-item__title\">\n\t\t\t\t\t\t\t\t\t\t\t\t\t\t\t\t\t\tormb\u00e4r\t\t\t\t\t\t\t\t<\/div>\n\t\t\t\t\t\t\t\t\t\t\t\t<\/div>\n\t\t\t\t\t\t\t\t\t<\/a>\n\t\t\t\t\t\t\t<a class=\"e-gallery-item elementor-gallery-item elementor-animated-content\" href=\"https:\/\/lotuseducation.se\/wp-content\/uploads\/2021\/11\/IMG_7671-scaled.jpg\" data-elementor-open-lightbox=\"yes\" data-elementor-lightbox-slideshow=\"08c23b3\" data-elementor-lightbox-title=\"IMG_7671\" data-e-action-hash=\"#elementor-action%3Aaction%3Dlightbox%26settings%3DeyJpZCI6MTE2MzYsInVybCI6Imh0dHBzOlwvXC9sb3R1c2VkdWNhdGlvbi5zZVwvd3AtY29udGVudFwvdXBsb2Fkc1wvMjAyMVwvMTFcL0lNR183NjcxLXNjYWxlZC5qcGciLCJzbGlkZXNob3ciOiIwOGMyM2IzIn0%3D\">\n\t\t\t\t\t<div class=\"e-gallery-image elementor-gallery-item__image\" data-thumbnail=\"https:\/\/lotuseducation.se\/wp-content\/uploads\/2021\/11\/IMG_7671-300x225.jpg\" data-width=\"300\" data-height=\"225\" aria-label=\"\" role=\"img\" ><\/div>\n\t\t\t\t\t\t\t\t\t\t\t<div class=\"elementor-gallery-item__overlay\"><\/div>\n\t\t\t\t\t\t\t\t\t\t\t\t\t\t\t<div class=\"elementor-gallery-item__content\">\n\t\t\t\t\t\t\t\t\t\t\t\t\t\t<div class=\"elementor-gallery-item__title\">\n\t\t\t\t\t\t\t\t\t\t\t\t\t\t\t\t\t\tLiten vattensalamander\t\t\t\t\t\t\t\t<\/div>\n\t\t\t\t\t\t\t\t\t\t\t\t<\/div>\n\t\t\t\t\t\t\t\t\t<\/a>\n\t\t\t\t\t\t\t<a class=\"e-gallery-item elementor-gallery-item elementor-animated-content\" href=\"https:\/\/lotuseducation.se\/wp-content\/uploads\/2021\/11\/IMG_5129.jpg\" data-elementor-open-lightbox=\"yes\" data-elementor-lightbox-slideshow=\"08c23b3\" data-elementor-lightbox-title=\"IMG_5129\" data-e-action-hash=\"#elementor-action%3Aaction%3Dlightbox%26settings%3DeyJpZCI6MTE2MjMsInVybCI6Imh0dHBzOlwvXC9sb3R1c2VkdWNhdGlvbi5zZVwvd3AtY29udGVudFwvdXBsb2Fkc1wvMjAyMVwvMTFcL0lNR181MTI5LmpwZyIsInNsaWRlc2hvdyI6IjA4YzIzYjMifQ%3D%3D\">\n\t\t\t\t\t<div class=\"e-gallery-image elementor-gallery-item__image\" data-thumbnail=\"https:\/\/lotuseducation.se\/wp-content\/uploads\/2021\/11\/IMG_5129-300x291.jpg\" data-width=\"300\" data-height=\"291\" aria-label=\"\" role=\"img\" ><\/div>\n\t\t\t\t\t\t\t\t\t\t\t<div class=\"elementor-gallery-item__overlay\"><\/div>\n\t\t\t\t\t\t\t\t\t\t\t\t\t\t\t<div class=\"elementor-gallery-item__content\">\n\t\t\t\t\t\t\t\t\t\t\t\t\t\t<div class=\"elementor-gallery-item__title\">\n\t\t\t\t\t\t\t\t\t\t\t\t\t\t\t\t\t\tR\u00f6dfransad bj\u00f6rnspinnare\t\t\t\t\t\t\t\t<\/div>\n\t\t\t\t\t\t\t\t\t\t\t\t<\/div>\n\t\t\t\t\t\t\t\t\t<\/a>\n\t\t\t\t\t\t\t<a class=\"e-gallery-item elementor-gallery-item elementor-animated-content\" href=\"https:\/\/lotuseducation.se\/wp-content\/uploads\/2021\/11\/IMG_6612-scaled.jpg\" data-elementor-open-lightbox=\"yes\" data-elementor-lightbox-slideshow=\"08c23b3\" data-elementor-lightbox-title=\"IMG_6612\" data-e-action-hash=\"#elementor-action%3Aaction%3Dlightbox%26settings%3DeyJpZCI6MTE2MzEsInVybCI6Imh0dHBzOlwvXC9sb3R1c2VkdWNhdGlvbi5zZVwvd3AtY29udGVudFwvdXBsb2Fkc1wvMjAyMVwvMTFcL0lNR182NjEyLXNjYWxlZC5qcGciLCJzbGlkZXNob3ciOiIwOGMyM2IzIn0%3D\">\n\t\t\t\t\t<div class=\"e-gallery-image elementor-gallery-item__image\" data-thumbnail=\"https:\/\/lotuseducation.se\/wp-content\/uploads\/2021\/11\/IMG_6612-300x229.jpg\" data-width=\"300\" data-height=\"229\" aria-label=\"\" role=\"img\" ><\/div>\n\t\t\t\t\t\t\t\t\t\t\t<div class=\"elementor-gallery-item__overlay\"><\/div>\n\t\t\t\t\t\t\t\t\t\t\t\t\t\t\t<div class=\"elementor-gallery-item__content\">\n\t\t\t\t\t\t\t\t\t\t\t\t\t\t<div class=\"elementor-gallery-item__title\">\n\t\t\t\t\t\t\t\t\t\t\t\t\t\t\t\t\t\tWheel bug, USA\t\t\t\t\t\t\t\t<\/div>\n\t\t\t\t\t\t\t\t\t\t\t\t<\/div>\n\t\t\t\t\t\t\t\t\t<\/a>\n\t\t\t\t\t\t\t<a class=\"e-gallery-item elementor-gallery-item elementor-animated-content\" href=\"https:\/\/lotuseducation.se\/wp-content\/uploads\/2021\/11\/IMG_4005-scaled.jpg\" data-elementor-open-lightbox=\"yes\" data-elementor-lightbox-slideshow=\"08c23b3\" data-elementor-lightbox-title=\"IMG_4005\" data-e-action-hash=\"#elementor-action%3Aaction%3Dlightbox%26settings%3DeyJpZCI6MTE2MzgsInVybCI6Imh0dHBzOlwvXC9sb3R1c2VkdWNhdGlvbi5zZVwvd3AtY29udGVudFwvdXBsb2Fkc1wvMjAyMVwvMTFcL0lNR180MDA1LXNjYWxlZC5qcGciLCJzbGlkZXNob3ciOiIwOGMyM2IzIn0%3D\">\n\t\t\t\t\t<div class=\"e-gallery-image elementor-gallery-item__image\" data-thumbnail=\"https:\/\/lotuseducation.se\/wp-content\/uploads\/2021\/11\/IMG_4005-300x225.jpg\" data-width=\"300\" data-height=\"225\" aria-label=\"\" role=\"img\" ><\/div>\n\t\t\t\t\t\t\t\t\t\t\t<div class=\"elementor-gallery-item__overlay\"><\/div>\n\t\t\t\t\t\t\t\t\t\t\t\t\t\t\t<div class=\"elementor-gallery-item__content\">\n\t\t\t\t\t\t\t\t\t\t\t\t\t\t<div class=\"elementor-gallery-item__title\">\n\t\t\t\t\t\t\t\t\t\t\t\t\t\t\t\t\t\tHelleborus (julros), Ungern \t\t\t\t\t\t\t\t<\/div>\n\t\t\t\t\t\t\t\t\t\t\t\t<\/div>\n\t\t\t\t\t\t\t\t\t<\/a>\n\t\t\t\t\t\t\t<a class=\"e-gallery-item elementor-gallery-item elementor-animated-content\" href=\"https:\/\/lotuseducation.se\/wp-content\/uploads\/2021\/11\/IMG_6547-scaled.jpg\" data-elementor-open-lightbox=\"yes\" data-elementor-lightbox-slideshow=\"08c23b3\" data-elementor-lightbox-title=\"IMG_6547\" data-e-action-hash=\"#elementor-action%3Aaction%3Dlightbox%26settings%3DeyJpZCI6MTE2MzIsInVybCI6Imh0dHBzOlwvXC9sb3R1c2VkdWNhdGlvbi5zZVwvd3AtY29udGVudFwvdXBsb2Fkc1wvMjAyMVwvMTFcL0lNR182NTQ3LXNjYWxlZC5qcGciLCJzbGlkZXNob3ciOiIwOGMyM2IzIn0%3D\">\n\t\t\t\t\t<div class=\"e-gallery-image elementor-gallery-item__image\" data-thumbnail=\"https:\/\/lotuseducation.se\/wp-content\/uploads\/2021\/11\/IMG_6547-300x225.jpg\" data-width=\"300\" data-height=\"225\" aria-label=\"\" role=\"img\" ><\/div>\n\t\t\t\t\t\t\t\t\t\t\t<div class=\"elementor-gallery-item__overlay\"><\/div>\n\t\t\t\t\t\t\t\t\t\t\t\t\t\t\t<div class=\"elementor-gallery-item__content\">\n\t\t\t\t\t\t\t\t\t\t\t\t\t\t<div class=\"elementor-gallery-item__title\">\n\t\t\t\t\t\t\t\t\t\t\t\t\t\t\t\t\t\tMakaonfj\u00e4ril, USA \t\t\t\t\t\t\t\t<\/div>\n\t\t\t\t\t\t\t\t\t\t\t\t<\/div>\n\t\t\t\t\t\t\t\t\t<\/a>\n\t\t\t\t\t\t\t<a class=\"e-gallery-item elementor-gallery-item elementor-animated-content\" href=\"https:\/\/lotuseducation.se\/wp-content\/uploads\/2021\/11\/image4.jpeg\" data-elementor-open-lightbox=\"yes\" data-elementor-lightbox-slideshow=\"08c23b3\" data-elementor-lightbox-title=\"image4\" data-e-action-hash=\"#elementor-action%3Aaction%3Dlightbox%26settings%3DeyJpZCI6MTE2MzUsInVybCI6Imh0dHBzOlwvXC9sb3R1c2VkdWNhdGlvbi5zZVwvd3AtY29udGVudFwvdXBsb2Fkc1wvMjAyMVwvMTFcL2ltYWdlNC5qcGVnIiwic2xpZGVzaG93IjoiMDhjMjNiMyJ9\">\n\t\t\t\t\t<div class=\"e-gallery-image elementor-gallery-item__image\" data-thumbnail=\"https:\/\/lotuseducation.se\/wp-content\/uploads\/2021\/11\/image4-300x225.jpeg\" data-width=\"300\" data-height=\"225\" aria-label=\"\" role=\"img\" ><\/div>\n\t\t\t\t\t\t\t\t\t\t\t<div class=\"elementor-gallery-item__overlay\"><\/div>\n\t\t\t\t\t\t\t\t\t\t\t\t\t\t\t<div class=\"elementor-gallery-item__content\">\n\t\t\t\t\t\t\t\t\t\t\t\t\t\t<div class=\"elementor-gallery-item__title\">\n\t\t\t\t\t\t\t\t\t\t\t\t\t\t\t\t\t\tconch shell, Florida \t\t\t\t\t\t\t\t<\/div>\n\t\t\t\t\t\t\t\t\t\t\t\t<\/div>\n\t\t\t\t\t\t\t\t\t<\/a>\n\t\t\t\t\t<\/div>\n\t\t\t\t\t<\/div>\n\t\t\t\t<\/div>\n\t\t\t\t\t<\/div>\n\t\t<\/div>\n\t\t\t\t\t<\/div>\n\t\t<\/section>\n\t\t\t\t<\/div>","protected":false},"excerpt":{"rendered":"<p>Natur Wheel bug, USA Krutbr\u00e4nnare conch shell, Florida Helleborus (julros), Ungern ormb\u00e4r Lophocampa caryae, USA Makaonfj\u00e4ril, USA flugblomster Koralltaggsvamp Salepsrot R\u00f6dfransad bj\u00f6rnspinnare nattsl\u00e4ndelarv, husbyggare Amiralfj\u00e4ril Bl\u00e5fl\u00e4ckig tr\u00e4fj\u00e4ril Praying mantis, B\u00f6nsyrsa, USA Liten vattensalamander noshornsbagge<\/p>","protected":false},"author":1,"featured_media":0,"parent":4989,"menu_order":0,"comment_status":"closed","ping_status":"closed","template":"","meta":{"footnotes":""},"class_list":["post-11696","page","type-page","status-publish","hentry"],"_links":{"self":[{"href":"https:\/\/lotuseducation.se\/en\/wp-json\/wp\/v2\/pages\/11696","targetHints":{"allow":["GET"]}}],"collection":[{"href":"https:\/\/lotuseducation.se\/en\/wp-json\/wp\/v2\/pages"}],"about":[{"href":"https:\/\/lotuseducation.se\/en\/wp-json\/wp\/v2\/types\/page"}],"author":[{"embeddable":true,"href":"https:\/\/lotuseducation.se\/en\/wp-json\/wp\/v2\/users\/1"}],"replies":[{"embeddable":true,"href":"https:\/\/lotuseducation.se\/en\/wp-json\/wp\/v2\/comments?post=11696"}],"version-history":[{"count":10,"href":"https:\/\/lotuseducation.se\/en\/wp-json\/wp\/v2\/pages\/11696\/revisions"}],"predecessor-version":[{"id":11710,"href":"https:\/\/lotuseducation.se\/en\/wp-json\/wp\/v2\/pages\/11696\/revisions\/11710"}],"up":[{"embeddable":true,"href":"https:\/\/lotuseducation.se\/en\/wp-json\/wp\/v2\/pages\/4989"}],"wp:attachment":[{"href":"https:\/\/lotuseducation.se\/en\/wp-json\/wp\/v2\/media?parent=11696"}],"curies":[{"name":"wp","href":"https:\/\/api.w.org\/{rel}","templated":true}]}}