{"id":12679,"date":"2025-01-04T11:44:42","date_gmt":"2025-01-04T10:44:42","guid":{"rendered":"https:\/\/lotuseducation.se\/?page_id=12679"},"modified":"2025-01-11T09:58:22","modified_gmt":"2025-01-11T08:58:22","slug":"vallhundenjordiz","status":"publish","type":"page","link":"https:\/\/lotuseducation.se\/en\/om\/vara-hundar\/vallhundenjordiz\/","title":{"rendered":"Vallhunden J\u00f6rdiz"},"content":{"rendered":"<div data-elementor-type=\"wp-page\" data-elementor-id=\"12679\" class=\"elementor elementor-12679\" data-elementor-post-type=\"page\">\n\t\t\t\t\t\t<section class=\"elementor-section elementor-top-section elementor-element elementor-element-0375ec1 elementor-section-boxed elementor-section-height-default elementor-section-height-default\" data-id=\"0375ec1\" data-element_type=\"section\" data-e-type=\"section\">\n\t\t\t\t\t\t<div class=\"elementor-container elementor-column-gap-default\">\n\t\t\t\t\t<div class=\"elementor-column elementor-col-100 elementor-top-column elementor-element elementor-element-d8571c1\" data-id=\"d8571c1\" data-element_type=\"column\" data-e-type=\"column\">\n\t\t\t<div class=\"elementor-widget-wrap\">\n\t\t\t\t\t\t\t<\/div>\n\t\t<\/div>\n\t\t\t\t\t<\/div>\n\t\t<\/section>\n\t\t\t\t<section class=\"elementor-section elementor-top-section elementor-element elementor-element-905c9f4 elementor-section-boxed elementor-section-height-default elementor-section-height-default\" data-id=\"905c9f4\" data-element_type=\"section\" data-e-type=\"section\">\n\t\t\t\t\t\t<div class=\"elementor-container elementor-column-gap-default\">\n\t\t\t\t\t<div class=\"elementor-column elementor-col-100 elementor-top-column elementor-element elementor-element-d08fad5\" data-id=\"d08fad5\" data-element_type=\"column\" data-e-type=\"column\">\n\t\t\t<div class=\"elementor-widget-wrap\">\n\t\t\t\t\t\t\t<\/div>\n\t\t<\/div>\n\t\t\t\t\t<\/div>\n\t\t<\/section>\n\t\t\t\t<section class=\"elementor-section elementor-top-section elementor-element elementor-element-5d553f3 elementor-section-boxed elementor-section-height-default elementor-section-height-default\" data-id=\"5d553f3\" data-element_type=\"section\" data-e-type=\"section\">\n\t\t\t\t\t\t<div class=\"elementor-container elementor-column-gap-default\">\n\t\t\t\t\t<div class=\"elementor-column elementor-col-100 elementor-top-column elementor-element elementor-element-e2f7592\" data-id=\"e2f7592\" data-element_type=\"column\" data-e-type=\"column\">\n\t\t\t<div class=\"elementor-widget-wrap elementor-element-populated\">\n\t\t\t\t\t\t<div class=\"elementor-element elementor-element-205cb92 elementor-widget elementor-widget-spacer\" data-id=\"205cb92\" data-element_type=\"widget\" data-e-type=\"widget\" data-widget_type=\"spacer.default\">\n\t\t\t\t<div class=\"elementor-widget-container\">\n\t\t\t\t\t\t\t<div class=\"elementor-spacer\">\n\t\t\t<div class=\"elementor-spacer-inner\"><\/div>\n\t\t<\/div>\n\t\t\t\t\t\t<\/div>\n\t\t\t\t<\/div>\n\t\t\t\t<div class=\"elementor-element elementor-element-937ad59 elementor-widget elementor-widget-spacer\" data-id=\"937ad59\" data-element_type=\"widget\" data-e-type=\"widget\" data-widget_type=\"spacer.default\">\n\t\t\t\t<div class=\"elementor-widget-container\">\n\t\t\t\t\t\t\t<div class=\"elementor-spacer\">\n\t\t\t<div class=\"elementor-spacer-inner\"><\/div>\n\t\t<\/div>\n\t\t\t\t\t\t<\/div>\n\t\t\t\t<\/div>\n\t\t\t\t<div class=\"elementor-element elementor-element-a6bf341 elementor-headline--style-highlight elementor-widget elementor-widget-animated-headline\" data-id=\"a6bf341\" data-element_type=\"widget\" data-e-type=\"widget\" data-settings=\"{&quot;highlighted_text&quot;:&quot;J\\u00f6rdiz&quot;,&quot;headline_style&quot;:&quot;highlight&quot;,&quot;marker&quot;:&quot;circle&quot;,&quot;loop&quot;:&quot;yes&quot;,&quot;highlight_animation_duration&quot;:1200,&quot;highlight_iteration_delay&quot;:8000}\" data-widget_type=\"animated-headline.default\">\n\t\t\t\t<div class=\"elementor-widget-container\">\n\t\t\t\t\t\t\t<h3 class=\"elementor-headline\">\n\t\t\t\t\t<span class=\"elementor-headline-plain-text elementor-headline-text-wrapper\">Vallhunden<\/span>\n\t\t\t\t<span class=\"elementor-headline-dynamic-wrapper elementor-headline-text-wrapper\">\n\t\t\t\t\t<span class=\"elementor-headline-dynamic-text elementor-headline-text-active\">J\u00f6rdiz<\/span>\n\t\t\t\t<\/span>\n\t\t\t\t<\/h3>\n\t\t\t\t\t\t<\/div>\n\t\t\t\t<\/div>\n\t\t\t\t\t<\/div>\n\t\t<\/div>\n\t\t\t\t\t<\/div>\n\t\t<\/section>\n\t\t\t\t<section class=\"elementor-section elementor-top-section elementor-element elementor-element-bfb9c75 elementor-section-boxed elementor-section-height-default elementor-section-height-default\" data-id=\"bfb9c75\" data-element_type=\"section\" data-e-type=\"section\">\n\t\t\t\t\t\t<div class=\"elementor-container elementor-column-gap-wider\">\n\t\t\t\t\t<div class=\"elementor-column elementor-col-50 elementor-top-column elementor-element elementor-element-8c2a917\" data-id=\"8c2a917\" data-element_type=\"column\" data-e-type=\"column\">\n\t\t\t<div class=\"elementor-widget-wrap elementor-element-populated\">\n\t\t\t\t\t\t<div class=\"elementor-element elementor-element-150a8e4 elementor-widget elementor-widget-image\" data-id=\"150a8e4\" data-element_type=\"widget\" data-e-type=\"widget\" data-widget_type=\"image.default\">\n\t\t\t\t<div class=\"elementor-widget-container\">\n\t\t\t\t\t\t\t\t\t\t\t\t\t\t\t<img fetchpriority=\"high\" decoding=\"async\" width=\"768\" height=\"520\" src=\"https:\/\/lotuseducation.se\/wp-content\/uploads\/2024\/03\/Skarmavbild-2024-03-23-kl.-09.27.56-768x520.png\" class=\"attachment-medium_large size-medium_large wp-image-12591\" alt=\"\" srcset=\"https:\/\/lotuseducation.se\/wp-content\/uploads\/2024\/03\/Skarmavbild-2024-03-23-kl.-09.27.56-768x520.png 768w, https:\/\/lotuseducation.se\/wp-content\/uploads\/2024\/03\/Skarmavbild-2024-03-23-kl.-09.27.56-300x203.png 300w, https:\/\/lotuseducation.se\/wp-content\/uploads\/2024\/03\/Skarmavbild-2024-03-23-kl.-09.27.56-1024x693.png 1024w, https:\/\/lotuseducation.se\/wp-content\/uploads\/2024\/03\/Skarmavbild-2024-03-23-kl.-09.27.56-1536x1039.png 1536w, https:\/\/lotuseducation.se\/wp-content\/uploads\/2024\/03\/Skarmavbild-2024-03-23-kl.-09.27.56-2048x1386.png 2048w, https:\/\/lotuseducation.se\/wp-content\/uploads\/2024\/03\/Skarmavbild-2024-03-23-kl.-09.27.56-18x12.png 18w\" sizes=\"(max-width: 768px) 100vw, 768px\" \/>\t\t\t\t\t\t\t\t\t\t\t\t\t\t\t<\/div>\n\t\t\t\t<\/div>\n\t\t\t\t<div class=\"elementor-element elementor-element-abe5d66 elementor-widget elementor-widget-heading\" data-id=\"abe5d66\" data-element_type=\"widget\" data-e-type=\"widget\" data-widget_type=\"heading.default\">\n\t\t\t\t<div class=\"elementor-widget-container\">\n\t\t\t\t\t<h2 class=\"elementor-heading-title elementor-size-default\">Information<\/h2>\t\t\t\t<\/div>\n\t\t\t\t<\/div>\n\t\t\t\t<div class=\"elementor-element elementor-element-f878248 elementor-icon-list--layout-traditional elementor-list-item-link-full_width elementor-widget elementor-widget-icon-list\" data-id=\"f878248\" data-element_type=\"widget\" data-e-type=\"widget\" data-widget_type=\"icon-list.default\">\n\t\t\t\t<div class=\"elementor-widget-container\">\n\t\t\t\t\t\t\t<ul class=\"elementor-icon-list-items\">\n\t\t\t\t\t\t\t<li class=\"elementor-icon-list-item\">\n\t\t\t\t\t\t\t\t\t\t\t<span class=\"elementor-icon-list-icon\">\n\t\t\t\t\t\t\t<i aria-hidden=\"true\" class=\"fas fa-birthday-cake\"><\/i>\t\t\t\t\t\t<\/span>\n\t\t\t\t\t\t\t\t\t\t<span class=\"elementor-icon-list-text\">2023-01-10<\/span>\n\t\t\t\t\t\t\t\t\t<\/li>\n\t\t\t\t\t\t\t\t<li class=\"elementor-icon-list-item\">\n\t\t\t\t\t\t\t\t\t\t\t<span class=\"elementor-icon-list-icon\">\n\t\t\t\t\t\t\t<i aria-hidden=\"true\" class=\"fas fa-female\"><\/i>\t\t\t\t\t\t<\/span>\n\t\t\t\t\t\t\t\t\t\t<span class=\"elementor-icon-list-text\">Tik<\/span>\n\t\t\t\t\t\t\t\t\t<\/li>\n\t\t\t\t\t\t\t\t<li class=\"elementor-icon-list-item\">\n\t\t\t\t\t\t\t\t\t\t\t<span class=\"elementor-icon-list-icon\">\n\t\t\t\t\t\t\t<i aria-hidden=\"true\" class=\"fas fa-heading\"><\/i>\t\t\t\t\t\t<\/span>\n\t\t\t\t\t\t\t\t\t\t<span class=\"elementor-icon-list-text\">A-h\u00f6fter<\/span>\n\t\t\t\t\t\t\t\t\t<\/li>\n\t\t\t\t\t\t\t\t<li class=\"elementor-icon-list-item\">\n\t\t\t\t\t\t\t\t\t\t\t<a href=\"https:\/\/vallreg.se\/dog\/213768\/pedigree\">\n\n\t\t\t\t\t\t\t\t\t\t\t\t<span class=\"elementor-icon-list-icon\">\n\t\t\t\t\t\t\t<i aria-hidden=\"true\" class=\"fas fa-link\"><\/i>\t\t\t\t\t\t<\/span>\n\t\t\t\t\t\t\t\t\t\t<span class=\"elementor-icon-list-text\">Stamtavla<\/span>\n\t\t\t\t\t\t\t\t\t\t\t<\/a>\n\t\t\t\t\t\t\t\t\t<\/li>\n\t\t\t\t\t\t<\/ul>\n\t\t\t\t\t\t<\/div>\n\t\t\t\t<\/div>\n\t\t\t\t\t<\/div>\n\t\t<\/div>\n\t\t\t\t<div class=\"elementor-column elementor-col-50 elementor-top-column elementor-element elementor-element-80ecbfa\" data-id=\"80ecbfa\" data-element_type=\"column\" data-e-type=\"column\">\n\t\t\t<div class=\"elementor-widget-wrap elementor-element-populated\">\n\t\t\t\t\t\t<div class=\"elementor-element elementor-element-b584a79 elementor-widget elementor-widget-heading\" data-id=\"b584a79\" data-element_type=\"widget\" data-e-type=\"widget\" data-widget_type=\"heading.default\">\n\t\t\t\t<div class=\"elementor-widget-container\">\n\t\t\t\t\t<h2 class=\"elementor-heading-title elementor-size-default\">Meriter<\/h2>\t\t\t\t<\/div>\n\t\t\t\t<\/div>\n\t\t\t\t<div class=\"elementor-element elementor-element-98d51b5 elementor-icon-list--layout-traditional elementor-list-item-link-full_width elementor-widget elementor-widget-icon-list\" data-id=\"98d51b5\" data-element_type=\"widget\" data-e-type=\"widget\" data-widget_type=\"icon-list.default\">\n\t\t\t\t<div class=\"elementor-widget-container\">\n\t\t\t\t\t\t\t<ul class=\"elementor-icon-list-items\">\n\t\t\t\t\t\t\t<li class=\"elementor-icon-list-item\">\n\t\t\t\t\t\t\t\t\t\t\t<span class=\"elementor-icon-list-icon\">\n\t\t\t\t\t\t\t<i aria-hidden=\"true\" class=\"fas fa-star\"><\/i>\t\t\t\t\t\t<\/span>\n\t\t\t\t\t\t\t\t\t\t<span class=\"elementor-icon-list-text\">In progress..<\/span>\n\t\t\t\t\t\t\t\t\t<\/li>\n\t\t\t\t\t\t<\/ul>\n\t\t\t\t\t\t<\/div>\n\t\t\t\t<\/div>\n\t\t\t\t<div class=\"elementor-element elementor-element-7173aff elementor-widget elementor-widget-text-editor\" data-id=\"7173aff\" data-element_type=\"widget\" data-e-type=\"widget\" data-widget_type=\"text-editor.default\">\n\t\t\t\t<div class=\"elementor-widget-container\">\n\t\t\t\t\t\t\t\t\t<p>Om du \u00e4r intresserad s\u00e5 finns\u00a0 J\u00f6rdiz tr\u00e4ning fr\u00e5n valp till t\u00e4vlinghund som hittar du J\u00f6rdiz Follow J\u00f6rdiz part 1-3 <a href=\"https:\/\/lotuseducation.se\/en\/shop\/\">h\u00e4r<\/a><\/p>\t\t\t\t\t\t\t\t<\/div>\n\t\t\t\t<\/div>\n\t\t\t\t\t<\/div>\n\t\t<\/div>\n\t\t\t\t\t<\/div>\n\t\t<\/section>\n\t\t\t\t<section class=\"elementor-section elementor-top-section elementor-element elementor-element-ead019f elementor-section-boxed elementor-section-height-default elementor-section-height-default\" data-id=\"ead019f\" data-element_type=\"section\" data-e-type=\"section\">\n\t\t\t\t\t\t<div class=\"elementor-container elementor-column-gap-default\">\n\t\t\t\t\t<div class=\"elementor-column elementor-col-100 elementor-top-column elementor-element elementor-element-d9c6c81\" data-id=\"d9c6c81\" data-element_type=\"column\" data-e-type=\"column\">\n\t\t\t<div class=\"elementor-widget-wrap elementor-element-populated\">\n\t\t\t\t\t\t<div class=\"elementor-element elementor-element-a78fb92 elementor-widget elementor-widget-heading\" data-id=\"a78fb92\" data-element_type=\"widget\" data-e-type=\"widget\" data-widget_type=\"heading.default\">\n\t\t\t\t<div class=\"elementor-widget-container\">\n\t\t\t\t\t<h2 class=\"elementor-heading-title elementor-size-default\">About<\/h2>\t\t\t\t<\/div>\n\t\t\t\t<\/div>\n\t\t\t\t<div class=\"elementor-element elementor-element-6473e43 elementor-widget elementor-widget-text-editor\" data-id=\"6473e43\" data-element_type=\"widget\" data-e-type=\"widget\" data-widget_type=\"text-editor.default\">\n\t\t\t\t<div class=\"elementor-widget-container\">\n\t\t\t\t\t\t\t\t\t<p>\u00a0J\u00f6rdiz information kommer&#8230;\u00a0<\/p>\t\t\t\t\t\t\t\t<\/div>\n\t\t\t\t<\/div>\n\t\t\t\t<div class=\"elementor-element elementor-element-08dba59 elementor-widget elementor-widget-spacer\" data-id=\"08dba59\" data-element_type=\"widget\" data-e-type=\"widget\" data-widget_type=\"spacer.default\">\n\t\t\t\t<div class=\"elementor-widget-container\">\n\t\t\t\t\t\t\t<div class=\"elementor-spacer\">\n\t\t\t<div class=\"elementor-spacer-inner\"><\/div>\n\t\t<\/div>\n\t\t\t\t\t\t<\/div>\n\t\t\t\t<\/div>\n\t\t\t\t<div class=\"elementor-element elementor-element-fbf90d2 elementor-widget elementor-widget-gallery\" data-id=\"fbf90d2\" data-element_type=\"widget\" data-e-type=\"widget\" data-settings=\"{&quot;columns&quot;:5,&quot;gap&quot;:{&quot;unit&quot;:&quot;px&quot;,&quot;size&quot;:15,&quot;sizes&quot;:[]},&quot;lazyload&quot;:&quot;yes&quot;,&quot;gallery_layout&quot;:&quot;grid&quot;,&quot;columns_tablet&quot;:2,&quot;columns_mobile&quot;:1,&quot;gap_tablet&quot;:{&quot;unit&quot;:&quot;px&quot;,&quot;size&quot;:10,&quot;sizes&quot;:[]},&quot;gap_mobile&quot;:{&quot;unit&quot;:&quot;px&quot;,&quot;size&quot;:10,&quot;sizes&quot;:[]},&quot;link_to&quot;:&quot;file&quot;,&quot;aspect_ratio&quot;:&quot;3:2&quot;,&quot;overlay_background&quot;:&quot;yes&quot;,&quot;content_hover_animation&quot;:&quot;fade-in&quot;}\" data-widget_type=\"gallery.default\">\n\t\t\t\t<div class=\"elementor-widget-container\">\n\t\t\t\t\t\t\t<div class=\"elementor-gallery__container\">\n\t\t\t\t\t\t\t<a class=\"e-gallery-item elementor-gallery-item elementor-animated-content\" href=\"https:\/\/lotuseducation.se\/wp-content\/uploads\/2024\/03\/IMG_9359-scaled.jpg\" data-elementor-open-lightbox=\"yes\" data-elementor-lightbox-slideshow=\"fbf90d2\" data-elementor-lightbox-title=\"IMG_9359\" data-e-action-hash=\"#elementor-action%3Aaction%3Dlightbox%26settings%3DeyJpZCI6MTI1ODQsInVybCI6Imh0dHBzOlwvXC9sb3R1c2VkdWNhdGlvbi5zZVwvd3AtY29udGVudFwvdXBsb2Fkc1wvMjAyNFwvMDNcL0lNR185MzU5LXNjYWxlZC5qcGciLCJzbGlkZXNob3ciOiJmYmY5MGQyIn0%3D\">\n\t\t\t\t\t<div class=\"e-gallery-image elementor-gallery-item__image\" data-thumbnail=\"https:\/\/lotuseducation.se\/wp-content\/uploads\/2024\/03\/IMG_9359-300x205.jpg\" data-width=\"300\" data-height=\"205\" aria-label=\"\" role=\"img\" ><\/div>\n\t\t\t\t\t\t\t\t\t\t\t<div class=\"elementor-gallery-item__overlay\"><\/div>\n\t\t\t\t\t\t\t\t\t\t\t\t\t\t<\/a>\n\t\t\t\t\t\t\t<a class=\"e-gallery-item elementor-gallery-item elementor-animated-content\" href=\"https:\/\/lotuseducation.se\/wp-content\/uploads\/2024\/03\/Skarmavbild-2024-03-23-kl.-09.25.53.png\" data-elementor-open-lightbox=\"yes\" data-elementor-lightbox-slideshow=\"fbf90d2\" data-elementor-lightbox-title=\"Sk\u00e4rmavbild 2024-03-23 kl. 09.25.53\" data-e-action-hash=\"#elementor-action%3Aaction%3Dlightbox%26settings%3DeyJpZCI6MTI1ODgsInVybCI6Imh0dHBzOlwvXC9sb3R1c2VkdWNhdGlvbi5zZVwvd3AtY29udGVudFwvdXBsb2Fkc1wvMjAyNFwvMDNcL1NrYXJtYXZiaWxkLTIwMjQtMDMtMjMta2wuLTA5LjI1LjUzLnBuZyIsInNsaWRlc2hvdyI6ImZiZjkwZDIifQ%3D%3D\">\n\t\t\t\t\t<div class=\"e-gallery-image elementor-gallery-item__image\" data-thumbnail=\"https:\/\/lotuseducation.se\/wp-content\/uploads\/2024\/03\/Skarmavbild-2024-03-23-kl.-09.25.53-300x198.png\" data-width=\"300\" data-height=\"198\" aria-label=\"\" role=\"img\" ><\/div>\n\t\t\t\t\t\t\t\t\t\t\t<div class=\"elementor-gallery-item__overlay\"><\/div>\n\t\t\t\t\t\t\t\t\t\t\t\t\t\t<\/a>\n\t\t\t\t\t\t\t<a class=\"e-gallery-item elementor-gallery-item elementor-animated-content\" href=\"https:\/\/lotuseducation.se\/wp-content\/uploads\/2024\/03\/Skarmavbild-2024-03-23-kl.-09.30.44.png\" data-elementor-open-lightbox=\"yes\" data-elementor-lightbox-slideshow=\"fbf90d2\" data-elementor-lightbox-title=\"Sk\u00e4rmavbild 2024-03-23 kl. 09.30.44\" data-e-action-hash=\"#elementor-action%3Aaction%3Dlightbox%26settings%3DeyJpZCI6MTI1OTMsInVybCI6Imh0dHBzOlwvXC9sb3R1c2VkdWNhdGlvbi5zZVwvd3AtY29udGVudFwvdXBsb2Fkc1wvMjAyNFwvMDNcL1NrYXJtYXZiaWxkLTIwMjQtMDMtMjMta2wuLTA5LjMwLjQ0LnBuZyIsInNsaWRlc2hvdyI6ImZiZjkwZDIifQ%3D%3D\">\n\t\t\t\t\t<div class=\"e-gallery-image elementor-gallery-item__image\" data-thumbnail=\"https:\/\/lotuseducation.se\/wp-content\/uploads\/2024\/03\/Skarmavbild-2024-03-23-kl.-09.30.44-300x275.png\" data-width=\"300\" data-height=\"275\" aria-label=\"\" role=\"img\" ><\/div>\n\t\t\t\t\t\t\t\t\t\t\t<div class=\"elementor-gallery-item__overlay\"><\/div>\n\t\t\t\t\t\t\t\t\t\t\t\t\t\t<\/a>\n\t\t\t\t\t\t\t<a class=\"e-gallery-item elementor-gallery-item elementor-animated-content\" href=\"https:\/\/lotuseducation.se\/wp-content\/uploads\/2025\/01\/C75FEC06-A722-4AAE-A73F-D385F46D644F_1_105_c.jpeg\" data-elementor-open-lightbox=\"yes\" data-elementor-lightbox-slideshow=\"fbf90d2\" data-elementor-lightbox-title=\"C75FEC06-A722-4AAE-A73F-D385F46D644F_1_105_c\" data-e-action-hash=\"#elementor-action%3Aaction%3Dlightbox%26settings%3DeyJpZCI6MTI3MDgsInVybCI6Imh0dHBzOlwvXC9sb3R1c2VkdWNhdGlvbi5zZVwvd3AtY29udGVudFwvdXBsb2Fkc1wvMjAyNVwvMDFcL0M3NUZFQzA2LUE3MjItNEFBRS1BNzNGLUQzODVGNDZENjQ0Rl8xXzEwNV9jLmpwZWciLCJzbGlkZXNob3ciOiJmYmY5MGQyIn0%3D\">\n\t\t\t\t\t<div class=\"e-gallery-image elementor-gallery-item__image\" data-thumbnail=\"https:\/\/lotuseducation.se\/wp-content\/uploads\/2025\/01\/C75FEC06-A722-4AAE-A73F-D385F46D644F_1_105_c-300x150.jpeg\" data-width=\"300\" data-height=\"150\" aria-label=\"\" role=\"img\" ><\/div>\n\t\t\t\t\t\t\t\t\t\t\t<div class=\"elementor-gallery-item__overlay\"><\/div>\n\t\t\t\t\t\t\t\t\t\t\t\t\t\t<\/a>\n\t\t\t\t\t\t\t<a class=\"e-gallery-item elementor-gallery-item elementor-animated-content\" href=\"https:\/\/lotuseducation.se\/wp-content\/uploads\/2025\/01\/38086C5A-3416-4012-8700-BBB053A8AC26-scaled.jpeg\" data-elementor-open-lightbox=\"yes\" data-elementor-lightbox-slideshow=\"fbf90d2\" data-elementor-lightbox-title=\"38086C5A-3416-4012-8700-BBB053A8AC26\" data-e-action-hash=\"#elementor-action%3Aaction%3Dlightbox%26settings%3DeyJpZCI6MTI3MDcsInVybCI6Imh0dHBzOlwvXC9sb3R1c2VkdWNhdGlvbi5zZVwvd3AtY29udGVudFwvdXBsb2Fkc1wvMjAyNVwvMDFcLzM4MDg2QzVBLTM0MTYtNDAxMi04NzAwLUJCQjA1M0E4QUMyNi1zY2FsZWQuanBlZyIsInNsaWRlc2hvdyI6ImZiZjkwZDIifQ%3D%3D\">\n\t\t\t\t\t<div class=\"e-gallery-image elementor-gallery-item__image\" data-thumbnail=\"https:\/\/lotuseducation.se\/wp-content\/uploads\/2025\/01\/38086C5A-3416-4012-8700-BBB053A8AC26-300x214.jpeg\" data-width=\"300\" data-height=\"214\" aria-label=\"\" role=\"img\" ><\/div>\n\t\t\t\t\t\t\t\t\t\t\t<div class=\"elementor-gallery-item__overlay\"><\/div>\n\t\t\t\t\t\t\t\t\t\t\t\t\t\t<\/a>\n\t\t\t\t\t\t\t<a class=\"e-gallery-item elementor-gallery-item elementor-animated-content\" href=\"https:\/\/lotuseducation.se\/wp-content\/uploads\/2024\/03\/Skarmavbild-2024-03-23-kl.-09.27.41.png\" data-elementor-open-lightbox=\"yes\" data-elementor-lightbox-slideshow=\"fbf90d2\" data-elementor-lightbox-title=\"Sk\u00e4rmavbild 2024-03-23 kl. 09.27.41\" data-e-action-hash=\"#elementor-action%3Aaction%3Dlightbox%26settings%3DeyJpZCI6MTI1OTAsInVybCI6Imh0dHBzOlwvXC9sb3R1c2VkdWNhdGlvbi5zZVwvd3AtY29udGVudFwvdXBsb2Fkc1wvMjAyNFwvMDNcL1NrYXJtYXZiaWxkLTIwMjQtMDMtMjMta2wuLTA5LjI3LjQxLnBuZyIsInNsaWRlc2hvdyI6ImZiZjkwZDIifQ%3D%3D\">\n\t\t\t\t\t<div class=\"e-gallery-image elementor-gallery-item__image\" data-thumbnail=\"https:\/\/lotuseducation.se\/wp-content\/uploads\/2024\/03\/Skarmavbild-2024-03-23-kl.-09.27.41-300x200.png\" data-width=\"300\" data-height=\"200\" aria-label=\"\" role=\"img\" ><\/div>\n\t\t\t\t\t\t\t\t\t\t\t<div class=\"elementor-gallery-item__overlay\"><\/div>\n\t\t\t\t\t\t\t\t\t\t\t\t\t\t<\/a>\n\t\t\t\t\t\t\t<a class=\"e-gallery-item elementor-gallery-item elementor-animated-content\" href=\"https:\/\/lotuseducation.se\/wp-content\/uploads\/2025\/01\/E7614ACC-D4AF-449F-922F-446F964BEE22_1_105_c.jpeg\" data-elementor-open-lightbox=\"yes\" data-elementor-lightbox-slideshow=\"fbf90d2\" data-elementor-lightbox-title=\"E7614ACC-D4AF-449F-922F-446F964BEE22_1_105_c\" data-e-action-hash=\"#elementor-action%3Aaction%3Dlightbox%26settings%3DeyJpZCI6MTI3MDksInVybCI6Imh0dHBzOlwvXC9sb3R1c2VkdWNhdGlvbi5zZVwvd3AtY29udGVudFwvdXBsb2Fkc1wvMjAyNVwvMDFcL0U3NjE0QUNDLUQ0QUYtNDQ5Ri05MjJGLTQ0NkY5NjRCRUUyMl8xXzEwNV9jLmpwZWciLCJzbGlkZXNob3ciOiJmYmY5MGQyIn0%3D\">\n\t\t\t\t\t<div class=\"e-gallery-image elementor-gallery-item__image\" data-thumbnail=\"https:\/\/lotuseducation.se\/wp-content\/uploads\/2025\/01\/E7614ACC-D4AF-449F-922F-446F964BEE22_1_105_c-200x300.jpeg\" data-width=\"200\" data-height=\"300\" aria-label=\"\" role=\"img\" ><\/div>\n\t\t\t\t\t\t\t\t\t\t\t<div class=\"elementor-gallery-item__overlay\"><\/div>\n\t\t\t\t\t\t\t\t\t\t\t\t\t\t<\/a>\n\t\t\t\t\t\t\t<a class=\"e-gallery-item elementor-gallery-item elementor-animated-content\" href=\"https:\/\/lotuseducation.se\/wp-content\/uploads\/2023\/09\/20230916-Hassleholm-Jordiz-FotoMartinRimby-024-scaled.jpg\" data-elementor-open-lightbox=\"yes\" data-elementor-lightbox-slideshow=\"fbf90d2\" data-elementor-lightbox-title=\"20230916 H\u00e4ssleholm J\u00f6rdiz FotoMartinRimby-024\" data-e-action-hash=\"#elementor-action%3Aaction%3Dlightbox%26settings%3DeyJpZCI6MTI0MTAsInVybCI6Imh0dHBzOlwvXC9sb3R1c2VkdWNhdGlvbi5zZVwvd3AtY29udGVudFwvdXBsb2Fkc1wvMjAyM1wvMDlcLzIwMjMwOTE2LUhhc3NsZWhvbG0tSm9yZGl6LUZvdG9NYXJ0aW5SaW1ieS0wMjQtc2NhbGVkLmpwZyIsInNsaWRlc2hvdyI6ImZiZjkwZDIifQ%3D%3D\">\n\t\t\t\t\t<div class=\"e-gallery-image elementor-gallery-item__image\" data-thumbnail=\"https:\/\/lotuseducation.se\/wp-content\/uploads\/2023\/09\/20230916-Hassleholm-Jordiz-FotoMartinRimby-024-300x200.jpg\" data-width=\"300\" data-height=\"200\" aria-label=\"\" role=\"img\" ><\/div>\n\t\t\t\t\t\t\t\t\t\t\t<div class=\"elementor-gallery-item__overlay\"><\/div>\n\t\t\t\t\t\t\t\t\t\t\t\t\t\t<\/a>\n\t\t\t\t\t\t\t<a class=\"e-gallery-item elementor-gallery-item elementor-animated-content\" href=\"https:\/\/lotuseducation.se\/wp-content\/uploads\/2023\/09\/20230916-Hassleholm-Jordiz-FotoMartinRimby-040-scaled.jpg\" data-elementor-open-lightbox=\"yes\" data-elementor-lightbox-slideshow=\"fbf90d2\" data-elementor-lightbox-title=\"20230916 H\u00e4ssleholm J\u00f6rdiz FotoMartinRimby-040\" data-e-action-hash=\"#elementor-action%3Aaction%3Dlightbox%26settings%3DeyJpZCI6MTI0MTUsInVybCI6Imh0dHBzOlwvXC9sb3R1c2VkdWNhdGlvbi5zZVwvd3AtY29udGVudFwvdXBsb2Fkc1wvMjAyM1wvMDlcLzIwMjMwOTE2LUhhc3NsZWhvbG0tSm9yZGl6LUZvdG9NYXJ0aW5SaW1ieS0wNDAtc2NhbGVkLmpwZyIsInNsaWRlc2hvdyI6ImZiZjkwZDIifQ%3D%3D\">\n\t\t\t\t\t<div class=\"e-gallery-image elementor-gallery-item__image\" data-thumbnail=\"https:\/\/lotuseducation.se\/wp-content\/uploads\/2023\/09\/20230916-Hassleholm-Jordiz-FotoMartinRimby-040-300x200.jpg\" data-width=\"300\" data-height=\"200\" aria-label=\"\" role=\"img\" ><\/div>\n\t\t\t\t\t\t\t\t\t\t\t<div class=\"elementor-gallery-item__overlay\"><\/div>\n\t\t\t\t\t\t\t\t\t\t\t\t\t\t<\/a>\n\t\t\t\t\t\t\t<a class=\"e-gallery-item elementor-gallery-item elementor-animated-content\" href=\"https:\/\/lotuseducation.se\/wp-content\/uploads\/2023\/09\/20230916-Hassleholm-Jordiz-FotoMartinRimby-054-scaled.jpg\" data-elementor-open-lightbox=\"yes\" data-elementor-lightbox-slideshow=\"fbf90d2\" data-elementor-lightbox-title=\"20230916 H\u00e4ssleholm J\u00f6rdiz FotoMartinRimby-054\" data-e-action-hash=\"#elementor-action%3Aaction%3Dlightbox%26settings%3DeyJpZCI6MTI0MTksInVybCI6Imh0dHBzOlwvXC9sb3R1c2VkdWNhdGlvbi5zZVwvd3AtY29udGVudFwvdXBsb2Fkc1wvMjAyM1wvMDlcLzIwMjMwOTE2LUhhc3NsZWhvbG0tSm9yZGl6LUZvdG9NYXJ0aW5SaW1ieS0wNTQtc2NhbGVkLmpwZyIsInNsaWRlc2hvdyI6ImZiZjkwZDIifQ%3D%3D\">\n\t\t\t\t\t<div class=\"e-gallery-image elementor-gallery-item__image\" data-thumbnail=\"https:\/\/lotuseducation.se\/wp-content\/uploads\/2023\/09\/20230916-Hassleholm-Jordiz-FotoMartinRimby-054-300x200.jpg\" data-width=\"300\" data-height=\"200\" aria-label=\"\" role=\"img\" ><\/div>\n\t\t\t\t\t\t\t\t\t\t\t<div class=\"elementor-gallery-item__overlay\"><\/div>\n\t\t\t\t\t\t\t\t\t\t\t\t\t\t<\/a>\n\t\t\t\t\t\t\t<a class=\"e-gallery-item elementor-gallery-item elementor-animated-content\" href=\"https:\/\/lotuseducation.se\/wp-content\/uploads\/2023\/09\/20230916-Hassleholm-Jordiz-FotoMartinRimby-058-scaled.jpg\" data-elementor-open-lightbox=\"yes\" data-elementor-lightbox-slideshow=\"fbf90d2\" data-elementor-lightbox-title=\"20230916 H\u00e4ssleholm J\u00f6rdiz FotoMartinRimby-058\" data-e-action-hash=\"#elementor-action%3Aaction%3Dlightbox%26settings%3DeyJpZCI6MTI0MjAsInVybCI6Imh0dHBzOlwvXC9sb3R1c2VkdWNhdGlvbi5zZVwvd3AtY29udGVudFwvdXBsb2Fkc1wvMjAyM1wvMDlcLzIwMjMwOTE2LUhhc3NsZWhvbG0tSm9yZGl6LUZvdG9NYXJ0aW5SaW1ieS0wNTgtc2NhbGVkLmpwZyIsInNsaWRlc2hvdyI6ImZiZjkwZDIifQ%3D%3D\">\n\t\t\t\t\t<div class=\"e-gallery-image elementor-gallery-item__image\" data-thumbnail=\"https:\/\/lotuseducation.se\/wp-content\/uploads\/2023\/09\/20230916-Hassleholm-Jordiz-FotoMartinRimby-058-300x200.jpg\" data-width=\"300\" data-height=\"200\" aria-label=\"\" role=\"img\" ><\/div>\n\t\t\t\t\t\t\t\t\t\t\t<div class=\"elementor-gallery-item__overlay\"><\/div>\n\t\t\t\t\t\t\t\t\t\t\t\t\t\t<\/a>\n\t\t\t\t\t<\/div>\n\t\t\t\t\t<\/div>\n\t\t\t\t<\/div>\n\t\t\t\t\t<\/div>\n\t\t<\/div>\n\t\t\t\t\t<\/div>\n\t\t<\/section>\n\t\t\t\t<\/div>","protected":false},"excerpt":{"rendered":"<p>Vallhunden J\u00f6rdiz Information 2023-01-10 Tik A-h\u00f6fter Stamtavla Meriter In progress.. Om du \u00e4r intresserad s\u00e5 finns\u00a0 J\u00f6rdiz tr\u00e4ning fr\u00e5n valp till t\u00e4vlinghund som hittar du J\u00f6rdiz Follow J\u00f6rdiz part 1-3 h\u00e4r Om \u00a0J\u00f6rdiz information kommer&#8230;\u00a0<\/p>","protected":false},"author":1,"featured_media":0,"parent":173,"menu_order":0,"comment_status":"closed","ping_status":"closed","template":"","meta":{"footnotes":""},"class_list":["post-12679","page","type-page","status-publish","hentry"],"_links":{"self":[{"href":"https:\/\/lotuseducation.se\/en\/wp-json\/wp\/v2\/pages\/12679","targetHints":{"allow":["GET"]}}],"collection":[{"href":"https:\/\/lotuseducation.se\/en\/wp-json\/wp\/v2\/pages"}],"about":[{"href":"https:\/\/lotuseducation.se\/en\/wp-json\/wp\/v2\/types\/page"}],"author":[{"embeddable":true,"href":"https:\/\/lotuseducation.se\/en\/wp-json\/wp\/v2\/users\/1"}],"replies":[{"embeddable":true,"href":"https:\/\/lotuseducation.se\/en\/wp-json\/wp\/v2\/comments?post=12679"}],"version-history":[{"count":11,"href":"https:\/\/lotuseducation.se\/en\/wp-json\/wp\/v2\/pages\/12679\/revisions"}],"predecessor-version":[{"id":12715,"href":"https:\/\/lotuseducation.se\/en\/wp-json\/wp\/v2\/pages\/12679\/revisions\/12715"}],"up":[{"embeddable":true,"href":"https:\/\/lotuseducation.se\/en\/wp-json\/wp\/v2\/pages\/173"}],"wp:attachment":[{"href":"https:\/\/lotuseducation.se\/en\/wp-json\/wp\/v2\/media?parent=12679"}],"curies":[{"name":"wp","href":"https:\/\/api.w.org\/{rel}","templated":true}]}}