{"id":12685,"date":"2025-01-04T12:01:40","date_gmt":"2025-01-04T11:01:40","guid":{"rendered":"https:\/\/lotuseducation.se\/?page_id=12685"},"modified":"2025-01-11T10:12:23","modified_gmt":"2025-01-11T09:12:23","slug":"nordicpawsaguzta","status":"publish","type":"page","link":"https:\/\/lotuseducation.se\/en\/om\/vara-hundar\/nordicpawsaguzta\/","title":{"rendered":"Nordic Paws Aguzta"},"content":{"rendered":"<div data-elementor-type=\"wp-page\" data-elementor-id=\"12685\" class=\"elementor elementor-12685\" data-elementor-post-type=\"page\">\n\t\t\t\t\t\t<section class=\"elementor-section elementor-top-section elementor-element elementor-element-c123519 elementor-section-boxed elementor-section-height-default elementor-section-height-default\" data-id=\"c123519\" data-element_type=\"section\" data-e-type=\"section\">\n\t\t\t\t\t\t<div class=\"elementor-container elementor-column-gap-default\">\n\t\t\t\t\t<div class=\"elementor-column elementor-col-100 elementor-top-column elementor-element elementor-element-b5cd55d\" data-id=\"b5cd55d\" data-element_type=\"column\" data-e-type=\"column\">\n\t\t\t<div class=\"elementor-widget-wrap\">\n\t\t\t\t\t\t\t<\/div>\n\t\t<\/div>\n\t\t\t\t\t<\/div>\n\t\t<\/section>\n\t\t\t\t<section class=\"elementor-section elementor-top-section elementor-element elementor-element-f1999b4 elementor-section-boxed elementor-section-height-default elementor-section-height-default\" data-id=\"f1999b4\" data-element_type=\"section\" data-e-type=\"section\">\n\t\t\t\t\t\t<div class=\"elementor-container elementor-column-gap-default\">\n\t\t\t\t\t<div class=\"elementor-column elementor-col-100 elementor-top-column elementor-element elementor-element-b891a75\" data-id=\"b891a75\" data-element_type=\"column\" data-e-type=\"column\">\n\t\t\t<div class=\"elementor-widget-wrap\">\n\t\t\t\t\t\t\t<\/div>\n\t\t<\/div>\n\t\t\t\t\t<\/div>\n\t\t<\/section>\n\t\t\t\t<section class=\"elementor-section elementor-top-section elementor-element elementor-element-cad798a elementor-section-boxed elementor-section-height-default elementor-section-height-default\" data-id=\"cad798a\" data-element_type=\"section\" data-e-type=\"section\">\n\t\t\t\t\t\t<div class=\"elementor-container elementor-column-gap-default\">\n\t\t\t\t\t<div class=\"elementor-column elementor-col-100 elementor-top-column elementor-element elementor-element-df3cae6\" data-id=\"df3cae6\" data-element_type=\"column\" data-e-type=\"column\">\n\t\t\t<div class=\"elementor-widget-wrap elementor-element-populated\">\n\t\t\t\t\t\t<div class=\"elementor-element elementor-element-a79f54a elementor-widget elementor-widget-spacer\" data-id=\"a79f54a\" data-element_type=\"widget\" data-e-type=\"widget\" data-widget_type=\"spacer.default\">\n\t\t\t\t<div class=\"elementor-widget-container\">\n\t\t\t\t\t\t\t<div class=\"elementor-spacer\">\n\t\t\t<div class=\"elementor-spacer-inner\"><\/div>\n\t\t<\/div>\n\t\t\t\t\t\t<\/div>\n\t\t\t\t<\/div>\n\t\t\t\t\t<\/div>\n\t\t<\/div>\n\t\t\t\t\t<\/div>\n\t\t<\/section>\n\t\t\t\t<section class=\"elementor-section elementor-top-section elementor-element elementor-element-7f5f731 elementor-section-boxed elementor-section-height-default elementor-section-height-default\" data-id=\"7f5f731\" data-element_type=\"section\" data-e-type=\"section\">\n\t\t\t\t\t\t<div class=\"elementor-container elementor-column-gap-default\">\n\t\t\t\t\t<div class=\"elementor-column elementor-col-100 elementor-top-column elementor-element elementor-element-56d2733\" data-id=\"56d2733\" data-element_type=\"column\" data-e-type=\"column\">\n\t\t\t<div class=\"elementor-widget-wrap elementor-element-populated\">\n\t\t\t\t\t\t<div class=\"elementor-element elementor-element-b2ca533 elementor-widget elementor-widget-spacer\" data-id=\"b2ca533\" data-element_type=\"widget\" data-e-type=\"widget\" data-widget_type=\"spacer.default\">\n\t\t\t\t<div class=\"elementor-widget-container\">\n\t\t\t\t\t\t\t<div class=\"elementor-spacer\">\n\t\t\t<div class=\"elementor-spacer-inner\"><\/div>\n\t\t<\/div>\n\t\t\t\t\t\t<\/div>\n\t\t\t\t<\/div>\n\t\t\t\t<div class=\"elementor-element elementor-element-64a62b0 elementor-headline--style-highlight elementor-widget elementor-widget-animated-headline\" data-id=\"64a62b0\" data-element_type=\"widget\" data-e-type=\"widget\" data-settings=\"{&quot;highlighted_text&quot;:&quot;Aguzta&quot;,&quot;headline_style&quot;:&quot;highlight&quot;,&quot;marker&quot;:&quot;circle&quot;,&quot;loop&quot;:&quot;yes&quot;,&quot;highlight_animation_duration&quot;:1200,&quot;highlight_iteration_delay&quot;:8000}\" data-widget_type=\"animated-headline.default\">\n\t\t\t\t<div class=\"elementor-widget-container\">\n\t\t\t\t\t\t\t<h3 class=\"elementor-headline\">\n\t\t\t\t\t<span class=\"elementor-headline-plain-text elementor-headline-text-wrapper\">Nordic Paws<\/span>\n\t\t\t\t<span class=\"elementor-headline-dynamic-wrapper elementor-headline-text-wrapper\">\n\t\t\t\t\t<span class=\"elementor-headline-dynamic-text elementor-headline-text-active\">Aguzta<\/span>\n\t\t\t\t<\/span>\n\t\t\t\t<\/h3>\n\t\t\t\t\t\t<\/div>\n\t\t\t\t<\/div>\n\t\t\t\t\t<\/div>\n\t\t<\/div>\n\t\t\t\t\t<\/div>\n\t\t<\/section>\n\t\t\t\t<section class=\"elementor-section elementor-top-section elementor-element elementor-element-28ed559 elementor-section-boxed elementor-section-height-default elementor-section-height-default\" data-id=\"28ed559\" data-element_type=\"section\" data-e-type=\"section\">\n\t\t\t\t\t\t<div class=\"elementor-container elementor-column-gap-wider\">\n\t\t\t\t\t<div class=\"elementor-column elementor-col-50 elementor-top-column elementor-element elementor-element-c864ecc\" data-id=\"c864ecc\" data-element_type=\"column\" data-e-type=\"column\">\n\t\t\t<div class=\"elementor-widget-wrap elementor-element-populated\">\n\t\t\t\t\t\t<div class=\"elementor-element elementor-element-b6f2bea elementor-widget elementor-widget-image\" data-id=\"b6f2bea\" data-element_type=\"widget\" data-e-type=\"widget\" data-widget_type=\"image.default\">\n\t\t\t\t<div class=\"elementor-widget-container\">\n\t\t\t\t\t\t\t\t\t\t\t\t\t\t\t<img fetchpriority=\"high\" decoding=\"async\" width=\"768\" height=\"576\" src=\"https:\/\/lotuseducation.se\/wp-content\/uploads\/2025\/01\/812AF639-FBD5-4E46-AB93-2204C7F82331_1_105_c-768x576.jpeg\" class=\"attachment-medium_large size-medium_large wp-image-12726\" alt=\"\" srcset=\"https:\/\/lotuseducation.se\/wp-content\/uploads\/2025\/01\/812AF639-FBD5-4E46-AB93-2204C7F82331_1_105_c-768x576.jpeg 768w, https:\/\/lotuseducation.se\/wp-content\/uploads\/2025\/01\/812AF639-FBD5-4E46-AB93-2204C7F82331_1_105_c-300x225.jpeg 300w, https:\/\/lotuseducation.se\/wp-content\/uploads\/2025\/01\/812AF639-FBD5-4E46-AB93-2204C7F82331_1_105_c-16x12.jpeg 16w, https:\/\/lotuseducation.se\/wp-content\/uploads\/2025\/01\/812AF639-FBD5-4E46-AB93-2204C7F82331_1_105_c.jpeg 1024w\" sizes=\"(max-width: 768px) 100vw, 768px\" \/>\t\t\t\t\t\t\t\t\t\t\t\t\t\t\t<\/div>\n\t\t\t\t<\/div>\n\t\t\t\t<div class=\"elementor-element elementor-element-79398c0 elementor-widget elementor-widget-heading\" data-id=\"79398c0\" data-element_type=\"widget\" data-e-type=\"widget\" data-widget_type=\"heading.default\">\n\t\t\t\t<div class=\"elementor-widget-container\">\n\t\t\t\t\t<h2 class=\"elementor-heading-title elementor-size-default\">Information<\/h2>\t\t\t\t<\/div>\n\t\t\t\t<\/div>\n\t\t\t\t<div class=\"elementor-element elementor-element-ec5ca44 elementor-icon-list--layout-traditional elementor-list-item-link-full_width elementor-widget elementor-widget-icon-list\" data-id=\"ec5ca44\" data-element_type=\"widget\" data-e-type=\"widget\" data-widget_type=\"icon-list.default\">\n\t\t\t\t<div class=\"elementor-widget-container\">\n\t\t\t\t\t\t\t<ul class=\"elementor-icon-list-items\">\n\t\t\t\t\t\t\t<li class=\"elementor-icon-list-item\">\n\t\t\t\t\t\t\t\t\t\t\t<span class=\"elementor-icon-list-icon\">\n\t\t\t\t\t\t\t<i aria-hidden=\"true\" class=\"fas fa-birthday-cake\"><\/i>\t\t\t\t\t\t<\/span>\n\t\t\t\t\t\t\t\t\t\t<span class=\"elementor-icon-list-text\">2024-01-26<\/span>\n\t\t\t\t\t\t\t\t\t<\/li>\n\t\t\t\t\t\t\t\t<li class=\"elementor-icon-list-item\">\n\t\t\t\t\t\t\t\t\t\t\t<span class=\"elementor-icon-list-icon\">\n\t\t\t\t\t\t\t<i aria-hidden=\"true\" class=\"fas fa-female\"><\/i>\t\t\t\t\t\t<\/span>\n\t\t\t\t\t\t\t\t\t\t<span class=\"elementor-icon-list-text\">Tik<\/span>\n\t\t\t\t\t\t\t\t\t<\/li>\n\t\t\t\t\t\t\t\t<li class=\"elementor-icon-list-item\">\n\t\t\t\t\t\t\t\t\t\t\t<span class=\"elementor-icon-list-icon\">\n\t\t\t\t\t\t\t<i aria-hidden=\"true\" class=\"fas fa-heading\"><\/i>\t\t\t\t\t\t<\/span>\n\t\t\t\t\t\t\t\t\t\t<span class=\"elementor-icon-list-text\"><\/span>\n\t\t\t\t\t\t\t\t\t<\/li>\n\t\t\t\t\t\t\t\t<li class=\"elementor-icon-list-item\">\n\t\t\t\t\t\t\t\t\t\t\t<a href=\"https:\/\/vallreg.se\/dog\/215459\/pedigree\">\n\n\t\t\t\t\t\t\t\t\t\t\t\t<span class=\"elementor-icon-list-icon\">\n\t\t\t\t\t\t\t<i aria-hidden=\"true\" class=\"fas fa-link\"><\/i>\t\t\t\t\t\t<\/span>\n\t\t\t\t\t\t\t\t\t\t<span class=\"elementor-icon-list-text\">Stamtavla<\/span>\n\t\t\t\t\t\t\t\t\t\t\t<\/a>\n\t\t\t\t\t\t\t\t\t<\/li>\n\t\t\t\t\t\t<\/ul>\n\t\t\t\t\t\t<\/div>\n\t\t\t\t<\/div>\n\t\t\t\t\t<\/div>\n\t\t<\/div>\n\t\t\t\t<div class=\"elementor-column elementor-col-50 elementor-top-column elementor-element elementor-element-83bf562\" data-id=\"83bf562\" data-element_type=\"column\" data-e-type=\"column\">\n\t\t\t<div class=\"elementor-widget-wrap elementor-element-populated\">\n\t\t\t\t\t\t<div class=\"elementor-element elementor-element-5ba3846 elementor-widget elementor-widget-heading\" data-id=\"5ba3846\" data-element_type=\"widget\" data-e-type=\"widget\" data-widget_type=\"heading.default\">\n\t\t\t\t<div class=\"elementor-widget-container\">\n\t\t\t\t\t<h2 class=\"elementor-heading-title elementor-size-default\">Meriter<\/h2>\t\t\t\t<\/div>\n\t\t\t\t<\/div>\n\t\t\t\t<div class=\"elementor-element elementor-element-9f8bac8 elementor-icon-list--layout-traditional elementor-list-item-link-full_width elementor-widget elementor-widget-icon-list\" data-id=\"9f8bac8\" data-element_type=\"widget\" data-e-type=\"widget\" data-widget_type=\"icon-list.default\">\n\t\t\t\t<div class=\"elementor-widget-container\">\n\t\t\t\t\t\t\t<ul class=\"elementor-icon-list-items\">\n\t\t\t\t\t\t\t<li class=\"elementor-icon-list-item\">\n\t\t\t\t\t\t\t\t\t\t\t<span class=\"elementor-icon-list-icon\">\n\t\t\t\t\t\t\t<i aria-hidden=\"true\" class=\"fas fa-star\"><\/i>\t\t\t\t\t\t<\/span>\n\t\t\t\t\t\t\t\t\t\t<span class=\"elementor-icon-list-text\">In progress..<\/span>\n\t\t\t\t\t\t\t\t\t<\/li>\n\t\t\t\t\t\t<\/ul>\n\t\t\t\t\t\t<\/div>\n\t\t\t\t<\/div>\n\t\t\t\t<div class=\"elementor-element elementor-element-6b17595 elementor-widget elementor-widget-text-editor\" data-id=\"6b17595\" data-element_type=\"widget\" data-e-type=\"widget\" data-widget_type=\"text-editor.default\">\n\t\t\t\t<div class=\"elementor-widget-container\">\n\t\t\t\t\t\t\t\t\t<p>Om du \u00e4r intresserad s\u00e5 finns\u00a0 mycket av Aguztas tr\u00e4ning fr\u00e5n valp till t\u00e4vlinghund i Follow J\u00f6rdiz part 1-3 <a href=\"https:\/\/lotuseducation.se\/en\/shop\/\">h\u00e4r<\/a><\/p>\t\t\t\t\t\t\t\t<\/div>\n\t\t\t\t<\/div>\n\t\t\t\t\t<\/div>\n\t\t<\/div>\n\t\t\t\t\t<\/div>\n\t\t<\/section>\n\t\t\t\t<section class=\"elementor-section elementor-top-section elementor-element elementor-element-cef08d8 elementor-section-boxed elementor-section-height-default elementor-section-height-default\" data-id=\"cef08d8\" data-element_type=\"section\" data-e-type=\"section\">\n\t\t\t\t\t\t<div class=\"elementor-container elementor-column-gap-default\">\n\t\t\t\t\t<div class=\"elementor-column elementor-col-100 elementor-top-column elementor-element elementor-element-df24dd4\" data-id=\"df24dd4\" data-element_type=\"column\" data-e-type=\"column\">\n\t\t\t<div class=\"elementor-widget-wrap elementor-element-populated\">\n\t\t\t\t\t\t<div class=\"elementor-element elementor-element-d888e39 elementor-widget elementor-widget-heading\" data-id=\"d888e39\" data-element_type=\"widget\" data-e-type=\"widget\" data-widget_type=\"heading.default\">\n\t\t\t\t<div class=\"elementor-widget-container\">\n\t\t\t\t\t<h2 class=\"elementor-heading-title elementor-size-default\">About<\/h2>\t\t\t\t<\/div>\n\t\t\t\t<\/div>\n\t\t\t\t<div class=\"elementor-element elementor-element-e2e659c elementor-widget elementor-widget-text-editor\" data-id=\"e2e659c\" data-element_type=\"widget\" data-e-type=\"widget\" data-widget_type=\"text-editor.default\">\n\t\t\t\t<div class=\"elementor-widget-container\">\n\t\t\t\t\t\t\t\t\t<p>Aguztas presentation kommer!<\/p>\t\t\t\t\t\t\t\t<\/div>\n\t\t\t\t<\/div>\n\t\t\t\t<div class=\"elementor-element elementor-element-4e40e6e elementor-widget elementor-widget-spacer\" data-id=\"4e40e6e\" data-element_type=\"widget\" data-e-type=\"widget\" data-widget_type=\"spacer.default\">\n\t\t\t\t<div class=\"elementor-widget-container\">\n\t\t\t\t\t\t\t<div class=\"elementor-spacer\">\n\t\t\t<div class=\"elementor-spacer-inner\"><\/div>\n\t\t<\/div>\n\t\t\t\t\t\t<\/div>\n\t\t\t\t<\/div>\n\t\t\t\t<div class=\"elementor-element elementor-element-9577087 elementor-widget elementor-widget-gallery\" data-id=\"9577087\" data-element_type=\"widget\" data-e-type=\"widget\" data-settings=\"{&quot;columns&quot;:5,&quot;gap&quot;:{&quot;unit&quot;:&quot;px&quot;,&quot;size&quot;:15,&quot;sizes&quot;:[]},&quot;lazyload&quot;:&quot;yes&quot;,&quot;gallery_layout&quot;:&quot;grid&quot;,&quot;columns_tablet&quot;:2,&quot;columns_mobile&quot;:1,&quot;gap_tablet&quot;:{&quot;unit&quot;:&quot;px&quot;,&quot;size&quot;:10,&quot;sizes&quot;:[]},&quot;gap_mobile&quot;:{&quot;unit&quot;:&quot;px&quot;,&quot;size&quot;:10,&quot;sizes&quot;:[]},&quot;link_to&quot;:&quot;file&quot;,&quot;aspect_ratio&quot;:&quot;3:2&quot;,&quot;overlay_background&quot;:&quot;yes&quot;,&quot;content_hover_animation&quot;:&quot;fade-in&quot;}\" data-widget_type=\"gallery.default\">\n\t\t\t\t<div class=\"elementor-widget-container\">\n\t\t\t\t\t\t\t<div class=\"elementor-gallery__container\">\n\t\t\t\t\t\t\t<a class=\"e-gallery-item elementor-gallery-item elementor-animated-content\" href=\"https:\/\/lotuseducation.se\/wp-content\/uploads\/2024\/06\/IMG_3047.jpg\" data-elementor-open-lightbox=\"yes\" data-elementor-lightbox-slideshow=\"9577087\" data-elementor-lightbox-title=\"IMG_3047\" data-e-action-hash=\"#elementor-action%3Aaction%3Dlightbox%26settings%3DeyJpZCI6MTI2MjUsInVybCI6Imh0dHBzOlwvXC9sb3R1c2VkdWNhdGlvbi5zZVwvd3AtY29udGVudFwvdXBsb2Fkc1wvMjAyNFwvMDZcL0lNR18zMDQ3LmpwZyIsInNsaWRlc2hvdyI6Ijk1NzcwODcifQ%3D%3D\">\n\t\t\t\t\t<div class=\"e-gallery-image elementor-gallery-item__image\" data-thumbnail=\"https:\/\/lotuseducation.se\/wp-content\/uploads\/2024\/06\/IMG_3047-200x300.jpg\" data-width=\"200\" data-height=\"300\" aria-label=\"\" role=\"img\" ><\/div>\n\t\t\t\t\t\t\t\t\t\t\t<div class=\"elementor-gallery-item__overlay\"><\/div>\n\t\t\t\t\t\t\t\t\t\t\t\t\t\t<\/a>\n\t\t\t\t\t\t\t<a class=\"e-gallery-item elementor-gallery-item elementor-animated-content\" href=\"https:\/\/lotuseducation.se\/wp-content\/uploads\/2025\/01\/DAE47CD0-BFB7-4351-A20E-B03F974BCFA1_1_105_c.jpeg\" data-elementor-open-lightbox=\"yes\" data-elementor-lightbox-slideshow=\"9577087\" data-elementor-lightbox-title=\"DAE47CD0-BFB7-4351-A20E-B03F974BCFA1_1_105_c\" data-e-action-hash=\"#elementor-action%3Aaction%3Dlightbox%26settings%3DeyJpZCI6MTI3MjQsInVybCI6Imh0dHBzOlwvXC9sb3R1c2VkdWNhdGlvbi5zZVwvd3AtY29udGVudFwvdXBsb2Fkc1wvMjAyNVwvMDFcL0RBRTQ3Q0QwLUJGQjctNDM1MS1BMjBFLUIwM0Y5NzRCQ0ZBMV8xXzEwNV9jLmpwZWciLCJzbGlkZXNob3ciOiI5NTc3MDg3In0%3D\">\n\t\t\t\t\t<div class=\"e-gallery-image elementor-gallery-item__image\" data-thumbnail=\"https:\/\/lotuseducation.se\/wp-content\/uploads\/2025\/01\/DAE47CD0-BFB7-4351-A20E-B03F974BCFA1_1_105_c-225x300.jpeg\" data-width=\"225\" data-height=\"300\" aria-label=\"\" role=\"img\" ><\/div>\n\t\t\t\t\t\t\t\t\t\t\t<div class=\"elementor-gallery-item__overlay\"><\/div>\n\t\t\t\t\t\t\t\t\t\t\t\t\t\t<\/a>\n\t\t\t\t\t\t\t<a class=\"e-gallery-item elementor-gallery-item elementor-animated-content\" href=\"https:\/\/lotuseducation.se\/wp-content\/uploads\/2025\/01\/BA6A82D3-0535-4817-9891-DFE4433FB529_1_105_c.jpeg\" data-elementor-open-lightbox=\"yes\" data-elementor-lightbox-slideshow=\"9577087\" data-elementor-lightbox-title=\"BA6A82D3-0535-4817-9891-DFE4433FB529_1_105_c\" data-e-action-hash=\"#elementor-action%3Aaction%3Dlightbox%26settings%3DeyJpZCI6MTI3MTksInVybCI6Imh0dHBzOlwvXC9sb3R1c2VkdWNhdGlvbi5zZVwvd3AtY29udGVudFwvdXBsb2Fkc1wvMjAyNVwvMDFcL0JBNkE4MkQzLTA1MzUtNDgxNy05ODkxLURGRTQ0MzNGQjUyOV8xXzEwNV9jLmpwZWciLCJzbGlkZXNob3ciOiI5NTc3MDg3In0%3D\">\n\t\t\t\t\t<div class=\"e-gallery-image elementor-gallery-item__image\" data-thumbnail=\"https:\/\/lotuseducation.se\/wp-content\/uploads\/2025\/01\/BA6A82D3-0535-4817-9891-DFE4433FB529_1_105_c-300x225.jpeg\" data-width=\"300\" data-height=\"225\" aria-label=\"\" role=\"img\" ><\/div>\n\t\t\t\t\t\t\t\t\t\t\t<div class=\"elementor-gallery-item__overlay\"><\/div>\n\t\t\t\t\t\t\t\t\t\t\t\t\t\t<\/a>\n\t\t\t\t\t\t\t<a class=\"e-gallery-item elementor-gallery-item elementor-animated-content\" href=\"https:\/\/lotuseducation.se\/wp-content\/uploads\/2025\/01\/2AB3BB8D-919D-4149-8CF4-A516B4ED4E63_1_105_c.jpeg\" data-elementor-open-lightbox=\"yes\" data-elementor-lightbox-slideshow=\"9577087\" data-elementor-lightbox-title=\"2AB3BB8D-919D-4149-8CF4-A516B4ED4E63_1_105_c\" data-e-action-hash=\"#elementor-action%3Aaction%3Dlightbox%26settings%3DeyJpZCI6MTI3MjAsInVybCI6Imh0dHBzOlwvXC9sb3R1c2VkdWNhdGlvbi5zZVwvd3AtY29udGVudFwvdXBsb2Fkc1wvMjAyNVwvMDFcLzJBQjNCQjhELTkxOUQtNDE0OS04Q0Y0LUE1MTZCNEVENEU2M18xXzEwNV9jLmpwZWciLCJzbGlkZXNob3ciOiI5NTc3MDg3In0%3D\">\n\t\t\t\t\t<div class=\"e-gallery-image elementor-gallery-item__image\" data-thumbnail=\"https:\/\/lotuseducation.se\/wp-content\/uploads\/2025\/01\/2AB3BB8D-919D-4149-8CF4-A516B4ED4E63_1_105_c-300x225.jpeg\" data-width=\"300\" data-height=\"225\" aria-label=\"\" role=\"img\" ><\/div>\n\t\t\t\t\t\t\t\t\t\t\t<div class=\"elementor-gallery-item__overlay\"><\/div>\n\t\t\t\t\t\t\t\t\t\t\t\t\t\t<\/a>\n\t\t\t\t\t\t\t<a class=\"e-gallery-item elementor-gallery-item elementor-animated-content\" href=\"https:\/\/lotuseducation.se\/wp-content\/uploads\/2025\/01\/CF37CD0B-5651-44FD-8AE7-034F92511322_1_105_c.jpeg\" data-elementor-open-lightbox=\"yes\" data-elementor-lightbox-slideshow=\"9577087\" data-elementor-lightbox-title=\"CF37CD0B-5651-44FD-8AE7-034F92511322_1_105_c\" data-e-action-hash=\"#elementor-action%3Aaction%3Dlightbox%26settings%3DeyJpZCI6MTI3MjUsInVybCI6Imh0dHBzOlwvXC9sb3R1c2VkdWNhdGlvbi5zZVwvd3AtY29udGVudFwvdXBsb2Fkc1wvMjAyNVwvMDFcL0NGMzdDRDBCLTU2NTEtNDRGRC04QUU3LTAzNEY5MjUxMTMyMl8xXzEwNV9jLmpwZWciLCJzbGlkZXNob3ciOiI5NTc3MDg3In0%3D\">\n\t\t\t\t\t<div class=\"e-gallery-image elementor-gallery-item__image\" data-thumbnail=\"https:\/\/lotuseducation.se\/wp-content\/uploads\/2025\/01\/CF37CD0B-5651-44FD-8AE7-034F92511322_1_105_c-225x300.jpeg\" data-width=\"225\" data-height=\"300\" aria-label=\"\" role=\"img\" ><\/div>\n\t\t\t\t\t\t\t\t\t\t\t<div class=\"elementor-gallery-item__overlay\"><\/div>\n\t\t\t\t\t\t\t\t\t\t\t\t\t\t<\/a>\n\t\t\t\t\t\t\t<a class=\"e-gallery-item elementor-gallery-item elementor-animated-content\" href=\"https:\/\/lotuseducation.se\/wp-content\/uploads\/2025\/01\/1135E39E-BF1D-4B19-911D-AD0EDE4F97C7_1_105_c.jpeg\" data-elementor-open-lightbox=\"yes\" data-elementor-lightbox-slideshow=\"9577087\" data-elementor-lightbox-title=\"1135E39E-BF1D-4B19-911D-AD0EDE4F97C7_1_105_c\" data-e-action-hash=\"#elementor-action%3Aaction%3Dlightbox%26settings%3DeyJpZCI6MTI3MjMsInVybCI6Imh0dHBzOlwvXC9sb3R1c2VkdWNhdGlvbi5zZVwvd3AtY29udGVudFwvdXBsb2Fkc1wvMjAyNVwvMDFcLzExMzVFMzlFLUJGMUQtNEIxOS05MTFELUFEMEVERTRGOTdDN18xXzEwNV9jLmpwZWciLCJzbGlkZXNob3ciOiI5NTc3MDg3In0%3D\">\n\t\t\t\t\t<div class=\"e-gallery-image elementor-gallery-item__image\" data-thumbnail=\"https:\/\/lotuseducation.se\/wp-content\/uploads\/2025\/01\/1135E39E-BF1D-4B19-911D-AD0EDE4F97C7_1_105_c-300x225.jpeg\" data-width=\"300\" data-height=\"225\" aria-label=\"\" role=\"img\" ><\/div>\n\t\t\t\t\t\t\t\t\t\t\t<div class=\"elementor-gallery-item__overlay\"><\/div>\n\t\t\t\t\t\t\t\t\t\t\t\t\t\t<\/a>\n\t\t\t\t\t\t\t<a class=\"e-gallery-item elementor-gallery-item elementor-animated-content\" href=\"https:\/\/lotuseducation.se\/wp-content\/uploads\/2025\/01\/9EA772DE-BAFF-44F2-9B52-2F1C52D4C847_1_105_c.jpeg\" data-elementor-open-lightbox=\"yes\" data-elementor-lightbox-slideshow=\"9577087\" data-elementor-lightbox-title=\"9EA772DE-BAFF-44F2-9B52-2F1C52D4C847_1_105_c\" data-e-action-hash=\"#elementor-action%3Aaction%3Dlightbox%26settings%3DeyJpZCI6MTI3MjIsInVybCI6Imh0dHBzOlwvXC9sb3R1c2VkdWNhdGlvbi5zZVwvd3AtY29udGVudFwvdXBsb2Fkc1wvMjAyNVwvMDFcLzlFQTc3MkRFLUJBRkYtNDRGMi05QjUyLTJGMUM1MkQ0Qzg0N18xXzEwNV9jLmpwZWciLCJzbGlkZXNob3ciOiI5NTc3MDg3In0%3D\">\n\t\t\t\t\t<div class=\"e-gallery-image elementor-gallery-item__image\" data-thumbnail=\"https:\/\/lotuseducation.se\/wp-content\/uploads\/2025\/01\/9EA772DE-BAFF-44F2-9B52-2F1C52D4C847_1_105_c-200x300.jpeg\" data-width=\"200\" data-height=\"300\" aria-label=\"\" role=\"img\" ><\/div>\n\t\t\t\t\t\t\t\t\t\t\t<div class=\"elementor-gallery-item__overlay\"><\/div>\n\t\t\t\t\t\t\t\t\t\t\t\t\t\t<\/a>\n\t\t\t\t\t\t\t<a class=\"e-gallery-item elementor-gallery-item elementor-animated-content\" href=\"https:\/\/lotuseducation.se\/wp-content\/uploads\/2025\/01\/A9023402-D182-4497-AF1F-340B71E3B383_1_105_c.jpeg\" data-elementor-open-lightbox=\"yes\" data-elementor-lightbox-slideshow=\"9577087\" data-elementor-lightbox-title=\"A9023402-D182-4497-AF1F-340B71E3B383_1_105_c\" data-e-action-hash=\"#elementor-action%3Aaction%3Dlightbox%26settings%3DeyJpZCI6MTI3MjEsInVybCI6Imh0dHBzOlwvXC9sb3R1c2VkdWNhdGlvbi5zZVwvd3AtY29udGVudFwvdXBsb2Fkc1wvMjAyNVwvMDFcL0E5MDIzNDAyLUQxODItNDQ5Ny1BRjFGLTM0MEI3MUUzQjM4M18xXzEwNV9jLmpwZWciLCJzbGlkZXNob3ciOiI5NTc3MDg3In0%3D\">\n\t\t\t\t\t<div class=\"e-gallery-image elementor-gallery-item__image\" data-thumbnail=\"https:\/\/lotuseducation.se\/wp-content\/uploads\/2025\/01\/A9023402-D182-4497-AF1F-340B71E3B383_1_105_c-200x300.jpeg\" data-width=\"200\" data-height=\"300\" aria-label=\"\" role=\"img\" ><\/div>\n\t\t\t\t\t\t\t\t\t\t\t<div class=\"elementor-gallery-item__overlay\"><\/div>\n\t\t\t\t\t\t\t\t\t\t\t\t\t\t<\/a>\n\t\t\t\t\t<\/div>\n\t\t\t\t\t<\/div>\n\t\t\t\t<\/div>\n\t\t\t\t\t<\/div>\n\t\t<\/div>\n\t\t\t\t\t<\/div>\n\t\t<\/section>\n\t\t\t\t<\/div>","protected":false},"excerpt":{"rendered":"<p>Nordic Paws Aguzta Information 2024-01-26 Tik Stamtavla Meriter In progress.. Om du \u00e4r intresserad s\u00e5 finns\u00a0 mycket av Aguztas tr\u00e4ning fr\u00e5n valp till t\u00e4vlinghund i Follow J\u00f6rdiz part 1-3 h\u00e4r Om Aguztas presentation kommer!<\/p>","protected":false},"author":1,"featured_media":0,"parent":173,"menu_order":0,"comment_status":"closed","ping_status":"closed","template":"","meta":{"footnotes":""},"class_list":["post-12685","page","type-page","status-publish","hentry"],"_links":{"self":[{"href":"https:\/\/lotuseducation.se\/en\/wp-json\/wp\/v2\/pages\/12685","targetHints":{"allow":["GET"]}}],"collection":[{"href":"https:\/\/lotuseducation.se\/en\/wp-json\/wp\/v2\/pages"}],"about":[{"href":"https:\/\/lotuseducation.se\/en\/wp-json\/wp\/v2\/types\/page"}],"author":[{"embeddable":true,"href":"https:\/\/lotuseducation.se\/en\/wp-json\/wp\/v2\/users\/1"}],"replies":[{"embeddable":true,"href":"https:\/\/lotuseducation.se\/en\/wp-json\/wp\/v2\/comments?post=12685"}],"version-history":[{"count":17,"href":"https:\/\/lotuseducation.se\/en\/wp-json\/wp\/v2\/pages\/12685\/revisions"}],"predecessor-version":[{"id":12747,"href":"https:\/\/lotuseducation.se\/en\/wp-json\/wp\/v2\/pages\/12685\/revisions\/12747"}],"up":[{"embeddable":true,"href":"https:\/\/lotuseducation.se\/en\/wp-json\/wp\/v2\/pages\/173"}],"wp:attachment":[{"href":"https:\/\/lotuseducation.se\/en\/wp-json\/wp\/v2\/media?parent=12685"}],"curies":[{"name":"wp","href":"https:\/\/api.w.org\/{rel}","templated":true}]}}