{"id":171,"date":"2018-04-20T08:43:02","date_gmt":"2018-04-20T06:43:02","guid":{"rendered":"http:\/\/lotuseducation.se\/?page_id=171"},"modified":"2021-11-07T20:34:38","modified_gmt":"2021-11-07T19:34:38","slug":"om","status":"publish","type":"page","link":"https:\/\/lotuseducation.se\/en\/om\/","title":{"rendered":"About"},"content":{"rendered":"<div data-elementor-type=\"wp-post\" data-elementor-id=\"171\" class=\"elementor elementor-171\" data-elementor-post-type=\"page\">\n\t\t\t\t\t\t<section class=\"elementor-section elementor-top-section elementor-element elementor-element-69566ee elementor-section-full_width elementor-section-height-min-height elementor-section-items-top elementor-section-height-default\" data-id=\"69566ee\" data-element_type=\"section\" data-e-type=\"section\" data-settings=\"{&quot;background_background&quot;:&quot;classic&quot;}\">\n\t\t\t\t\t\t<div class=\"elementor-container elementor-column-gap-default\">\n\t\t\t\t\t<div class=\"elementor-column elementor-col-100 elementor-top-column elementor-element elementor-element-89acbd2\" data-id=\"89acbd2\" data-element_type=\"column\" data-e-type=\"column\">\n\t\t\t<div class=\"elementor-widget-wrap elementor-element-populated\">\n\t\t\t\t\t\t<section class=\"elementor-section elementor-inner-section elementor-element elementor-element-3bcb28d elementor-section-boxed elementor-section-height-default elementor-section-height-default\" data-id=\"3bcb28d\" data-element_type=\"section\" data-e-type=\"section\">\n\t\t\t\t\t\t<div class=\"elementor-container elementor-column-gap-default\">\n\t\t\t\t\t<div class=\"elementor-column elementor-col-100 elementor-inner-column elementor-element elementor-element-1284443\" data-id=\"1284443\" data-element_type=\"column\" data-e-type=\"column\">\n\t\t\t<div class=\"elementor-widget-wrap elementor-element-populated\">\n\t\t\t\t\t\t<div class=\"elementor-element elementor-element-82b5198 elementor-widget elementor-widget-spacer\" data-id=\"82b5198\" data-element_type=\"widget\" data-e-type=\"widget\" data-widget_type=\"spacer.default\">\n\t\t\t\t<div class=\"elementor-widget-container\">\n\t\t\t\t\t\t\t<div class=\"elementor-spacer\">\n\t\t\t<div class=\"elementor-spacer-inner\"><\/div>\n\t\t<\/div>\n\t\t\t\t\t\t<\/div>\n\t\t\t\t<\/div>\n\t\t\t\t<div class=\"elementor-element elementor-element-17cf4c1 elementor-widget elementor-widget-heading\" data-id=\"17cf4c1\" data-element_type=\"widget\" data-e-type=\"widget\" data-widget_type=\"heading.default\">\n\t\t\t\t<div class=\"elementor-widget-container\">\n\t\t\t\t\t<h2 class=\"elementor-heading-title elementor-size-default\">Team Lotus Education<\/h2>\t\t\t\t<\/div>\n\t\t\t\t<\/div>\n\t\t\t\t\t<\/div>\n\t\t<\/div>\n\t\t\t\t\t<\/div>\n\t\t<\/section>\n\t\t\t\t\t<\/div>\n\t\t<\/div>\n\t\t\t\t\t<\/div>\n\t\t<\/section>\n\t\t\t\t<section class=\"elementor-section elementor-top-section elementor-element elementor-element-e1adb23 elementor-section-boxed elementor-section-height-default elementor-section-height-default\" data-id=\"e1adb23\" data-element_type=\"section\" data-e-type=\"section\">\n\t\t\t\t\t\t<div class=\"elementor-container elementor-column-gap-default\">\n\t\t\t\t\t<div class=\"elementor-column elementor-col-100 elementor-top-column elementor-element elementor-element-f7a9e42\" data-id=\"f7a9e42\" data-element_type=\"column\" data-e-type=\"column\">\n\t\t\t<div class=\"elementor-widget-wrap elementor-element-populated\">\n\t\t\t\t\t\t<div class=\"elementor-element elementor-element-d51e6ec elementor-widget elementor-widget-spacer\" data-id=\"d51e6ec\" data-element_type=\"widget\" data-e-type=\"widget\" data-widget_type=\"spacer.default\">\n\t\t\t\t<div class=\"elementor-widget-container\">\n\t\t\t\t\t\t\t<div class=\"elementor-spacer\">\n\t\t\t<div class=\"elementor-spacer-inner\"><\/div>\n\t\t<\/div>\n\t\t\t\t\t\t<\/div>\n\t\t\t\t<\/div>\n\t\t\t\t<div class=\"elementor-element elementor-element-5e99ae9 elementor-widget elementor-widget-heading\" data-id=\"5e99ae9\" data-element_type=\"widget\" data-e-type=\"widget\" data-widget_type=\"heading.default\">\n\t\t\t\t<div class=\"elementor-widget-container\">\n\t\t\t\t\t<h2 class=\"elementor-heading-title elementor-size-default\">Jenny Damm<\/h2>\t\t\t\t<\/div>\n\t\t\t\t<\/div>\n\t\t\t\t\t<\/div>\n\t\t<\/div>\n\t\t\t\t\t<\/div>\n\t\t<\/section>\n\t\t\t\t<section class=\"elementor-section elementor-top-section elementor-element elementor-element-350fbb9 elementor-section-boxed elementor-section-height-default elementor-section-height-default\" data-id=\"350fbb9\" data-element_type=\"section\" data-e-type=\"section\">\n\t\t\t\t\t\t<div class=\"elementor-container elementor-column-gap-default\">\n\t\t\t\t\t<div class=\"elementor-column elementor-col-100 elementor-top-column elementor-element elementor-element-0ab234d\" data-id=\"0ab234d\" data-element_type=\"column\" data-e-type=\"column\">\n\t\t\t<div class=\"elementor-widget-wrap elementor-element-populated\">\n\t\t\t\t\t\t<div class=\"elementor-element elementor-element-46625a5 elementor-widget elementor-widget-text-editor\" data-id=\"46625a5\" data-element_type=\"widget\" data-e-type=\"widget\" data-widget_type=\"text-editor.default\">\n\t\t\t\t<div class=\"elementor-widget-container\">\n\t\t\t\t\t\t\t\t\t<p>The cornerstones that build my dog \u200b\u200btraining are motivation, joy, clear rules, trust, patience, good attitude, humility and a good relationship. My dogs are above all my family members but also my training mates. I spend a lot of time with them outside the training and competition plan and for me, everyday life with my dogs is at least as important as training and competitions.\u00a0<\/p>\t\t\t\t\t\t\t\t<\/div>\n\t\t\t\t<\/div>\n\t\t\t\t<div class=\"elementor-element elementor-element-cd16ec2 elementor-widget elementor-widget-heading\" data-id=\"cd16ec2\" data-element_type=\"widget\" data-e-type=\"widget\" data-widget_type=\"heading.default\">\n\t\t\t\t<div class=\"elementor-widget-container\">\n\t\t\t\t\t<h2 class=\"elementor-heading-title elementor-size-default\">I want to find the signals that dogs respond naturally to, and then use and amplify them through reward.<\/h2>\t\t\t\t<\/div>\n\t\t\t\t<\/div>\n\t\t\t\t<div class=\"elementor-element elementor-element-f74722c elementor-widget elementor-widget-text-editor\" data-id=\"f74722c\" data-element_type=\"widget\" data-e-type=\"widget\" data-widget_type=\"text-editor.default\">\n\t\t\t\t<div class=\"elementor-widget-container\">\n\t\t\t\t\t\t\t\t\t<p>Dogs have, scientifically proven, developed an ability to read our body language through 1000-year domestication and cohabitation with humans. I try to work with this and start from it in all my dog \u200b\u200btraining, not least in agility. We spend an enormous amount of time and energy on basic training of our dogs and it is only the imagination that sets the limits for what we can teach them.\u00a0<\/p><p>I always try to give all my students full focus and if I do not have an immediate solution to a problem, I try to find one. I help each crew on their individual level and make sure they get the tools needed to continue working and achieve their specific goals. I push my students as much as I can and I am not satisfied with half good training results. I give everything and appreciate that my students do the same. But dog training should always be fun, so at the same time I try to bake a large portion of humor into my requirements.\u00a0<\/p>\t\t\t\t\t\t\t\t<\/div>\n\t\t\t\t<\/div>\n\t\t\t\t<div class=\"elementor-element elementor-element-28fba65 elementor-invisible elementor-widget elementor-widget-accordion\" data-id=\"28fba65\" data-element_type=\"widget\" data-e-type=\"widget\" data-settings=\"{&quot;_animation&quot;:&quot;zoomIn&quot;}\" data-widget_type=\"accordion.default\">\n\t\t\t\t<div class=\"elementor-widget-container\">\n\t\t\t\t\t\t\t<div class=\"elementor-accordion\">\n\t\t\t\t\t\t\t<div class=\"elementor-accordion-item\">\n\t\t\t\t\t<div id=\"elementor-tab-title-4291\" class=\"elementor-tab-title\" data-tab=\"1\" role=\"button\" aria-controls=\"elementor-tab-content-4291\" aria-expanded=\"false\">\n\t\t\t\t\t\t\t\t\t\t\t\t\t<span class=\"elementor-accordion-icon elementor-accordion-icon-left\" aria-hidden=\"true\">\n\t\t\t\t\t\t\t\t\t\t\t\t\t\t\t<span class=\"elementor-accordion-icon-closed\"><i class=\"fas fa-plus\"><\/i><\/span>\n\t\t\t\t\t\t\t\t<span class=\"elementor-accordion-icon-opened\"><i class=\"fas fa-minus\"><\/i><\/span>\n\t\t\t\t\t\t\t\t\t\t\t\t\t\t<\/span>\n\t\t\t\t\t\t\t\t\t\t\t\t<a class=\"elementor-accordion-title\" tabindex=\"0\">Read more<\/a>\n\t\t\t\t\t<\/div>\n\t\t\t\t\t<div id=\"elementor-tab-content-4291\" class=\"elementor-tab-content elementor-clearfix\" data-tab=\"1\" role=\"region\" aria-labelledby=\"elementor-tab-title-4291\"><p style=\"margin-right: 0px; margin-bottom: 0px; margin-left: 0px; font-stretch: normal; font-size: 12px; line-height: normal; font-family: 'Apple Color Emoji'; min-height: 20px;\">\u00a0<\/p><p style=\"margin-right: 0px; margin-bottom: 0px; margin-left: 0px; font-stretch: normal; font-size: 13.9px; line-height: normal; font-family: Helvetica; color: #1a1a1a;\"><span style=\"font-kerning: none;\">I have been training animals since childhood. Mice, hamsters, rabbits, guinea pigs, parakeets, budgies, butterfly caterpillars, wandering sticks, frogs, fish, snails, chickens, pigeons, horses, dogs\u2026 have all received their dose of training but with somewhat varying results. I love to train and spend time with animals and I am extremely fascinated by the whole animal world.<\/span><\/p><p style=\"margin-right: 0px; margin-bottom: 0px; margin-left: 0px; font-stretch: normal; line-height: normal; font-family: Helvetica; min-height: 19px;\">\u00a0<\/p><p style=\"margin-right: 0px; margin-bottom: 0px; margin-left: 0px; font-stretch: normal; font-size: 13.9px; line-height: normal; font-family: Helvetica; color: #1a1a1a;\"><span style=\"font-kerning: none;\">I started training dogs more seriously in 1994 when I got my first own dog, Frances who was a jack russell terrier. In 1996 I bought a border collie, which I had intended to compete in use, obedience and herding. The use and obedience training eventually took less and less time when in 1997 I found an advertisement for an agility course. It was for the very good dog trainer Irene Stj\u00e4rn\u00e5s and she gave me a fantastic foundation in my dog \u200b\u200btraining in general. The same year I also attended an instructor training for the organization IMMI. In addition to this, I have taken courses in clicker training, herding, pedagogy. I have also participated in a number of agility courses for various foreign agility trainers.<\/span><\/p><p style=\"margin-right: 0px; margin-bottom: 0px; margin-left: 0px; font-stretch: normal; font-size: 13.9px; line-height: normal; font-family: Helvetica; color: #1a1a1a; min-height: 17px;\">\u00a0<\/p><p style=\"margin-right: 0px; margin-bottom: 0px; margin-left: 0px; font-stretch: normal; font-size: 13.9px; line-height: normal; font-family: Helvetica; color: #1a1a1a;\"><span style=\"font-kerning: none;\">The rest of my knowledge is based on experiences from training, competitions or own courses. I have held courses around the world since 2000. I have always tried to share what I can but at the same time I have always come home with new experiences and new knowledge after each trip. I train with an open mind and constantly try to develop myself as a dog trainer, instructor and agility competitor. My brain is always on the lookout for new ideas.\u00a0<\/span><\/p><p style=\"margin-right: 0px; margin-bottom: 0px; margin-left: 0px; font-stretch: normal; font-size: 13.9px; line-height: normal; font-family: Helvetica; color: #1a1a1a;\">\u00a0<\/p><\/div>\n\t\t\t\t<\/div>\n\t\t\t\t\t\t\t\t<\/div>\n\t\t\t\t\t\t<\/div>\n\t\t\t\t<\/div>\n\t\t\t\t\t<\/div>\n\t\t<\/div>\n\t\t\t\t\t<\/div>\n\t\t<\/section>\n\t\t\t\t<section class=\"elementor-section elementor-top-section elementor-element elementor-element-8241a74 elementor-section-boxed elementor-section-height-default elementor-section-height-default\" data-id=\"8241a74\" data-element_type=\"section\" data-e-type=\"section\">\n\t\t\t\t\t\t<div class=\"elementor-container elementor-column-gap-default\">\n\t\t\t\t\t<div class=\"elementor-column elementor-col-100 elementor-top-column elementor-element elementor-element-1e20df6\" data-id=\"1e20df6\" data-element_type=\"column\" data-e-type=\"column\">\n\t\t\t<div class=\"elementor-widget-wrap elementor-element-populated\">\n\t\t\t\t\t\t<div class=\"elementor-element elementor-element-b582308 elementor-widget elementor-widget-spacer\" data-id=\"b582308\" data-element_type=\"widget\" data-e-type=\"widget\" data-widget_type=\"spacer.default\">\n\t\t\t\t<div class=\"elementor-widget-container\">\n\t\t\t\t\t\t\t<div class=\"elementor-spacer\">\n\t\t\t<div class=\"elementor-spacer-inner\"><\/div>\n\t\t<\/div>\n\t\t\t\t\t\t<\/div>\n\t\t\t\t<\/div>\n\t\t\t\t<div class=\"elementor-element elementor-element-cee2eaa elementor-widget elementor-widget-heading\" data-id=\"cee2eaa\" data-element_type=\"widget\" data-e-type=\"widget\" data-widget_type=\"heading.default\">\n\t\t\t\t<div class=\"elementor-widget-container\">\n\t\t\t\t\t<h2 class=\"elementor-heading-title elementor-size-default\">Jeanette \"Nettan\" Johansson<\/h2>\t\t\t\t<\/div>\n\t\t\t\t<\/div>\n\t\t\t\t\t<\/div>\n\t\t<\/div>\n\t\t\t\t\t<\/div>\n\t\t<\/section>\n\t\t\t\t<section class=\"elementor-section elementor-top-section elementor-element elementor-element-5d10e26 elementor-section-boxed elementor-section-height-default elementor-section-height-default\" data-id=\"5d10e26\" data-element_type=\"section\" data-e-type=\"section\">\n\t\t\t\t\t\t<div class=\"elementor-container elementor-column-gap-default\">\n\t\t\t\t\t<div class=\"elementor-column elementor-col-100 elementor-top-column elementor-element elementor-element-1151aa9\" data-id=\"1151aa9\" data-element_type=\"column\" data-e-type=\"column\">\n\t\t\t<div class=\"elementor-widget-wrap elementor-element-populated\">\n\t\t\t\t\t\t<div class=\"elementor-element elementor-element-814fcb9 elementor-widget elementor-widget-text-editor\" data-id=\"814fcb9\" data-element_type=\"widget\" data-e-type=\"widget\" data-widget_type=\"text-editor.default\">\n\t\t\t\t<div class=\"elementor-widget-container\">\n\t\t\t\t\t\t\t\t\t<p>Nettan is a wizard on dog training and taking care of his confused boss, both in everyday life and at competitions. She has very important tasks in Lotus Education and<span style=\"color: var( --e-global-color-text ); font-family: var( --e-global-typography-text-font-family ), Sans-serif; letter-spacing: var( --e-global-typography-text-letter-spacing ); font-size: 1rem;\">\u00a0is good at planning and organizing. In addition<\/span><span style=\"color: var( --e-global-color-text ); font-family: var( --e-global-typography-text-font-family ), Sans-serif; letter-spacing: var( --e-global-typography-text-letter-spacing ); font-size: 1rem;\">\u00a0she has been an esteemed national team leader for several years.<\/span><\/p>\t\t\t\t\t\t\t\t<\/div>\n\t\t\t\t<\/div>\n\t\t\t\t<div class=\"elementor-element elementor-element-5244a58 elementor-widget elementor-widget-heading\" data-id=\"5244a58\" data-element_type=\"widget\" data-e-type=\"widget\" data-widget_type=\"heading.default\">\n\t\t\t\t<div class=\"elementor-widget-container\">\n\t\t\t\t\t<h2 class=\"elementor-heading-title elementor-size-default\">Nettan loves foundation training and running contacts. She has many foundation courses where she train new agility stars. <\/h2>\t\t\t\t<\/div>\n\t\t\t\t<\/div>\n\t\t\t\t<div class=\"elementor-element elementor-element-4a65993 elementor-widget elementor-widget-text-editor\" data-id=\"4a65993\" data-element_type=\"widget\" data-e-type=\"widget\" data-widget_type=\"text-editor.default\">\n\t\t\t\t<div class=\"elementor-widget-container\">\n\t\t\t\t\t\t\t\t\t<p>When Nettan does not keep track of her boss, she manages to keep up with some course activities. She is based in Sk\u00e5ne, more specifically in V\u00e4stra Torup and Torvalla Arena, where there is both a fantastic hall and nice outdoor courts for training. When she is not holding dog classes, she keeps kindergarten children in order.\u00a0<\/p><p>\u00a0<\/p><p><a href=\"https:\/\/lotuseducation.se\/en\/om\/meriter\/fotogallerier\/nettans-fotogalleri\/\">Fotogalleri<\/a><\/p>\t\t\t\t\t\t\t\t<\/div>\n\t\t\t\t<\/div>\n\t\t\t\t<div class=\"elementor-element elementor-element-b022508 elementor-widget elementor-widget-spacer\" data-id=\"b022508\" data-element_type=\"widget\" data-e-type=\"widget\" data-widget_type=\"spacer.default\">\n\t\t\t\t<div class=\"elementor-widget-container\">\n\t\t\t\t\t\t\t<div class=\"elementor-spacer\">\n\t\t\t<div class=\"elementor-spacer-inner\"><\/div>\n\t\t<\/div>\n\t\t\t\t\t\t<\/div>\n\t\t\t\t<\/div>\n\t\t\t\t\t<\/div>\n\t\t<\/div>\n\t\t\t\t\t<\/div>\n\t\t<\/section>\n\t\t\t\t<\/div>","protected":false},"excerpt":{"rendered":"<p>Team Lotus Education Jenny Damm Grundstenarna som bygger min hundtr\u00e4ning \u00e4r motivation, gl\u00e4dje, tydliga regler, tillit, t\u00e5lamod, bra attityd, \u00f6dmjukhet och en bra relation. Mina hundar \u00e4r framf\u00f6r allt mina familjemedlemmar men ocks\u00e5 mina tr\u00e4ningskamrater. Jag tillbringar mycket tid med dem utanf\u00f6r tr\u00e4nings- och t\u00e4vlingsplanen och f\u00f6r mig \u00e4r vardagen med mina hundar minst lika [&hellip;]<\/p>\n","protected":false},"author":1,"featured_media":0,"parent":0,"menu_order":0,"comment_status":"closed","ping_status":"closed","template":"","meta":{"footnotes":""},"class_list":["post-171","page","type-page","status-publish","hentry"],"_links":{"self":[{"href":"https:\/\/lotuseducation.se\/en\/wp-json\/wp\/v2\/pages\/171","targetHints":{"allow":["GET"]}}],"collection":[{"href":"https:\/\/lotuseducation.se\/en\/wp-json\/wp\/v2\/pages"}],"about":[{"href":"https:\/\/lotuseducation.se\/en\/wp-json\/wp\/v2\/types\/page"}],"author":[{"embeddable":true,"href":"https:\/\/lotuseducation.se\/en\/wp-json\/wp\/v2\/users\/1"}],"replies":[{"embeddable":true,"href":"https:\/\/lotuseducation.se\/en\/wp-json\/wp\/v2\/comments?post=171"}],"version-history":[{"count":121,"href":"https:\/\/lotuseducation.se\/en\/wp-json\/wp\/v2\/pages\/171\/revisions"}],"predecessor-version":[{"id":11247,"href":"https:\/\/lotuseducation.se\/en\/wp-json\/wp\/v2\/pages\/171\/revisions\/11247"}],"wp:attachment":[{"href":"https:\/\/lotuseducation.se\/en\/wp-json\/wp\/v2\/media?parent=171"}],"curies":[{"name":"wp","href":"https:\/\/api.w.org\/{rel}","templated":true}]}}