{"id":3995,"date":"2021-08-19T11:30:55","date_gmt":"2021-08-19T09:30:55","guid":{"rendered":"http:\/\/lotuseducation.se\/?page_id=3995"},"modified":"2021-08-20T07:14:48","modified_gmt":"2021-08-20T05:14:48","slug":"sm-individuellt-guld-2019","status":"publish","type":"page","link":"https:\/\/lotuseducation.se\/en\/om\/meriter\/sm-individuellt-guld-2019\/","title":{"rendered":"SM individuellt guld 2019"},"content":{"rendered":"\t\t<div data-elementor-type=\"wp-page\" data-elementor-id=\"3995\" class=\"elementor elementor-3995\" data-elementor-post-type=\"page\">\n\t\t\t\t\t\t<section class=\"elementor-section elementor-top-section elementor-element elementor-element-fed8e70 elementor-section-boxed elementor-section-height-default elementor-section-height-default\" data-id=\"fed8e70\" data-element_type=\"section\" data-e-type=\"section\">\n\t\t\t\t\t\t<div class=\"elementor-container elementor-column-gap-default\">\n\t\t\t\t\t<div class=\"elementor-column elementor-col-50 elementor-top-column elementor-element elementor-element-8c59192\" data-id=\"8c59192\" data-element_type=\"column\" data-e-type=\"column\">\n\t\t\t<div class=\"elementor-widget-wrap elementor-element-populated\">\n\t\t\t\t\t\t<div class=\"elementor-element elementor-element-1331fba elementor-widget elementor-widget-heading\" data-id=\"1331fba\" data-element_type=\"widget\" data-e-type=\"widget\" data-widget_type=\"heading.default\">\n\t\t\t\t<div class=\"elementor-widget-container\">\n\t\t\t\t\t<h2 class=\"elementor-heading-title elementor-size-default\">SM guld individuellt 2019<\/h2>\t\t\t\t<\/div>\n\t\t\t\t<\/div>\n\t\t\t\t\t<\/div>\n\t\t<\/div>\n\t\t\t\t<div class=\"elementor-column elementor-col-50 elementor-top-column elementor-element elementor-element-0da6475\" data-id=\"0da6475\" data-element_type=\"column\" data-e-type=\"column\">\n\t\t\t<div class=\"elementor-widget-wrap\">\n\t\t\t\t\t\t\t<\/div>\n\t\t<\/div>\n\t\t\t\t\t<\/div>\n\t\t<\/section>\n\t\t\t\t<section class=\"elementor-section elementor-top-section elementor-element elementor-element-77cc474 elementor-section-boxed elementor-section-height-default elementor-section-height-default\" data-id=\"77cc474\" data-element_type=\"section\" data-e-type=\"section\">\n\t\t\t\t\t\t<div class=\"elementor-container elementor-column-gap-default\">\n\t\t\t\t\t<div class=\"elementor-column elementor-col-50 elementor-top-column elementor-element elementor-element-7b9923c\" data-id=\"7b9923c\" data-element_type=\"column\" data-e-type=\"column\">\n\t\t\t<div class=\"elementor-widget-wrap elementor-element-populated\">\n\t\t\t\t\t\t<div class=\"elementor-element elementor-element-7def11f elementor-widget elementor-widget-text-editor\" data-id=\"7def11f\" data-element_type=\"widget\" data-e-type=\"widget\" data-widget_type=\"text-editor.default\">\n\t\t\t\t<div class=\"elementor-widget-container\">\n\t\t\t\t\t\t\t\t\t<div dir=\"auto\"><a href=\"https:\/\/www.facebook.com\/jenny.damm.566\/posts\/10155979970915633\">Link to FB post with videos<\/a><\/div><div dir=\"auto\">\u00a0<\/div><div dir=\"auto\">A little late but important update from our Swedish National Championship two weekends ago. Our little Miss Lilli did it again, we became Swedish National Champions, for the FOURTH year in a row! I think I still haven&#8217;t understood&#8230; It was (one of) my dream goals, to win again. I was thinking it could be cool to do it four times in a row. Maybe that was kind of a new thing?\u00a0<span class=\"pq6dq46d tbxw36s4 knj5qynh kvgmc6g5 ditlmg2l oygrvhab nvdbi5me sf5mxxl7 gl3lb2sf hhz5lgdu\"><img decoding=\"async\" src=\"https:\/\/www.facebook.com\/images\/emoji.php\/v9\/t56\/2\/16\/1f917.png\" alt=\"\ud83e\udd17\" width=\"16\" height=\"16\" \/><\/span>\u00a0But I also realised it was not very realistic. It requires a lot to win nowadays. There are so many good teams out there. And to have the time on the right side of the margin, you need to do a more than perfect run and you also need to be lucky. And how many times in a row can you be lucky..? Anyway. I loved the course by Stefanie Semkat and I was very excited to run. Ziv was the first dog of ours and she did a really nice run, but unfortunately she dropped the first bar. Second out was Lilli. I was thinking: &#8221;It&#8217;s just to give everything. I need that on this course. And you never know, this might be the last big final with this amazing dog. The most important is to enjoy the ride and trust the Lilli!&#8221; So, I could hardly help my self on the start line and I actually started way too early, which forced me to run a bit faster than needed in the beginning\u00a0<span class=\"pq6dq46d tbxw36s4 knj5qynh kvgmc6g5 ditlmg2l oygrvhab nvdbi5me sf5mxxl7 gl3lb2sf hhz5lgdu\"><img decoding=\"async\" src=\"https:\/\/www.facebook.com\/images\/emoji.php\/v9\/tbf\/2\/16\/1f61c.png\" alt=\"\ud83d\ude1c\" width=\"16\" height=\"16\" \/><\/span>\u00a0The rest of the run went exactly according to our plan and we went to the lead. After Lilli I also had Azta to run, I knew she could beat Lilli&#8217;s time and Azta felt so good and keen on every signal. But, suddenly I find my self running towards the wrong obstacle after the A-frame\u00a0<span class=\"pq6dq46d tbxw36s4 knj5qynh kvgmc6g5 ditlmg2l oygrvhab nvdbi5me sf5mxxl7 gl3lb2sf hhz5lgdu\"><img decoding=\"async\" src=\"https:\/\/www.facebook.com\/images\/emoji.php\/v9\/tcb\/2\/16\/1f631.png\" alt=\"\ud83d\ude31\" width=\"16\" height=\"16\" \/><\/span>\u00a0My body just followed the momentum and I forgot to change my direction. Two steps in the wrong direction means four steps back and that means the handler will be far too late for the next situation\u00a0<span class=\"pq6dq46d tbxw36s4 knj5qynh kvgmc6g5 ditlmg2l oygrvhab nvdbi5me sf5mxxl7 gl3lb2sf hhz5lgdu\"><img loading=\"lazy\" decoding=\"async\" src=\"https:\/\/www.facebook.com\/images\/emoji.php\/v9\/tf1\/2\/16\/1f648.png\" alt=\"\ud83d\ude48\" width=\"16\" height=\"16\" \/><\/span>. Poor little dog, it was definitely not her fault that she got disqualified. I think I forgot to memorise one last time, exactly what to do because I had ran the other dogs before. So, I took my planning too much for granted in the last run. Lesson learned. Never take any planning for granted! Anyway, I really enjoyed running with little Azta and her time will come, she&#8217;s so young (even if my lost steps were really annoying&#8230;\u00a0<span class=\"pq6dq46d tbxw36s4 knj5qynh kvgmc6g5 ditlmg2l oygrvhab nvdbi5me sf5mxxl7 gl3lb2sf hhz5lgdu\"><img loading=\"lazy\" decoding=\"async\" src=\"https:\/\/www.facebook.com\/images\/emoji.php\/v9\/t76\/2\/16\/1f928.png\" alt=\"\ud83e\udd28\" width=\"16\" height=\"16\" \/><\/span>) and even if Azta got disqualified, I was so happy for Lilli&#8217;s performance and she held the lead until the end.<\/div><div dir=\"auto\">I just did&#8217;t think it was real. But it was and what can I say&#8230;? Lilli is amazing. Four times individual Gold. In a row. Her brain&#8230; I wish someone could clone that brain (and the rest off the dog)!\u00a0<span class=\"pq6dq46d tbxw36s4 knj5qynh kvgmc6g5 ditlmg2l oygrvhab nvdbi5me sf5mxxl7 gl3lb2sf hhz5lgdu\"><img loading=\"lazy\" decoding=\"async\" src=\"https:\/\/www.facebook.com\/images\/emoji.php\/v9\/ted\/2\/16\/2764.png\" alt=\"\u2764\ufe0f\" width=\"16\" height=\"16\" \/><\/span><\/div><div dir=\"auto\">As usual. Success is so much about the people around. I am forever grateful for all those people. Jeanette Johansson for our amazing teamwork and our fantastic dogs. Britt Perez for being the breeder of this one in a million dog. Helena Steen and Chela, for your positive energy and all your help with everything. Organizers &#8211; it was a GREAT EVENT! Stefanie Semkat &#8211; it was such a fun final course! And last but not least, our sponsors, who help our dogs to stay in top shape and perform at their best\u00a0<span class=\"pq6dq46d tbxw36s4 knj5qynh kvgmc6g5 ditlmg2l oygrvhab nvdbi5me sf5mxxl7 gl3lb2sf hhz5lgdu\"><img loading=\"lazy\" decoding=\"async\" src=\"https:\/\/www.facebook.com\/images\/emoji.php\/v9\/ted\/2\/16\/2764.png\" alt=\"\u2764\ufe0f\" width=\"16\" height=\"16\" \/><\/span>\u00a0<a class=\"oajrlxb2 g5ia77u1 qu0x051f esr5mh6w e9989ue4 r7d6kgcz rq0escxv nhd2j8a9 nc684nl6 p7hjln8o kvgmc6g5 cxmmr5t8 oygrvhab hcukyx3x jb3vyjys rz4wbd8a qt6c0cv9 a8nywdso i1ao9s8h esuyzwwr f1sip0of lzcic4wl q66pz984 gpro0wi8 b1v8xokw\" tabindex=\"0\" role=\"link\" href=\"https:\/\/www.facebook.com\/hashtag\/fourfriendssverige?__eep__=6&amp;__cft__[0]=AZXcaqeSNP1juX1Q7XlDmFmvRtPbmjehZcKnI1Y-FtlBzKkxhF6NKBZY3jN5qQ7YfX2vPX-rJh9mQvLSqKC2P1iGehgcx-dw2Qj0ExKItgymgNlfAgkNpxfD_B77a9g99hQ&amp;__tn__=*NK-R\">#FourFriendsSverige<\/a>\u00a0<a class=\"oajrlxb2 g5ia77u1 qu0x051f esr5mh6w e9989ue4 r7d6kgcz rq0escxv nhd2j8a9 nc684nl6 p7hjln8o kvgmc6g5 cxmmr5t8 oygrvhab hcukyx3x jb3vyjys rz4wbd8a qt6c0cv9 a8nywdso i1ao9s8h esuyzwwr f1sip0of lzcic4wl q66pz984 gpro0wi8 b1v8xokw\" tabindex=\"0\" role=\"link\" href=\"https:\/\/www.facebook.com\/hashtag\/fourfriendsdogfood?__eep__=6&amp;__cft__[0]=AZXcaqeSNP1juX1Q7XlDmFmvRtPbmjehZcKnI1Y-FtlBzKkxhF6NKBZY3jN5qQ7YfX2vPX-rJh9mQvLSqKC2P1iGehgcx-dw2Qj0ExKItgymgNlfAgkNpxfD_B77a9g99hQ&amp;__tn__=*NK-R\">#FourFriendsDogFood<\/a>\u00a0<a class=\"oajrlxb2 g5ia77u1 qu0x051f esr5mh6w e9989ue4 r7d6kgcz rq0escxv nhd2j8a9 nc684nl6 p7hjln8o kvgmc6g5 cxmmr5t8 oygrvhab hcukyx3x jb3vyjys rz4wbd8a qt6c0cv9 a8nywdso i1ao9s8h esuyzwwr f1sip0of lzcic4wl q66pz984 gpro0wi8 b1v8xokw\" tabindex=\"0\" role=\"link\" href=\"https:\/\/www.facebook.com\/hashtag\/lupusfoderab?__eep__=6&amp;__cft__[0]=AZXcaqeSNP1juX1Q7XlDmFmvRtPbmjehZcKnI1Y-FtlBzKkxhF6NKBZY3jN5qQ7YfX2vPX-rJh9mQvLSqKC2P1iGehgcx-dw2Qj0ExKItgymgNlfAgkNpxfD_B77a9g99hQ&amp;__tn__=*NK-R\">#LupusFoderAB<\/a>\u00a0<a class=\"oajrlxb2 g5ia77u1 qu0x051f esr5mh6w e9989ue4 r7d6kgcz rq0escxv nhd2j8a9 nc684nl6 p7hjln8o kvgmc6g5 cxmmr5t8 oygrvhab hcukyx3x jb3vyjys rz4wbd8a qt6c0cv9 a8nywdso i1ao9s8h esuyzwwr f1sip0of lzcic4wl q66pz984 gpro0wi8 b1v8xokw\" tabindex=\"0\" role=\"link\" href=\"https:\/\/www.facebook.com\/hashtag\/aptussverige?__eep__=6&amp;__cft__[0]=AZXcaqeSNP1juX1Q7XlDmFmvRtPbmjehZcKnI1Y-FtlBzKkxhF6NKBZY3jN5qQ7YfX2vPX-rJh9mQvLSqKC2P1iGehgcx-dw2Qj0ExKItgymgNlfAgkNpxfD_B77a9g99hQ&amp;__tn__=*NK-R\">#AptusSverige<\/a>\u00a0<a class=\"oajrlxb2 g5ia77u1 qu0x051f esr5mh6w e9989ue4 r7d6kgcz rq0escxv nhd2j8a9 nc684nl6 p7hjln8o kvgmc6g5 cxmmr5t8 oygrvhab hcukyx3x jb3vyjys rz4wbd8a qt6c0cv9 a8nywdso i1ao9s8h esuyzwwr f1sip0of lzcic4wl q66pz984 gpro0wi8 b1v8xokw\" tabindex=\"0\" role=\"link\" href=\"https:\/\/www.facebook.com\/hashtag\/aptusprosport?__eep__=6&amp;__cft__[0]=AZXcaqeSNP1juX1Q7XlDmFmvRtPbmjehZcKnI1Y-FtlBzKkxhF6NKBZY3jN5qQ7YfX2vPX-rJh9mQvLSqKC2P1iGehgcx-dw2Qj0ExKItgymgNlfAgkNpxfD_B77a9g99hQ&amp;__tn__=*NK-R\">#AptusProSport<\/a>\u00a0<a class=\"oajrlxb2 g5ia77u1 qu0x051f esr5mh6w e9989ue4 r7d6kgcz rq0escxv nhd2j8a9 nc684nl6 p7hjln8o kvgmc6g5 cxmmr5t8 oygrvhab hcukyx3x jb3vyjys rz4wbd8a qt6c0cv9 a8nywdso i1ao9s8h esuyzwwr f1sip0of lzcic4wl q66pz984 gpro0wi8 b1v8xokw\" tabindex=\"0\" role=\"link\" href=\"https:\/\/www.facebook.com\/hashtag\/aptussportx?__eep__=6&amp;__cft__[0]=AZXcaqeSNP1juX1Q7XlDmFmvRtPbmjehZcKnI1Y-FtlBzKkxhF6NKBZY3jN5qQ7YfX2vPX-rJh9mQvLSqKC2P1iGehgcx-dw2Qj0ExKItgymgNlfAgkNpxfD_B77a9g99hQ&amp;__tn__=*NK-R\">#AptusSportX<\/a>\u00a0<a class=\"oajrlxb2 g5ia77u1 qu0x051f esr5mh6w e9989ue4 r7d6kgcz rq0escxv nhd2j8a9 nc684nl6 p7hjln8o kvgmc6g5 cxmmr5t8 oygrvhab hcukyx3x jb3vyjys rz4wbd8a qt6c0cv9 a8nywdso i1ao9s8h esuyzwwr f1sip0of lzcic4wl q66pz984 gpro0wi8 b1v8xokw\" tabindex=\"0\" role=\"link\" href=\"https:\/\/www.facebook.com\/hashtag\/h%C3%A4stochh%C3%A4lsa?__eep__=6&amp;__cft__[0]=AZXcaqeSNP1juX1Q7XlDmFmvRtPbmjehZcKnI1Y-FtlBzKkxhF6NKBZY3jN5qQ7YfX2vPX-rJh9mQvLSqKC2P1iGehgcx-dw2Qj0ExKItgymgNlfAgkNpxfD_B77a9g99hQ&amp;__tn__=*NK-R\">#H\u00e4stochH\u00e4lsa<\/a>\u00a0<a class=\"oajrlxb2 g5ia77u1 qu0x051f esr5mh6w e9989ue4 r7d6kgcz rq0escxv nhd2j8a9 nc684nl6 p7hjln8o kvgmc6g5 cxmmr5t8 oygrvhab hcukyx3x jb3vyjys rz4wbd8a qt6c0cv9 a8nywdso i1ao9s8h esuyzwwr f1sip0of lzcic4wl q66pz984 gpro0wi8 b1v8xokw\" tabindex=\"0\" role=\"link\" href=\"https:\/\/www.facebook.com\/hashtag\/sm%C3%A5djursh%C3%A4lsanivinsl%C3%B6v?__eep__=6&amp;__cft__[0]=AZXcaqeSNP1juX1Q7XlDmFmvRtPbmjehZcKnI1Y-FtlBzKkxhF6NKBZY3jN5qQ7YfX2vPX-rJh9mQvLSqKC2P1iGehgcx-dw2Qj0ExKItgymgNlfAgkNpxfD_B77a9g99hQ&amp;__tn__=*NK-R\">#Sm\u00e5djursh\u00e4lsaniVinsl\u00f6v<\/a>\u00a0<a class=\"oajrlxb2 g5ia77u1 qu0x051f esr5mh6w e9989ue4 r7d6kgcz rq0escxv nhd2j8a9 nc684nl6 p7hjln8o kvgmc6g5 cxmmr5t8 oygrvhab hcukyx3x jb3vyjys rz4wbd8a qt6c0cv9 a8nywdso i1ao9s8h esuyzwwr f1sip0of lzcic4wl q66pz984 gpro0wi8 b1v8xokw\" tabindex=\"0\" role=\"link\" href=\"https:\/\/www.facebook.com\/hashtag\/outnoutsweden?__eep__=6&amp;__cft__[0]=AZXcaqeSNP1juX1Q7XlDmFmvRtPbmjehZcKnI1Y-FtlBzKkxhF6NKBZY3jN5qQ7YfX2vPX-rJh9mQvLSqKC2P1iGehgcx-dw2Qj0ExKItgymgNlfAgkNpxfD_B77a9g99hQ&amp;__tn__=*NK-R\">#OutnOutSweden<\/a>\u00a0<a class=\"oajrlxb2 g5ia77u1 qu0x051f esr5mh6w e9989ue4 r7d6kgcz rq0escxv nhd2j8a9 nc684nl6 p7hjln8o kvgmc6g5 cxmmr5t8 oygrvhab hcukyx3x jb3vyjys rz4wbd8a qt6c0cv9 a8nywdso i1ao9s8h esuyzwwr f1sip0of lzcic4wl q66pz984 gpro0wi8 b1v8xokw\" tabindex=\"0\" role=\"link\" href=\"https:\/\/www.facebook.com\/hashtag\/outnoutdogcoats?__eep__=6&amp;__cft__[0]=AZXcaqeSNP1juX1Q7XlDmFmvRtPbmjehZcKnI1Y-FtlBzKkxhF6NKBZY3jN5qQ7YfX2vPX-rJh9mQvLSqKC2P1iGehgcx-dw2Qj0ExKItgymgNlfAgkNpxfD_B77a9g99hQ&amp;__tn__=*NK-R\">#OutnOutDogCoat<\/a><\/div>\t\t\t\t\t\t\t\t<\/div>\n\t\t\t\t<\/div>\n\t\t\t\t\t<\/div>\n\t\t<\/div>\n\t\t\t\t<div class=\"elementor-column elementor-col-50 elementor-top-column elementor-element elementor-element-db908fe\" data-id=\"db908fe\" data-element_type=\"column\" data-e-type=\"column\">\n\t\t\t<div class=\"elementor-widget-wrap elementor-element-populated\">\n\t\t\t\t\t\t<div class=\"elementor-element elementor-element-d5097a8 elementor-widget elementor-widget-image\" data-id=\"d5097a8\" data-element_type=\"widget\" data-e-type=\"widget\" data-widget_type=\"image.default\">\n\t\t\t\t<div class=\"elementor-widget-container\">\n\t\t\t\t\t\t\t\t\t\t\t\t\t\t\t<img loading=\"lazy\" decoding=\"async\" width=\"800\" height=\"533\" src=\"https:\/\/lotuseducation.se\/wp-content\/uploads\/2021\/08\/IMG_6646.jpg\" class=\"attachment-large size-large wp-image-4066\" alt=\"\" srcset=\"https:\/\/lotuseducation.se\/wp-content\/uploads\/2021\/08\/IMG_6646.jpg 960w, https:\/\/lotuseducation.se\/wp-content\/uploads\/2021\/08\/IMG_6646-300x200.jpg 300w, https:\/\/lotuseducation.se\/wp-content\/uploads\/2021\/08\/IMG_6646-768x512.jpg 768w\" sizes=\"(max-width: 800px) 100vw, 800px\" \/>\t\t\t\t\t\t\t\t\t\t\t\t\t\t\t<\/div>\n\t\t\t\t<\/div>\n\t\t\t\t<div class=\"elementor-element elementor-element-3e597c4 elementor-widget elementor-widget-spacer\" data-id=\"3e597c4\" data-element_type=\"widget\" data-e-type=\"widget\" data-widget_type=\"spacer.default\">\n\t\t\t\t<div class=\"elementor-widget-container\">\n\t\t\t\t\t\t\t<div class=\"elementor-spacer\">\n\t\t\t<div class=\"elementor-spacer-inner\"><\/div>\n\t\t<\/div>\n\t\t\t\t\t\t<\/div>\n\t\t\t\t<\/div>\n\t\t\t\t<div class=\"elementor-element elementor-element-549ce80 elementor-widget elementor-widget-image\" data-id=\"549ce80\" data-element_type=\"widget\" data-e-type=\"widget\" data-widget_type=\"image.default\">\n\t\t\t\t<div class=\"elementor-widget-container\">\n\t\t\t\t\t\t\t\t\t\t\t\t\t\t\t<img loading=\"lazy\" decoding=\"async\" width=\"800\" height=\"600\" src=\"https:\/\/lotuseducation.se\/wp-content\/uploads\/2021\/08\/SM_Klippan1-1024x768-1.jpeg\" class=\"attachment-large size-large wp-image-4205\" alt=\"\" srcset=\"https:\/\/lotuseducation.se\/wp-content\/uploads\/2021\/08\/SM_Klippan1-1024x768-1.jpeg 1024w, https:\/\/lotuseducation.se\/wp-content\/uploads\/2021\/08\/SM_Klippan1-1024x768-1-300x225.jpeg 300w, https:\/\/lotuseducation.se\/wp-content\/uploads\/2021\/08\/SM_Klippan1-1024x768-1-768x576.jpeg 768w\" sizes=\"(max-width: 800px) 100vw, 800px\" \/>\t\t\t\t\t\t\t\t\t\t\t\t\t\t\t<\/div>\n\t\t\t\t<\/div>\n\t\t\t\t\t<\/div>\n\t\t<\/div>\n\t\t\t\t\t<\/div>\n\t\t<\/section>\n\t\t\t\t<section class=\"elementor-section elementor-top-section elementor-element elementor-element-28133b0 elementor-section-boxed elementor-section-height-default elementor-section-height-default\" data-id=\"28133b0\" data-element_type=\"section\" data-e-type=\"section\">\n\t\t\t\t\t\t<div class=\"elementor-container elementor-column-gap-default\">\n\t\t\t\t\t<div class=\"elementor-column elementor-col-50 elementor-top-column elementor-element elementor-element-280c954\" data-id=\"280c954\" data-element_type=\"column\" data-e-type=\"column\">\n\t\t\t<div class=\"elementor-widget-wrap elementor-element-populated\">\n\t\t\t\t\t\t<div class=\"elementor-element elementor-element-2143548 elementor-widget elementor-widget-image\" data-id=\"2143548\" data-element_type=\"widget\" data-e-type=\"widget\" data-widget_type=\"image.default\">\n\t\t\t\t<div class=\"elementor-widget-container\">\n\t\t\t\t\t\t\t\t\t\t\t\t\t\t\t<img loading=\"lazy\" decoding=\"async\" width=\"800\" height=\"800\" src=\"https:\/\/lotuseducation.se\/wp-content\/uploads\/2021\/08\/CaClY76A-2-1024x1024.jpeg\" class=\"attachment-large size-large wp-image-4169\" alt=\"\" srcset=\"https:\/\/lotuseducation.se\/wp-content\/uploads\/2021\/08\/CaClY76A-2-1024x1024.jpeg 1024w, https:\/\/lotuseducation.se\/wp-content\/uploads\/2021\/08\/CaClY76A-2-300x300.jpeg 300w, https:\/\/lotuseducation.se\/wp-content\/uploads\/2021\/08\/CaClY76A-2-150x150.jpeg 150w, https:\/\/lotuseducation.se\/wp-content\/uploads\/2021\/08\/CaClY76A-2-768x768.jpeg 768w, https:\/\/lotuseducation.se\/wp-content\/uploads\/2021\/08\/CaClY76A-2-1536x1536.jpeg 1536w, https:\/\/lotuseducation.se\/wp-content\/uploads\/2021\/08\/CaClY76A-2-2048x2048.jpeg 2048w\" sizes=\"(max-width: 800px) 100vw, 800px\" \/>\t\t\t\t\t\t\t\t\t\t\t\t\t\t\t<\/div>\n\t\t\t\t<\/div>\n\t\t\t\t\t<\/div>\n\t\t<\/div>\n\t\t\t\t<div class=\"elementor-column elementor-col-50 elementor-top-column elementor-element elementor-element-4ebb209\" data-id=\"4ebb209\" data-element_type=\"column\" data-e-type=\"column\">\n\t\t\t<div class=\"elementor-widget-wrap elementor-element-populated\">\n\t\t\t\t\t\t<div class=\"elementor-element elementor-element-6bc28c0 elementor-widget elementor-widget-image\" data-id=\"6bc28c0\" data-element_type=\"widget\" data-e-type=\"widget\" data-widget_type=\"image.default\">\n\t\t\t\t<div class=\"elementor-widget-container\">\n\t\t\t\t\t\t\t\t\t\t\t\t\t\t\t<img loading=\"lazy\" decoding=\"async\" width=\"800\" height=\"532\" src=\"https:\/\/lotuseducation.se\/wp-content\/uploads\/2021\/08\/20190629-SM-Lordag-ind-XL-FotoMartinRimby-4-1024x681.jpg\" class=\"attachment-large size-large wp-image-4170\" alt=\"\" srcset=\"https:\/\/lotuseducation.se\/wp-content\/uploads\/2021\/08\/20190629-SM-Lordag-ind-XL-FotoMartinRimby-4-1024x681.jpg 1024w, https:\/\/lotuseducation.se\/wp-content\/uploads\/2021\/08\/20190629-SM-Lordag-ind-XL-FotoMartinRimby-4-300x200.jpg 300w, https:\/\/lotuseducation.se\/wp-content\/uploads\/2021\/08\/20190629-SM-Lordag-ind-XL-FotoMartinRimby-4-768x511.jpg 768w, https:\/\/lotuseducation.se\/wp-content\/uploads\/2021\/08\/20190629-SM-Lordag-ind-XL-FotoMartinRimby-4-1536x1022.jpg 1536w, https:\/\/lotuseducation.se\/wp-content\/uploads\/2021\/08\/20190629-SM-Lordag-ind-XL-FotoMartinRimby-4-2048x1363.jpg 2048w\" sizes=\"(max-width: 800px) 100vw, 800px\" \/>\t\t\t\t\t\t\t\t\t\t\t\t\t\t\t<\/div>\n\t\t\t\t<\/div>\n\t\t\t\t<div class=\"elementor-element elementor-element-67127d2 elementor-widget elementor-widget-image\" data-id=\"67127d2\" data-element_type=\"widget\" data-e-type=\"widget\" data-widget_type=\"image.default\">\n\t\t\t\t<div class=\"elementor-widget-container\">\n\t\t\t\t\t\t\t\t\t\t\t\t\t\t\t<img loading=\"lazy\" decoding=\"async\" width=\"800\" height=\"532\" src=\"https:\/\/lotuseducation.se\/wp-content\/uploads\/2021\/08\/20190630-SM-Sondag-Final-XL-FotoMartinRimby-6-1024x681.jpg\" class=\"attachment-large size-large wp-image-4168\" alt=\"\" srcset=\"https:\/\/lotuseducation.se\/wp-content\/uploads\/2021\/08\/20190630-SM-Sondag-Final-XL-FotoMartinRimby-6-1024x681.jpg 1024w, https:\/\/lotuseducation.se\/wp-content\/uploads\/2021\/08\/20190630-SM-Sondag-Final-XL-FotoMartinRimby-6-300x200.jpg 300w, https:\/\/lotuseducation.se\/wp-content\/uploads\/2021\/08\/20190630-SM-Sondag-Final-XL-FotoMartinRimby-6-768x511.jpg 768w, https:\/\/lotuseducation.se\/wp-content\/uploads\/2021\/08\/20190630-SM-Sondag-Final-XL-FotoMartinRimby-6-1536x1022.jpg 1536w, https:\/\/lotuseducation.se\/wp-content\/uploads\/2021\/08\/20190630-SM-Sondag-Final-XL-FotoMartinRimby-6-2048x1363.jpg 2048w\" sizes=\"(max-width: 800px) 100vw, 800px\" \/>\t\t\t\t\t\t\t\t\t\t\t\t\t\t\t<\/div>\n\t\t\t\t<\/div>\n\t\t\t\t\t<\/div>\n\t\t<\/div>\n\t\t\t\t\t<\/div>\n\t\t<\/section>\n\t\t\t\t<\/div>\n\t\t","protected":false},"excerpt":{"rendered":"<p>SM guld individuellt 2019 Link to FB post with videos\u00a0A little late but important update from our Swedish National Championship two weekends ago. Our little Miss Lilli did it again, we became Swedish National Champions, for the FOURTH year in a row! I think I still haven&#8217;t understood&#8230; It was (one of) my dream goals, [&hellip;]<\/p>\n","protected":false},"author":2,"featured_media":0,"parent":913,"menu_order":0,"comment_status":"closed","ping_status":"closed","template":"","meta":{"footnotes":""},"class_list":["post-3995","page","type-page","status-publish","hentry"],"_links":{"self":[{"href":"https:\/\/lotuseducation.se\/en\/wp-json\/wp\/v2\/pages\/3995","targetHints":{"allow":["GET"]}}],"collection":[{"href":"https:\/\/lotuseducation.se\/en\/wp-json\/wp\/v2\/pages"}],"about":[{"href":"https:\/\/lotuseducation.se\/en\/wp-json\/wp\/v2\/types\/page"}],"author":[{"embeddable":true,"href":"https:\/\/lotuseducation.se\/en\/wp-json\/wp\/v2\/users\/2"}],"replies":[{"embeddable":true,"href":"https:\/\/lotuseducation.se\/en\/wp-json\/wp\/v2\/comments?post=3995"}],"version-history":[{"count":19,"href":"https:\/\/lotuseducation.se\/en\/wp-json\/wp\/v2\/pages\/3995\/revisions"}],"predecessor-version":[{"id":4301,"href":"https:\/\/lotuseducation.se\/en\/wp-json\/wp\/v2\/pages\/3995\/revisions\/4301"}],"up":[{"embeddable":true,"href":"https:\/\/lotuseducation.se\/en\/wp-json\/wp\/v2\/pages\/913"}],"wp:attachment":[{"href":"https:\/\/lotuseducation.se\/en\/wp-json\/wp\/v2\/media?parent=3995"}],"curies":[{"name":"wp","href":"https:\/\/api.w.org\/{rel}","templated":true}]}}