{"id":4012,"date":"2021-08-19T11:48:15","date_gmt":"2021-08-19T09:48:15","guid":{"rendered":"http:\/\/lotuseducation.se\/?page_id=4012"},"modified":"2021-10-19T19:51:10","modified_gmt":"2021-10-19T17:51:10","slug":"sm-guld-individuellt-2018","status":"publish","type":"page","link":"https:\/\/lotuseducation.se\/en\/om\/meriter\/sm-guld-individuellt-2018\/","title":{"rendered":"SM guld individuellt 2018"},"content":{"rendered":"\t\t<div data-elementor-type=\"wp-page\" data-elementor-id=\"4012\" class=\"elementor elementor-4012\" data-elementor-post-type=\"page\">\n\t\t\t\t\t\t<section class=\"elementor-section elementor-top-section elementor-element elementor-element-409f492 elementor-section-boxed elementor-section-height-default elementor-section-height-default\" data-id=\"409f492\" data-element_type=\"section\" data-e-type=\"section\">\n\t\t\t\t\t\t<div class=\"elementor-container elementor-column-gap-default\">\n\t\t\t\t\t<div class=\"elementor-column elementor-col-100 elementor-top-column elementor-element elementor-element-4b747b1\" data-id=\"4b747b1\" data-element_type=\"column\" data-e-type=\"column\">\n\t\t\t<div class=\"elementor-widget-wrap\">\n\t\t\t\t\t\t\t<\/div>\n\t\t<\/div>\n\t\t\t\t\t<\/div>\n\t\t<\/section>\n\t\t\t\t<section class=\"elementor-section elementor-top-section elementor-element elementor-element-8c7e4af elementor-section-boxed elementor-section-height-default elementor-section-height-default\" data-id=\"8c7e4af\" data-element_type=\"section\" data-e-type=\"section\">\n\t\t\t\t\t\t<div class=\"elementor-container elementor-column-gap-default\">\n\t\t\t\t\t<div class=\"elementor-column elementor-col-100 elementor-top-column elementor-element elementor-element-dd53bfd\" data-id=\"dd53bfd\" data-element_type=\"column\" data-e-type=\"column\">\n\t\t\t<div class=\"elementor-widget-wrap elementor-element-populated\">\n\t\t\t\t\t\t<div class=\"elementor-element elementor-element-641cd59 elementor-widget elementor-widget-spacer\" data-id=\"641cd59\" data-element_type=\"widget\" data-e-type=\"widget\" data-widget_type=\"spacer.default\">\n\t\t\t\t<div class=\"elementor-widget-container\">\n\t\t\t\t\t\t\t<div class=\"elementor-spacer\">\n\t\t\t<div class=\"elementor-spacer-inner\"><\/div>\n\t\t<\/div>\n\t\t\t\t\t\t<\/div>\n\t\t\t\t<\/div>\n\t\t\t\t<div class=\"elementor-element elementor-element-d77fd20 elementor-widget elementor-widget-heading\" data-id=\"d77fd20\" data-element_type=\"widget\" data-e-type=\"widget\" data-widget_type=\"heading.default\">\n\t\t\t\t<div class=\"elementor-widget-container\">\n\t\t\t\t\t<h2 class=\"elementor-heading-title elementor-size-default\">SM guld individuellt 2018<\/h2>\t\t\t\t<\/div>\n\t\t\t\t<\/div>\n\t\t\t\t\t<\/div>\n\t\t<\/div>\n\t\t\t\t\t<\/div>\n\t\t<\/section>\n\t\t\t\t<section class=\"elementor-section elementor-top-section elementor-element elementor-element-9fd8af9 elementor-section-boxed elementor-section-height-default elementor-section-height-default\" data-id=\"9fd8af9\" data-element_type=\"section\" data-e-type=\"section\">\n\t\t\t\t\t\t<div class=\"elementor-container elementor-column-gap-default\">\n\t\t\t\t\t<div class=\"elementor-column elementor-col-50 elementor-top-column elementor-element elementor-element-1884b5f\" data-id=\"1884b5f\" data-element_type=\"column\" data-e-type=\"column\">\n\t\t\t<div class=\"elementor-widget-wrap elementor-element-populated\">\n\t\t\t\t\t\t<div class=\"elementor-element elementor-element-af721ed elementor-widget elementor-widget-text-editor\" data-id=\"af721ed\" data-element_type=\"widget\" data-e-type=\"widget\" data-widget_type=\"text-editor.default\">\n\t\t\t\t<div class=\"elementor-widget-container\">\n\t\t\t\t\t\t\t\t\t<div class=\"kvgmc6g5 cxmmr5t8 oygrvhab hcukyx3x c1et5uql ii04i59q\"><div dir=\"auto\"><a href=\"https:\/\/www.podbean.com\/media\/share\/pb-m4szj-9495ba?fbclid=IwAR2-d5PxwTey4tSjovgvxjVXrFXT3tCx57eEP7MraNN05B76BEBrXlQORMU\">Link to Podcast\u00a0<\/a><\/div><div dir=\"auto\">I have been a bit busy since last weekend and I think my brain didn&#8217;t yet realise what happened&#8230; One of my dream goals this year was to win the Swedish national championship for the third time in a row. I hadn\u2019t tried that before and no one else in Sweden had done that before, so I thought that was a fun goal to have. I knew it was a challenge for my self in many ways, and agility is agility, which means there are soooo many things that can happen during a run. It\u2019s still kind of unreal but yes, we did it, we are Swedish Champions for the third year in a row!<\/div><\/div><div class=\"o9v6fnle cxmmr5t8 oygrvhab hcukyx3x c1et5uql ii04i59q\"><div dir=\"auto\">Nettan and I had a fun, long road trip on tiny roads up north to Sundsvall, where the championship took place. We took it slowly and made several stops for flee-markets, interesting flowers, beautiful lakes and nice cafe\u2019s. It\u2019s always a great energy boost to travel with Nettan and our pack! We had an interesting and fun weekend in Sundsvall and the competition and the courses were great!<\/div><\/div><div class=\"o9v6fnle cxmmr5t8 oygrvhab hcukyx3x c1et5uql ii04i59q\"><div dir=\"auto\">Lilli qualified already on Friday by winning the agility course and I was really pleased with our run. Ziv didn\u2019t qualify for the final, unfortunately. I was really happy with her performance but not so happy with my self. One small planning mistake caused a dropped bar in the second run and in the first run, I forgot to look at my dog for a second. But she was great and did so many good things, my little coyote!<\/div><\/div><div class=\"o9v6fnle cxmmr5t8 oygrvhab hcukyx3x c1et5uql ii04i59q\"><div dir=\"auto\">In the jumpers run on Saturday I wanted to push the course time and change my handling choice right before the start (Lilli was already qualified, so the result was not important for the final). I just forgot to plan my verbals when I changed plan, which caused an elimination in the end of the run. This together with my planning mistake with Ziv really annoyed me. So, for the finals, Nettan and I planned everything extra carefully. But I was a bit late for course walk and I had troubles to make decisions and get organised in my head\u2026 So I got a bit stressed at first. But after some discussion with myself and Nettan my head got organised right in time for my run ;o)<\/div><\/div><div class=\"o9v6fnle cxmmr5t8 oygrvhab hcukyx3x c1et5uql ii04i59q\"><div dir=\"auto\">I was so focused and so excited for the run and I had to force my self to walk as long as I had planned in the start. Not just take the leash off an run\u2026! Ha\u2026 it was hard but I managed to get as far as I needed and when we started to run it was just so much fun. I really enjoyed the course and Lilli, what can one say. She is just amazing, a real super-star. Her focus and talent is just unreal and I admire her so much. And on the top of that, she is so much fun! I think she enjoys the victory lap more than anyone else. We have had many successes together, but I think this is one of the most special achievements in my career. Both Lilli, Nettan and I were so happy.<\/div><\/div><div class=\"o9v6fnle cxmmr5t8 oygrvhab hcukyx3x c1et5uql ii04i59q\"><div dir=\"auto\">Do I need to say that the 10 hours drive home was easy? And on the way home, we stopped by and visited my parents and went to a meeting. Then we stopped by at my place to pick up Nettan\u2019s car and after that, we continued to Nettan and went for an amazing concert that Nettan\u2019s sister in law arranged. She had put together several really talented musicians and it was just a fantastic final of this very special weekend.<\/div><\/div><div class=\"o9v6fnle cxmmr5t8 oygrvhab hcukyx3x c1et5uql ii04i59q\"><div dir=\"auto\">Thank you, everyone who supports us and cheer for us, it means so much!<\/div><\/div><div class=\"o9v6fnle cxmmr5t8 oygrvhab hcukyx3x c1et5uql ii04i59q\"><div dir=\"auto\">Thank you <a class=\"oajrlxb2 g5ia77u1 qu0x051f esr5mh6w e9989ue4 r7d6kgcz rq0escxv nhd2j8a9 nc684nl6 p7hjln8o kvgmc6g5 cxmmr5t8 oygrvhab hcukyx3x jb3vyjys rz4wbd8a qt6c0cv9 a8nywdso i1ao9s8h esuyzwwr f1sip0of lzcic4wl q66pz984 gpro0wi8 b1v8xokw\" tabindex=\"0\" role=\"link\" href=\"https:\/\/www.facebook.com\/hashtag\/lupusfoderab?__eep__=6&amp;__cft__[0]=AZWdzCL_K_zQwA0o_DMcU0MhUcDSLuBCgaRG4eQaTlDBEDLcn6kX7rR0HaFx3DVaPsWghpYDKvhn-9EEO3AcLidL1gA57v4J19FvA72Iw55Xd6ePLOKsY9Tg3qRd05QXVutprhbNzDH0Uf_0sUjDv1xm&amp;__tn__=*NK-R\">#Lupusfoderab<\/a> <a class=\"oajrlxb2 g5ia77u1 qu0x051f esr5mh6w e9989ue4 r7d6kgcz rq0escxv nhd2j8a9 nc684nl6 p7hjln8o kvgmc6g5 cxmmr5t8 oygrvhab hcukyx3x jb3vyjys rz4wbd8a qt6c0cv9 a8nywdso i1ao9s8h esuyzwwr f1sip0of lzcic4wl q66pz984 gpro0wi8 b1v8xokw\" tabindex=\"0\" role=\"link\" href=\"https:\/\/www.facebook.com\/hashtag\/aptusprosport?__eep__=6&amp;__cft__[0]=AZWdzCL_K_zQwA0o_DMcU0MhUcDSLuBCgaRG4eQaTlDBEDLcn6kX7rR0HaFx3DVaPsWghpYDKvhn-9EEO3AcLidL1gA57v4J19FvA72Iw55Xd6ePLOKsY9Tg3qRd05QXVutprhbNzDH0Uf_0sUjDv1xm&amp;__tn__=*NK-R\">#aptusProsport<\/a> <a class=\"oajrlxb2 g5ia77u1 qu0x051f esr5mh6w e9989ue4 r7d6kgcz rq0escxv nhd2j8a9 nc684nl6 p7hjln8o kvgmc6g5 cxmmr5t8 oygrvhab hcukyx3x jb3vyjys rz4wbd8a qt6c0cv9 a8nywdso i1ao9s8h esuyzwwr f1sip0of lzcic4wl q66pz984 gpro0wi8 b1v8xokw\" tabindex=\"0\" role=\"link\" href=\"https:\/\/www.facebook.com\/hashtag\/aptussportx?__eep__=6&amp;__cft__[0]=AZWdzCL_K_zQwA0o_DMcU0MhUcDSLuBCgaRG4eQaTlDBEDLcn6kX7rR0HaFx3DVaPsWghpYDKvhn-9EEO3AcLidL1gA57v4J19FvA72Iw55Xd6ePLOKsY9Tg3qRd05QXVutprhbNzDH0Uf_0sUjDv1xm&amp;__tn__=*NK-R\">#aptusSportx<\/a> <a class=\"oajrlxb2 g5ia77u1 qu0x051f esr5mh6w e9989ue4 r7d6kgcz rq0escxv nhd2j8a9 nc684nl6 p7hjln8o kvgmc6g5 cxmmr5t8 oygrvhab hcukyx3x jb3vyjys rz4wbd8a qt6c0cv9 a8nywdso i1ao9s8h esuyzwwr f1sip0of lzcic4wl q66pz984 gpro0wi8 b1v8xokw\" tabindex=\"0\" role=\"link\" href=\"https:\/\/www.facebook.com\/hashtag\/aptuspet?__eep__=6&amp;__cft__[0]=AZWdzCL_K_zQwA0o_DMcU0MhUcDSLuBCgaRG4eQaTlDBEDLcn6kX7rR0HaFx3DVaPsWghpYDKvhn-9EEO3AcLidL1gA57v4J19FvA72Iw55Xd6ePLOKsY9Tg3qRd05QXVutprhbNzDH0Uf_0sUjDv1xm&amp;__tn__=*NK-R\">#aptuspet<\/a> <a class=\"oajrlxb2 g5ia77u1 qu0x051f esr5mh6w e9989ue4 r7d6kgcz rq0escxv nhd2j8a9 nc684nl6 p7hjln8o kvgmc6g5 cxmmr5t8 oygrvhab hcukyx3x jb3vyjys rz4wbd8a qt6c0cv9 a8nywdso i1ao9s8h esuyzwwr f1sip0of lzcic4wl q66pz984 gpro0wi8 b1v8xokw\" tabindex=\"0\" role=\"link\" href=\"https:\/\/www.facebook.com\/hashtag\/sm%C3%A5djursh%C3%A4lsanivinsl%C3%B6v?__eep__=6&amp;__cft__[0]=AZWdzCL_K_zQwA0o_DMcU0MhUcDSLuBCgaRG4eQaTlDBEDLcn6kX7rR0HaFx3DVaPsWghpYDKvhn-9EEO3AcLidL1gA57v4J19FvA72Iw55Xd6ePLOKsY9Tg3qRd05QXVutprhbNzDH0Uf_0sUjDv1xm&amp;__tn__=*NK-R\">#sm\u00e5djursh\u00e4lsanivinsl\u00f6v<\/a> <a class=\"oajrlxb2 g5ia77u1 qu0x051f esr5mh6w e9989ue4 r7d6kgcz rq0escxv nhd2j8a9 nc684nl6 p7hjln8o kvgmc6g5 cxmmr5t8 oygrvhab hcukyx3x jb3vyjys rz4wbd8a qt6c0cv9 a8nywdso i1ao9s8h esuyzwwr f1sip0of lzcic4wl q66pz984 gpro0wi8 b1v8xokw\" tabindex=\"0\" role=\"link\" href=\"https:\/\/www.facebook.com\/AptusSverige\/?__cft__[0]=AZWdzCL_K_zQwA0o_DMcU0MhUcDSLuBCgaRG4eQaTlDBEDLcn6kX7rR0HaFx3DVaPsWghpYDKvhn-9EEO3AcLidL1gA57v4J19FvA72Iw55Xd6ePLOKsY9Tg3qRd05QXVutprhbNzDH0Uf_0sUjDv1xm&amp;__tn__=kK-R\"><span class=\"nc684nl6\">Aptus Sverige<\/span><\/a> <a class=\"oajrlxb2 g5ia77u1 qu0x051f esr5mh6w e9989ue4 r7d6kgcz rq0escxv nhd2j8a9 nc684nl6 p7hjln8o kvgmc6g5 cxmmr5t8 oygrvhab hcukyx3x jb3vyjys rz4wbd8a qt6c0cv9 a8nywdso i1ao9s8h esuyzwwr f1sip0of lzcic4wl q66pz984 gpro0wi8 b1v8xokw\" tabindex=\"0\" role=\"link\" href=\"https:\/\/www.facebook.com\/hashtag\/h%C3%A4stochh%C3%A4lsa?__eep__=6&amp;__cft__[0]=AZWdzCL_K_zQwA0o_DMcU0MhUcDSLuBCgaRG4eQaTlDBEDLcn6kX7rR0HaFx3DVaPsWghpYDKvhn-9EEO3AcLidL1gA57v4J19FvA72Iw55Xd6ePLOKsY9Tg3qRd05QXVutprhbNzDH0Uf_0sUjDv1xm&amp;__tn__=*NK-R\">#h\u00e4stochh\u00e4lsa<\/a> <a class=\"oajrlxb2 g5ia77u1 qu0x051f esr5mh6w e9989ue4 r7d6kgcz rq0escxv nhd2j8a9 nc684nl6 p7hjln8o kvgmc6g5 cxmmr5t8 oygrvhab hcukyx3x jb3vyjys rz4wbd8a qt6c0cv9 a8nywdso i1ao9s8h esuyzwwr f1sip0of lzcic4wl q66pz984 gpro0wi8 b1v8xokw\" tabindex=\"0\" role=\"link\" href=\"https:\/\/www.facebook.com\/hashtag\/outnoutsweden?__eep__=6&amp;__cft__[0]=AZWdzCL_K_zQwA0o_DMcU0MhUcDSLuBCgaRG4eQaTlDBEDLcn6kX7rR0HaFx3DVaPsWghpYDKvhn-9EEO3AcLidL1gA57v4J19FvA72Iw55Xd6ePLOKsY9Tg3qRd05QXVutprhbNzDH0Uf_0sUjDv1xm&amp;__tn__=*NK-R\">#outnoutSweden<\/a> you are all a big part of our team and you all help us to perform at our best!<\/div><\/div><div class=\"o9v6fnle cxmmr5t8 oygrvhab hcukyx3x c1et5uql ii04i59q\"><div dir=\"auto\">Thank you, judges <a class=\"oajrlxb2 g5ia77u1 qu0x051f esr5mh6w e9989ue4 r7d6kgcz rq0escxv nhd2j8a9 nc684nl6 p7hjln8o kvgmc6g5 cxmmr5t8 oygrvhab hcukyx3x jb3vyjys rz4wbd8a qt6c0cv9 a8nywdso i1ao9s8h esuyzwwr f1sip0of lzcic4wl q66pz984 gpro0wi8 b1v8xokw\" tabindex=\"0\" role=\"link\" href=\"https:\/\/www.facebook.com\/jocke.tangfelt?__cft__[0]=AZWdzCL_K_zQwA0o_DMcU0MhUcDSLuBCgaRG4eQaTlDBEDLcn6kX7rR0HaFx3DVaPsWghpYDKvhn-9EEO3AcLidL1gA57v4J19FvA72Iw55Xd6ePLOKsY9Tg3qRd05QXVutprhbNzDH0Uf_0sUjDv1xm&amp;__tn__=-]K-R\"><span class=\"nc684nl6\">Jocke Tangfelt<\/span><\/a> and <a class=\"oajrlxb2 g5ia77u1 qu0x051f esr5mh6w e9989ue4 r7d6kgcz rq0escxv nhd2j8a9 nc684nl6 p7hjln8o kvgmc6g5 cxmmr5t8 oygrvhab hcukyx3x jb3vyjys rz4wbd8a qt6c0cv9 a8nywdso i1ao9s8h esuyzwwr f1sip0of lzcic4wl q66pz984 gpro0wi8 b1v8xokw\" tabindex=\"0\" role=\"link\" href=\"https:\/\/www.facebook.com\/bonnik.berthelsen?__cft__[0]=AZWdzCL_K_zQwA0o_DMcU0MhUcDSLuBCgaRG4eQaTlDBEDLcn6kX7rR0HaFx3DVaPsWghpYDKvhn-9EEO3AcLidL1gA57v4J19FvA72Iw55Xd6ePLOKsY9Tg3qRd05QXVutprhbNzDH0Uf_0sUjDv1xm&amp;__tn__=-]K-R\"><span class=\"nc684nl6\">Bonnik Berthelsen<\/span><\/a> and organisers, for a great show! The courses were challenging, fun and\u2026.looong!<\/div><\/div><div class=\"o9v6fnle cxmmr5t8 oygrvhab hcukyx3x c1et5uql ii04i59q\"><div dir=\"auto\">Thank you <a class=\"oajrlxb2 g5ia77u1 qu0x051f esr5mh6w e9989ue4 r7d6kgcz rq0escxv nhd2j8a9 nc684nl6 p7hjln8o kvgmc6g5 cxmmr5t8 oygrvhab hcukyx3x jb3vyjys rz4wbd8a qt6c0cv9 a8nywdso i1ao9s8h esuyzwwr f1sip0of lzcic4wl q66pz984 gpro0wi8 b1v8xokw\" tabindex=\"0\" role=\"link\" href=\"https:\/\/www.facebook.com\/elvis211?__cft__[0]=AZWdzCL_K_zQwA0o_DMcU0MhUcDSLuBCgaRG4eQaTlDBEDLcn6kX7rR0HaFx3DVaPsWghpYDKvhn-9EEO3AcLidL1gA57v4J19FvA72Iw55Xd6ePLOKsY9Tg3qRd05QXVutprhbNzDH0Uf_0sUjDv1xm&amp;__tn__=-]K-R\"><span class=\"nc684nl6\">Joakim Persson<\/span><\/a>, <a class=\"oajrlxb2 g5ia77u1 qu0x051f esr5mh6w e9989ue4 r7d6kgcz rq0escxv nhd2j8a9 nc684nl6 p7hjln8o kvgmc6g5 cxmmr5t8 oygrvhab hcukyx3x jb3vyjys rz4wbd8a qt6c0cv9 a8nywdso i1ao9s8h esuyzwwr f1sip0of lzcic4wl q66pz984 gpro0wi8 b1v8xokw\" tabindex=\"0\" role=\"link\" href=\"https:\/\/www.facebook.com\/rimby?__cft__[0]=AZWdzCL_K_zQwA0o_DMcU0MhUcDSLuBCgaRG4eQaTlDBEDLcn6kX7rR0HaFx3DVaPsWghpYDKvhn-9EEO3AcLidL1gA57v4J19FvA72Iw55Xd6ePLOKsY9Tg3qRd05QXVutprhbNzDH0Uf_0sUjDv1xm&amp;__tn__=-]K-R\"><span class=\"nc684nl6\">Martin Rimby<\/span><\/a> and Camilla Jakobsson for great photo shots, fun memories captured!<\/div><\/div><div class=\"o9v6fnle cxmmr5t8 oygrvhab hcukyx3x c1et5uql ii04i59q\"><div dir=\"auto\">And of course. THANK YOU NETTAN (<a class=\"oajrlxb2 g5ia77u1 qu0x051f esr5mh6w e9989ue4 r7d6kgcz rq0escxv nhd2j8a9 nc684nl6 p7hjln8o kvgmc6g5 cxmmr5t8 oygrvhab hcukyx3x jb3vyjys rz4wbd8a qt6c0cv9 a8nywdso i1ao9s8h esuyzwwr f1sip0of lzcic4wl q66pz984 gpro0wi8 b1v8xokw\" tabindex=\"0\" role=\"link\" href=\"https:\/\/www.facebook.com\/jeanette.johansson.9022?__cft__[0]=AZWdzCL_K_zQwA0o_DMcU0MhUcDSLuBCgaRG4eQaTlDBEDLcn6kX7rR0HaFx3DVaPsWghpYDKvhn-9EEO3AcLidL1gA57v4J19FvA72Iw55Xd6ePLOKsY9Tg3qRd05QXVutprhbNzDH0Uf_0sUjDv1xm&amp;__tn__=-]K-R\"><span class=\"nc684nl6\">Jeanette Johansson<\/span><\/a>). But words are not enough, and you already know how much you mean to me.<\/div><\/div>\t\t\t\t\t\t\t\t<\/div>\n\t\t\t\t<\/div>\n\t\t\t\t<div class=\"elementor-element elementor-element-504c03d elementor-widget elementor-widget-image\" data-id=\"504c03d\" data-element_type=\"widget\" data-e-type=\"widget\" data-widget_type=\"image.default\">\n\t\t\t\t<div class=\"elementor-widget-container\">\n\t\t\t\t\t\t\t\t\t\t\t\t\t\t\t<img fetchpriority=\"high\" decoding=\"async\" width=\"800\" height=\"600\" src=\"https:\/\/lotuseducation.se\/wp-content\/uploads\/2021\/08\/IMG_6888-1024x768.jpeg\" class=\"attachment-large size-large wp-image-4061\" alt=\"\" srcset=\"https:\/\/lotuseducation.se\/wp-content\/uploads\/2021\/08\/IMG_6888-1024x768.jpeg 1024w, https:\/\/lotuseducation.se\/wp-content\/uploads\/2021\/08\/IMG_6888-300x225.jpeg 300w, https:\/\/lotuseducation.se\/wp-content\/uploads\/2021\/08\/IMG_6888-768x576.jpeg 768w, https:\/\/lotuseducation.se\/wp-content\/uploads\/2021\/08\/IMG_6888-1536x1152.jpeg 1536w, https:\/\/lotuseducation.se\/wp-content\/uploads\/2021\/08\/IMG_6888-2048x1536.jpeg 2048w\" sizes=\"(max-width: 800px) 100vw, 800px\" \/>\t\t\t\t\t\t\t\t\t\t\t\t\t\t\t<\/div>\n\t\t\t\t<\/div>\n\t\t\t\t\t<\/div>\n\t\t<\/div>\n\t\t\t\t<div class=\"elementor-column elementor-col-50 elementor-top-column elementor-element elementor-element-be2350c\" data-id=\"be2350c\" data-element_type=\"column\" data-e-type=\"column\">\n\t\t\t<div class=\"elementor-widget-wrap elementor-element-populated\">\n\t\t\t\t\t\t<div class=\"elementor-element elementor-element-4cd1cc0 elementor-widget elementor-widget-video\" data-id=\"4cd1cc0\" data-element_type=\"widget\" data-e-type=\"widget\" data-settings=\"{&quot;youtube_url&quot;:&quot;https:\\\/\\\/youtu.be\\\/bitOwyN3gOk&quot;,&quot;video_type&quot;:&quot;youtube&quot;,&quot;controls&quot;:&quot;yes&quot;}\" data-widget_type=\"video.default\">\n\t\t\t\t<div class=\"elementor-widget-container\">\n\t\t\t\t\t\t\t<div class=\"elementor-wrapper elementor-open-inline\">\n\t\t\t<div class=\"elementor-video\"><\/div>\t\t<\/div>\n\t\t\t\t\t\t<\/div>\n\t\t\t\t<\/div>\n\t\t\t\t<div class=\"elementor-element elementor-element-d7949af elementor-widget elementor-widget-video\" data-id=\"d7949af\" data-element_type=\"widget\" data-e-type=\"widget\" data-settings=\"{&quot;youtube_url&quot;:&quot;https:\\\/\\\/youtu.be\\\/VONqxFnWm_c&quot;,&quot;video_type&quot;:&quot;youtube&quot;,&quot;controls&quot;:&quot;yes&quot;}\" data-widget_type=\"video.default\">\n\t\t\t\t<div class=\"elementor-widget-container\">\n\t\t\t\t\t\t\t<div class=\"elementor-wrapper elementor-open-inline\">\n\t\t\t<div class=\"elementor-video\"><\/div>\t\t<\/div>\n\t\t\t\t\t\t<\/div>\n\t\t\t\t<\/div>\n\t\t\t\t<div class=\"elementor-element elementor-element-3d761e7 elementor-widget elementor-widget-image\" data-id=\"3d761e7\" data-element_type=\"widget\" data-e-type=\"widget\" data-widget_type=\"image.default\">\n\t\t\t\t<div class=\"elementor-widget-container\">\n\t\t\t\t\t\t\t\t\t\t\t\t\t\t\t<img decoding=\"async\" width=\"800\" height=\"534\" src=\"https:\/\/lotuseducation.se\/wp-content\/uploads\/2021\/08\/36726586_10155259486425633_3497958680261820416_n-1024x684.jpg\" class=\"attachment-large size-large wp-image-4149\" alt=\"\" srcset=\"https:\/\/lotuseducation.se\/wp-content\/uploads\/2021\/08\/36726586_10155259486425633_3497958680261820416_n-1024x684.jpg 1024w, https:\/\/lotuseducation.se\/wp-content\/uploads\/2021\/08\/36726586_10155259486425633_3497958680261820416_n-300x200.jpg 300w, https:\/\/lotuseducation.se\/wp-content\/uploads\/2021\/08\/36726586_10155259486425633_3497958680261820416_n-768x513.jpg 768w, https:\/\/lotuseducation.se\/wp-content\/uploads\/2021\/08\/36726586_10155259486425633_3497958680261820416_n-1536x1025.jpg 1536w, https:\/\/lotuseducation.se\/wp-content\/uploads\/2021\/08\/36726586_10155259486425633_3497958680261820416_n.jpg 2048w\" sizes=\"(max-width: 800px) 100vw, 800px\" \/>\t\t\t\t\t\t\t\t\t\t\t\t\t\t\t<\/div>\n\t\t\t\t<\/div>\n\t\t\t\t<div class=\"elementor-element elementor-element-990f17d elementor-widget elementor-widget-image\" data-id=\"990f17d\" data-element_type=\"widget\" data-e-type=\"widget\" data-widget_type=\"image.default\">\n\t\t\t\t<div class=\"elementor-widget-container\">\n\t\t\t\t\t\t\t\t\t\t\t\t\t\t\t<img decoding=\"async\" width=\"800\" height=\"533\" src=\"https:\/\/lotuseducation.se\/wp-content\/uploads\/2021\/08\/20180629-sm-ind-jenny-fotomartinrimby-3-1024x682.jpg\" class=\"attachment-large size-large wp-image-3240\" alt=\"\" srcset=\"https:\/\/lotuseducation.se\/wp-content\/uploads\/2021\/08\/20180629-sm-ind-jenny-fotomartinrimby-3-1024x682.jpg 1024w, https:\/\/lotuseducation.se\/wp-content\/uploads\/2021\/08\/20180629-sm-ind-jenny-fotomartinrimby-3-300x200.jpg 300w, https:\/\/lotuseducation.se\/wp-content\/uploads\/2021\/08\/20180629-sm-ind-jenny-fotomartinrimby-3-768x511.jpg 768w, https:\/\/lotuseducation.se\/wp-content\/uploads\/2021\/08\/20180629-sm-ind-jenny-fotomartinrimby-3-1536x1022.jpg 1536w, https:\/\/lotuseducation.se\/wp-content\/uploads\/2021\/08\/20180629-sm-ind-jenny-fotomartinrimby-3-2048x1363.jpg 2048w\" sizes=\"(max-width: 800px) 100vw, 800px\" \/>\t\t\t\t\t\t\t\t\t\t\t\t\t\t\t<\/div>\n\t\t\t\t<\/div>\n\t\t\t\t<div class=\"elementor-element elementor-element-a57788e elementor-widget elementor-widget-image\" data-id=\"a57788e\" data-element_type=\"widget\" data-e-type=\"widget\" data-widget_type=\"image.default\">\n\t\t\t\t<div class=\"elementor-widget-container\">\n\t\t\t\t\t\t\t\t\t\t\t\t\t\t\t<img loading=\"lazy\" decoding=\"async\" width=\"800\" height=\"533\" src=\"https:\/\/lotuseducation.se\/wp-content\/uploads\/2021\/08\/36536695_10155259538560633_5400146523965095936_n-1024x682.jpg\" class=\"attachment-large size-large wp-image-4155\" alt=\"\" srcset=\"https:\/\/lotuseducation.se\/wp-content\/uploads\/2021\/08\/36536695_10155259538560633_5400146523965095936_n-1024x682.jpg 1024w, https:\/\/lotuseducation.se\/wp-content\/uploads\/2021\/08\/36536695_10155259538560633_5400146523965095936_n-300x200.jpg 300w, https:\/\/lotuseducation.se\/wp-content\/uploads\/2021\/08\/36536695_10155259538560633_5400146523965095936_n-768x511.jpg 768w, https:\/\/lotuseducation.se\/wp-content\/uploads\/2021\/08\/36536695_10155259538560633_5400146523965095936_n.jpg 1280w\" sizes=\"(max-width: 800px) 100vw, 800px\" \/>\t\t\t\t\t\t\t\t\t\t\t\t\t\t\t<\/div>\n\t\t\t\t<\/div>\n\t\t\t\t<div class=\"elementor-element elementor-element-7d2f231 elementor-widget elementor-widget-image\" data-id=\"7d2f231\" data-element_type=\"widget\" data-e-type=\"widget\" data-widget_type=\"image.default\">\n\t\t\t\t<div class=\"elementor-widget-container\">\n\t\t\t\t\t\t\t\t\t\t\t\t\t\t\t<img loading=\"lazy\" decoding=\"async\" width=\"800\" height=\"533\" src=\"https:\/\/lotuseducation.se\/wp-content\/uploads\/2021\/08\/36678964_10155259538580633_2993398811524595712_n-1024x682.jpg\" class=\"attachment-large size-large wp-image-4154\" alt=\"\" srcset=\"https:\/\/lotuseducation.se\/wp-content\/uploads\/2021\/08\/36678964_10155259538580633_2993398811524595712_n-1024x682.jpg 1024w, https:\/\/lotuseducation.se\/wp-content\/uploads\/2021\/08\/36678964_10155259538580633_2993398811524595712_n-300x200.jpg 300w, https:\/\/lotuseducation.se\/wp-content\/uploads\/2021\/08\/36678964_10155259538580633_2993398811524595712_n-768x511.jpg 768w, https:\/\/lotuseducation.se\/wp-content\/uploads\/2021\/08\/36678964_10155259538580633_2993398811524595712_n.jpg 1280w\" sizes=\"(max-width: 800px) 100vw, 800px\" \/>\t\t\t\t\t\t\t\t\t\t\t\t\t\t\t<\/div>\n\t\t\t\t<\/div>\n\t\t\t\t<div class=\"elementor-element elementor-element-4ddc694 elementor-widget elementor-widget-image\" data-id=\"4ddc694\" data-element_type=\"widget\" data-e-type=\"widget\" data-widget_type=\"image.default\">\n\t\t\t\t<div class=\"elementor-widget-container\">\n\t\t\t\t\t\t\t\t\t\t\t\t\t\t\t<img loading=\"lazy\" decoding=\"async\" width=\"800\" height=\"556\" src=\"https:\/\/lotuseducation.se\/wp-content\/uploads\/2021\/08\/36743691_10155259538000633_1121444964899749888_n-e1629386086499-1024x712.jpg\" class=\"attachment-large size-large wp-image-4156\" alt=\"\" srcset=\"https:\/\/lotuseducation.se\/wp-content\/uploads\/2021\/08\/36743691_10155259538000633_1121444964899749888_n-e1629386086499-1024x712.jpg 1024w, https:\/\/lotuseducation.se\/wp-content\/uploads\/2021\/08\/36743691_10155259538000633_1121444964899749888_n-e1629386086499-300x209.jpg 300w, https:\/\/lotuseducation.se\/wp-content\/uploads\/2021\/08\/36743691_10155259538000633_1121444964899749888_n-e1629386086499-768x534.jpg 768w, https:\/\/lotuseducation.se\/wp-content\/uploads\/2021\/08\/36743691_10155259538000633_1121444964899749888_n-e1629386086499.jpg 1179w\" sizes=\"(max-width: 800px) 100vw, 800px\" \/>\t\t\t\t\t\t\t\t\t\t\t\t\t\t\t<\/div>\n\t\t\t\t<\/div>\n\t\t\t\t\t<\/div>\n\t\t<\/div>\n\t\t\t\t\t<\/div>\n\t\t<\/section>\n\t\t\t\t<\/div>\n\t\t","protected":false},"excerpt":{"rendered":"<p>SM guld individuellt 2018 Link to Podcast\u00a0I have been a bit busy since last weekend and I think my brain didn&#8217;t yet realise what happened&#8230; One of my dream goals this year was to win the Swedish national championship for the third time in a row. I hadn\u2019t tried that before and no one else [&hellip;]<\/p>\n","protected":false},"author":2,"featured_media":0,"parent":913,"menu_order":0,"comment_status":"closed","ping_status":"closed","template":"","meta":{"footnotes":""},"class_list":["post-4012","page","type-page","status-publish","hentry"],"_links":{"self":[{"href":"https:\/\/lotuseducation.se\/en\/wp-json\/wp\/v2\/pages\/4012","targetHints":{"allow":["GET"]}}],"collection":[{"href":"https:\/\/lotuseducation.se\/en\/wp-json\/wp\/v2\/pages"}],"about":[{"href":"https:\/\/lotuseducation.se\/en\/wp-json\/wp\/v2\/types\/page"}],"author":[{"embeddable":true,"href":"https:\/\/lotuseducation.se\/en\/wp-json\/wp\/v2\/users\/2"}],"replies":[{"embeddable":true,"href":"https:\/\/lotuseducation.se\/en\/wp-json\/wp\/v2\/comments?post=4012"}],"version-history":[{"count":31,"href":"https:\/\/lotuseducation.se\/en\/wp-json\/wp\/v2\/pages\/4012\/revisions"}],"predecessor-version":[{"id":10761,"href":"https:\/\/lotuseducation.se\/en\/wp-json\/wp\/v2\/pages\/4012\/revisions\/10761"}],"up":[{"embeddable":true,"href":"https:\/\/lotuseducation.se\/en\/wp-json\/wp\/v2\/pages\/913"}],"wp:attachment":[{"href":"https:\/\/lotuseducation.se\/en\/wp-json\/wp\/v2\/media?parent=4012"}],"curies":[{"name":"wp","href":"https:\/\/api.w.org\/{rel}","templated":true}]}}