{"id":4030,"date":"2021-08-19T11:58:53","date_gmt":"2021-08-19T09:58:53","guid":{"rendered":"http:\/\/lotuseducation.se\/?page_id=4030"},"modified":"2021-10-19T19:48:27","modified_gmt":"2021-10-19T17:48:27","slug":"sm-guld-individuellt-2017","status":"publish","type":"page","link":"https:\/\/lotuseducation.se\/en\/om\/meriter\/sm-guld-individuellt-2017\/","title":{"rendered":"SM guld individuellt 2017"},"content":{"rendered":"\t\t<div data-elementor-type=\"wp-page\" data-elementor-id=\"4030\" class=\"elementor elementor-4030\" data-elementor-post-type=\"page\">\n\t\t\t\t\t\t<section class=\"elementor-section elementor-top-section elementor-element elementor-element-fd2b2b1 elementor-section-boxed elementor-section-height-default elementor-section-height-default\" data-id=\"fd2b2b1\" data-element_type=\"section\" data-e-type=\"section\">\n\t\t\t\t\t\t<div class=\"elementor-container elementor-column-gap-default\">\n\t\t\t\t\t<div class=\"elementor-column elementor-col-100 elementor-top-column elementor-element elementor-element-81ce9b6\" data-id=\"81ce9b6\" data-element_type=\"column\" data-e-type=\"column\">\n\t\t\t<div class=\"elementor-widget-wrap\">\n\t\t\t\t\t\t\t<\/div>\n\t\t<\/div>\n\t\t\t\t\t<\/div>\n\t\t<\/section>\n\t\t\t\t<section class=\"elementor-section elementor-top-section elementor-element elementor-element-80a05e5 elementor-section-boxed elementor-section-height-default elementor-section-height-default\" data-id=\"80a05e5\" data-element_type=\"section\" data-e-type=\"section\">\n\t\t\t\t\t\t<div class=\"elementor-container elementor-column-gap-default\">\n\t\t\t\t\t<div class=\"elementor-column elementor-col-100 elementor-top-column elementor-element elementor-element-95d4b87\" data-id=\"95d4b87\" data-element_type=\"column\" data-e-type=\"column\">\n\t\t\t<div class=\"elementor-widget-wrap elementor-element-populated\">\n\t\t\t\t\t\t<div class=\"elementor-element elementor-element-f4a53d1 elementor-widget elementor-widget-spacer\" data-id=\"f4a53d1\" data-element_type=\"widget\" data-e-type=\"widget\" data-widget_type=\"spacer.default\">\n\t\t\t\t<div class=\"elementor-widget-container\">\n\t\t\t\t\t\t\t<div class=\"elementor-spacer\">\n\t\t\t<div class=\"elementor-spacer-inner\"><\/div>\n\t\t<\/div>\n\t\t\t\t\t\t<\/div>\n\t\t\t\t<\/div>\n\t\t\t\t<div class=\"elementor-element elementor-element-690584f elementor-widget elementor-widget-heading\" data-id=\"690584f\" data-element_type=\"widget\" data-e-type=\"widget\" data-widget_type=\"heading.default\">\n\t\t\t\t<div class=\"elementor-widget-container\">\n\t\t\t\t\t<h2 class=\"elementor-heading-title elementor-size-default\">SM guld individuellt 2017<\/h2>\t\t\t\t<\/div>\n\t\t\t\t<\/div>\n\t\t\t\t\t<\/div>\n\t\t<\/div>\n\t\t\t\t\t<\/div>\n\t\t<\/section>\n\t\t\t\t<section class=\"elementor-section elementor-top-section elementor-element elementor-element-ddd08c9 elementor-section-boxed elementor-section-height-default elementor-section-height-default\" data-id=\"ddd08c9\" data-element_type=\"section\" data-e-type=\"section\">\n\t\t\t\t\t\t<div class=\"elementor-container elementor-column-gap-default\">\n\t\t\t\t\t<div class=\"elementor-column elementor-col-50 elementor-top-column elementor-element elementor-element-f0e2507\" data-id=\"f0e2507\" data-element_type=\"column\" data-e-type=\"column\">\n\t\t\t<div class=\"elementor-widget-wrap elementor-element-populated\">\n\t\t\t\t\t\t<div class=\"elementor-element elementor-element-43e73c8 elementor-widget elementor-widget-text-editor\" data-id=\"43e73c8\" data-element_type=\"widget\" data-e-type=\"widget\" data-widget_type=\"text-editor.default\">\n\t\t\t\t<div class=\"elementor-widget-container\">\n\t\t\t\t\t\t\t\t\t<div dir=\"auto\">Better to post late than never&#8230; <span class=\"pq6dq46d tbxw36s4 knj5qynh kvgmc6g5 ditlmg2l oygrvhab nvdbi5me sf5mxxl7 gl3lb2sf hhz5lgdu\"><img decoding=\"async\" src=\"https:\/\/www.facebook.com\/images\/emoji.php\/v9\/tf6\/2\/16\/1f609.png\" alt=\"\ud83d\ude09\" width=\"16\" height=\"16\" \/><\/span> Last weekend we had our Swedish national Championship, in \u00d6stersund, 15 hours by car north from my place and it was just an awesome trip in every way!<\/div><div dir=\"auto\">Both Lilli and Ogin qualified for the final and Lilli won all her three runs, both qualifying runs and the final. What can I say&#8230; we have such a fantastic little dog. She is special, that&#8217;s for sure! She has actually been winning the last five individual runs in our national championship and this is our second individual Gold medal, for the second year in a row! I&#8217;m happy, I&#8217;m proud, I feel humble and grateful to have the chance to run with this dog, and I&#8217;m so impressed by little smart, strong, silly, quick Lilli!<\/div><div dir=\"auto\">It was a really happy team that drove back home Sunday night and the long drive was as easy as on the way up <span class=\"pq6dq46d tbxw36s4 knj5qynh kvgmc6g5 ditlmg2l oygrvhab nvdbi5me sf5mxxl7 gl3lb2sf hhz5lgdu\"><img decoding=\"async\" src=\"https:\/\/www.facebook.com\/images\/emoji.php\/v9\/tf0\/2\/16\/1f603.png\" alt=\"\ud83d\ude03\" width=\"16\" height=\"16\" \/><\/span> Videos of our runs will come, sooner or later&#8230;.!<\/div><div dir=\"auto\">Thank you <a class=\"oajrlxb2 g5ia77u1 qu0x051f esr5mh6w e9989ue4 r7d6kgcz rq0escxv nhd2j8a9 nc684nl6 p7hjln8o kvgmc6g5 cxmmr5t8 oygrvhab hcukyx3x jb3vyjys rz4wbd8a qt6c0cv9 a8nywdso i1ao9s8h esuyzwwr f1sip0of lzcic4wl q66pz984 gpro0wi8 b1v8xokw\" tabindex=\"0\" role=\"link\" href=\"https:\/\/www.facebook.com\/mmb112?__cft__[0]=AZVrM8CvUK4WcMgY2O-Gu9WRya5f-O38_AwsjXNtIx-0yuceJDsixj4s-OqQ-XC7cA22o1WpG6clnhmyv0lG71oEKw4LwT9CTO7vGHPoLGHXZ3a_LczD2cCbaD4uarEUBBM&amp;__tn__=-]K-R\"><span class=\"nc684nl6\">Mette<\/span><\/a>, <a class=\"oajrlxb2 g5ia77u1 qu0x051f esr5mh6w e9989ue4 r7d6kgcz rq0escxv nhd2j8a9 nc684nl6 p7hjln8o kvgmc6g5 cxmmr5t8 oygrvhab hcukyx3x jb3vyjys rz4wbd8a qt6c0cv9 a8nywdso i1ao9s8h esuyzwwr f1sip0of lzcic4wl q66pz984 gpro0wi8 b1v8xokw\" tabindex=\"0\" role=\"link\" href=\"https:\/\/www.facebook.com\/ulrika.pettersson.125?__cft__[0]=AZVrM8CvUK4WcMgY2O-Gu9WRya5f-O38_AwsjXNtIx-0yuceJDsixj4s-OqQ-XC7cA22o1WpG6clnhmyv0lG71oEKw4LwT9CTO7vGHPoLGHXZ3a_LczD2cCbaD4uarEUBBM&amp;__tn__=-]K-R\"><span class=\"nc684nl6\">Ulrika<\/span><\/a>, <a class=\"oajrlxb2 g5ia77u1 qu0x051f esr5mh6w e9989ue4 r7d6kgcz rq0escxv nhd2j8a9 nc684nl6 p7hjln8o kvgmc6g5 cxmmr5t8 oygrvhab hcukyx3x jb3vyjys rz4wbd8a qt6c0cv9 a8nywdso i1ao9s8h esuyzwwr f1sip0of lzcic4wl q66pz984 gpro0wi8 b1v8xokw\" tabindex=\"0\" role=\"link\" href=\"https:\/\/www.facebook.com\/cathrin.andersson.946?__cft__[0]=AZVrM8CvUK4WcMgY2O-Gu9WRya5f-O38_AwsjXNtIx-0yuceJDsixj4s-OqQ-XC7cA22o1WpG6clnhmyv0lG71oEKw4LwT9CTO7vGHPoLGHXZ3a_LczD2cCbaD4uarEUBBM&amp;__tn__=-]K-R\"><span class=\"nc684nl6\">Cathrin<\/span><\/a> and Roger for great, fun and positive company the whole weekend! <span class=\"pq6dq46d tbxw36s4 knj5qynh kvgmc6g5 ditlmg2l oygrvhab nvdbi5me sf5mxxl7 gl3lb2sf hhz5lgdu\"><img decoding=\"async\" src=\"https:\/\/www.facebook.com\/images\/emoji.php\/v9\/tf0\/2\/16\/1f603.png\" alt=\"\ud83d\ude03\" width=\"16\" height=\"16\" \/><\/span> Thank you Nettan (<a class=\"oajrlxb2 g5ia77u1 qu0x051f esr5mh6w e9989ue4 r7d6kgcz rq0escxv nhd2j8a9 nc684nl6 p7hjln8o kvgmc6g5 cxmmr5t8 oygrvhab hcukyx3x jb3vyjys rz4wbd8a qt6c0cv9 a8nywdso i1ao9s8h esuyzwwr f1sip0of lzcic4wl q66pz984 gpro0wi8 b1v8xokw\" tabindex=\"0\" role=\"link\" href=\"https:\/\/www.facebook.com\/jeanette.johansson.9022?__cft__[0]=AZVrM8CvUK4WcMgY2O-Gu9WRya5f-O38_AwsjXNtIx-0yuceJDsixj4s-OqQ-XC7cA22o1WpG6clnhmyv0lG71oEKw4LwT9CTO7vGHPoLGHXZ3a_LczD2cCbaD4uarEUBBM&amp;__tn__=-]K-R\"><span class=\"nc684nl6\">Jeanette Johansson<\/span><\/a>) for all your help on the side and for letting me run your fantastic dog. Thank you <a class=\"oajrlxb2 g5ia77u1 qu0x051f esr5mh6w e9989ue4 r7d6kgcz rq0escxv nhd2j8a9 nc684nl6 p7hjln8o kvgmc6g5 cxmmr5t8 oygrvhab hcukyx3x jb3vyjys rz4wbd8a qt6c0cv9 a8nywdso i1ao9s8h esuyzwwr f1sip0of lzcic4wl q66pz984 gpro0wi8 b1v8xokw\" tabindex=\"0\" role=\"link\" href=\"https:\/\/www.facebook.com\/sophie.ericson?__cft__[0]=AZVrM8CvUK4WcMgY2O-Gu9WRya5f-O38_AwsjXNtIx-0yuceJDsixj4s-OqQ-XC7cA22o1WpG6clnhmyv0lG71oEKw4LwT9CTO7vGHPoLGHXZ3a_LczD2cCbaD4uarEUBBM&amp;__tn__=-]K-R\"><span class=\"nc684nl6\">Sophie Ericson<\/span><\/a> for taking such good care of our dogs. Thank you <a class=\"oajrlxb2 g5ia77u1 qu0x051f esr5mh6w e9989ue4 r7d6kgcz rq0escxv nhd2j8a9 nc684nl6 p7hjln8o kvgmc6g5 cxmmr5t8 oygrvhab hcukyx3x jb3vyjys rz4wbd8a qt6c0cv9 a8nywdso i1ao9s8h esuyzwwr f1sip0of lzcic4wl q66pz984 gpro0wi8 b1v8xokw\" tabindex=\"0\" role=\"link\" href=\"https:\/\/www.facebook.com\/hashtag\/lupusfoder?__eep__=6&amp;__cft__[0]=AZVrM8CvUK4WcMgY2O-Gu9WRya5f-O38_AwsjXNtIx-0yuceJDsixj4s-OqQ-XC7cA22o1WpG6clnhmyv0lG71oEKw4LwT9CTO7vGHPoLGHXZ3a_LczD2cCbaD4uarEUBBM&amp;__tn__=*NK-R\">#lupusfoder<\/a> and <a class=\"oajrlxb2 g5ia77u1 qu0x051f esr5mh6w e9989ue4 r7d6kgcz rq0escxv nhd2j8a9 nc684nl6 p7hjln8o kvgmc6g5 cxmmr5t8 oygrvhab hcukyx3x jb3vyjys rz4wbd8a qt6c0cv9 a8nywdso i1ao9s8h esuyzwwr f1sip0of lzcic4wl q66pz984 gpro0wi8 b1v8xokw\" tabindex=\"0\" role=\"link\" href=\"https:\/\/www.facebook.com\/hashtag\/fourfriends?__eep__=6&amp;__cft__[0]=AZVrM8CvUK4WcMgY2O-Gu9WRya5f-O38_AwsjXNtIx-0yuceJDsixj4s-OqQ-XC7cA22o1WpG6clnhmyv0lG71oEKw4LwT9CTO7vGHPoLGHXZ3a_LczD2cCbaD4uarEUBBM&amp;__tn__=*NK-R\">#fourfriends<\/a> for the best dog food. Thank you <a class=\"oajrlxb2 g5ia77u1 qu0x051f esr5mh6w e9989ue4 r7d6kgcz rq0escxv nhd2j8a9 nc684nl6 p7hjln8o kvgmc6g5 cxmmr5t8 oygrvhab hcukyx3x jb3vyjys rz4wbd8a qt6c0cv9 a8nywdso i1ao9s8h esuyzwwr f1sip0of lzcic4wl q66pz984 gpro0wi8 b1v8xokw\" tabindex=\"0\" role=\"link\" href=\"https:\/\/www.facebook.com\/hashtag\/aptussverige?__eep__=6&amp;__cft__[0]=AZVrM8CvUK4WcMgY2O-Gu9WRya5f-O38_AwsjXNtIx-0yuceJDsixj4s-OqQ-XC7cA22o1WpG6clnhmyv0lG71oEKw4LwT9CTO7vGHPoLGHXZ3a_LczD2cCbaD4uarEUBBM&amp;__tn__=*NK-R\">#aptussverige<\/a> for the best supplements for dogs. Thank you <a class=\"oajrlxb2 g5ia77u1 qu0x051f esr5mh6w e9989ue4 r7d6kgcz rq0escxv nhd2j8a9 nc684nl6 p7hjln8o kvgmc6g5 cxmmr5t8 oygrvhab hcukyx3x jb3vyjys rz4wbd8a qt6c0cv9 a8nywdso i1ao9s8h esuyzwwr f1sip0of lzcic4wl q66pz984 gpro0wi8 b1v8xokw\" tabindex=\"0\" role=\"link\" href=\"https:\/\/www.facebook.com\/monika.hoglund.52?__cft__[0]=AZVrM8CvUK4WcMgY2O-Gu9WRya5f-O38_AwsjXNtIx-0yuceJDsixj4s-OqQ-XC7cA22o1WpG6clnhmyv0lG71oEKw4LwT9CTO7vGHPoLGHXZ3a_LczD2cCbaD4uarEUBBM&amp;__tn__=-]K-R\"><span class=\"nc684nl6\">Monika H\u00f6glund<\/span><\/a> at <a class=\"oajrlxb2 g5ia77u1 qu0x051f esr5mh6w e9989ue4 r7d6kgcz rq0escxv nhd2j8a9 nc684nl6 p7hjln8o kvgmc6g5 cxmmr5t8 oygrvhab hcukyx3x jb3vyjys rz4wbd8a qt6c0cv9 a8nywdso i1ao9s8h esuyzwwr f1sip0of lzcic4wl q66pz984 gpro0wi8 b1v8xokw\" tabindex=\"0\" role=\"link\" href=\"https:\/\/www.facebook.com\/hashtag\/sm%C3%A5djursh%C3%A4lsanivinsl%C3%B6v?__eep__=6&amp;__cft__[0]=AZVrM8CvUK4WcMgY2O-Gu9WRya5f-O38_AwsjXNtIx-0yuceJDsixj4s-OqQ-XC7cA22o1WpG6clnhmyv0lG71oEKw4LwT9CTO7vGHPoLGHXZ3a_LczD2cCbaD4uarEUBBM&amp;__tn__=*NK-R\">#Sm\u00e5djursh\u00e4lsanivinsl\u00f6v<\/a> that has the best swimming pool for dogs. Thank you <a class=\"oajrlxb2 g5ia77u1 qu0x051f esr5mh6w e9989ue4 r7d6kgcz rq0escxv nhd2j8a9 nc684nl6 p7hjln8o kvgmc6g5 cxmmr5t8 oygrvhab hcukyx3x jb3vyjys rz4wbd8a qt6c0cv9 a8nywdso i1ao9s8h esuyzwwr f1sip0of lzcic4wl q66pz984 gpro0wi8 b1v8xokw\" tabindex=\"0\" role=\"link\" href=\"https:\/\/www.facebook.com\/anna.kall.14?__cft__[0]=AZVrM8CvUK4WcMgY2O-Gu9WRya5f-O38_AwsjXNtIx-0yuceJDsixj4s-OqQ-XC7cA22o1WpG6clnhmyv0lG71oEKw4LwT9CTO7vGHPoLGHXZ3a_LczD2cCbaD4uarEUBBM&amp;__tn__=-]K-R\"><span class=\"nc684nl6\">Anna K\u00e4ll<\/span><\/a> for the best dog coats that Lilli used to keep her warm in the rain at the final day. Thank you <a class=\"oajrlxb2 g5ia77u1 qu0x051f esr5mh6w e9989ue4 r7d6kgcz rq0escxv nhd2j8a9 nc684nl6 p7hjln8o kvgmc6g5 cxmmr5t8 oygrvhab hcukyx3x jb3vyjys rz4wbd8a qt6c0cv9 a8nywdso i1ao9s8h esuyzwwr f1sip0of lzcic4wl q66pz984 gpro0wi8 b1v8xokw\" tabindex=\"0\" role=\"link\" href=\"https:\/\/www.facebook.com\/hashtag\/inov8?__eep__=6&amp;__cft__[0]=AZVrM8CvUK4WcMgY2O-Gu9WRya5f-O38_AwsjXNtIx-0yuceJDsixj4s-OqQ-XC7cA22o1WpG6clnhmyv0lG71oEKw4LwT9CTO7vGHPoLGHXZ3a_LczD2cCbaD4uarEUBBM&amp;__tn__=*NK-R\">#inov8<\/a> for the best shoes for slippery grounds.<\/div><div dir=\"auto\">Thank you all volunteers and organisers that arranged the Swedish agility championship 2017!<\/div><div dir=\"auto\">Photo: <a class=\"oajrlxb2 g5ia77u1 qu0x051f esr5mh6w e9989ue4 r7d6kgcz rq0escxv nhd2j8a9 nc684nl6 p7hjln8o kvgmc6g5 cxmmr5t8 oygrvhab hcukyx3x jb3vyjys rz4wbd8a qt6c0cv9 a8nywdso i1ao9s8h esuyzwwr f1sip0of lzcic4wl q66pz984 gpro0wi8 b1v8xokw\" tabindex=\"0\" role=\"link\" href=\"https:\/\/www.facebook.com\/rimby?__cft__[0]=AZVrM8CvUK4WcMgY2O-Gu9WRya5f-O38_AwsjXNtIx-0yuceJDsixj4s-OqQ-XC7cA22o1WpG6clnhmyv0lG71oEKw4LwT9CTO7vGHPoLGHXZ3a_LczD2cCbaD4uarEUBBM&amp;__tn__=-]K-R\"><span class=\"nc684nl6\">Martin Rimby<\/span><\/a> and <a class=\"oajrlxb2 g5ia77u1 qu0x051f esr5mh6w e9989ue4 r7d6kgcz rq0escxv nhd2j8a9 nc684nl6 p7hjln8o kvgmc6g5 cxmmr5t8 oygrvhab hcukyx3x jb3vyjys rz4wbd8a qt6c0cv9 a8nywdso i1ao9s8h esuyzwwr f1sip0of lzcic4wl q66pz984 gpro0wi8 b1v8xokw\" tabindex=\"0\" role=\"link\" href=\"https:\/\/www.facebook.com\/elvis211?__cft__[0]=AZVrM8CvUK4WcMgY2O-Gu9WRya5f-O38_AwsjXNtIx-0yuceJDsixj4s-OqQ-XC7cA22o1WpG6clnhmyv0lG71oEKw4LwT9CTO7vGHPoLGHXZ3a_LczD2cCbaD4uarEUBBM&amp;__tn__=-]K-R\"><span class=\"nc684nl6\">Joakim Persson<\/span><\/a> &#8211; Thank you guys for awesome photos!<\/div>\t\t\t\t\t\t\t\t<\/div>\n\t\t\t\t<\/div>\n\t\t\t\t<div class=\"elementor-element elementor-element-f639e0e elementor-widget elementor-widget-image\" data-id=\"f639e0e\" data-element_type=\"widget\" data-e-type=\"widget\" data-widget_type=\"image.default\">\n\t\t\t\t<div class=\"elementor-widget-container\">\n\t\t\t\t\t\t\t\t\t\t\t\t\t\t\t<img fetchpriority=\"high\" decoding=\"async\" width=\"683\" height=\"1024\" src=\"https:\/\/lotuseducation.se\/wp-content\/uploads\/2021\/08\/19780702_10154454268280633_568938336633382121_o-683x1024.jpg\" class=\"attachment-large size-large wp-image-4142\" alt=\"\" srcset=\"https:\/\/lotuseducation.se\/wp-content\/uploads\/2021\/08\/19780702_10154454268280633_568938336633382121_o-683x1024.jpg 683w, https:\/\/lotuseducation.se\/wp-content\/uploads\/2021\/08\/19780702_10154454268280633_568938336633382121_o-200x300.jpg 200w, https:\/\/lotuseducation.se\/wp-content\/uploads\/2021\/08\/19780702_10154454268280633_568938336633382121_o-768x1152.jpg 768w, https:\/\/lotuseducation.se\/wp-content\/uploads\/2021\/08\/19780702_10154454268280633_568938336633382121_o-1024x1536.jpg 1024w, https:\/\/lotuseducation.se\/wp-content\/uploads\/2021\/08\/19780702_10154454268280633_568938336633382121_o.jpg 1365w\" sizes=\"(max-width: 683px) 100vw, 683px\" \/>\t\t\t\t\t\t\t\t\t\t\t\t\t\t\t<\/div>\n\t\t\t\t<\/div>\n\t\t\t\t\t<\/div>\n\t\t<\/div>\n\t\t\t\t<div class=\"elementor-column elementor-col-50 elementor-top-column elementor-element elementor-element-2846bb0\" data-id=\"2846bb0\" data-element_type=\"column\" data-e-type=\"column\">\n\t\t\t<div class=\"elementor-widget-wrap elementor-element-populated\">\n\t\t\t\t\t\t<div class=\"elementor-element elementor-element-89e0f3c elementor-widget elementor-widget-video\" data-id=\"89e0f3c\" data-element_type=\"widget\" data-e-type=\"widget\" data-settings=\"{&quot;youtube_url&quot;:&quot;https:\\\/\\\/youtu.be\\\/OTC2waQ-86c&quot;,&quot;video_type&quot;:&quot;youtube&quot;,&quot;controls&quot;:&quot;yes&quot;}\" data-widget_type=\"video.default\">\n\t\t\t\t<div class=\"elementor-widget-container\">\n\t\t\t\t\t\t\t<div class=\"elementor-wrapper elementor-open-inline\">\n\t\t\t<div class=\"elementor-video\"><\/div>\t\t<\/div>\n\t\t\t\t\t\t<\/div>\n\t\t\t\t<\/div>\n\t\t\t\t<div class=\"elementor-element elementor-element-0298723 elementor-widget elementor-widget-video\" data-id=\"0298723\" data-element_type=\"widget\" data-e-type=\"widget\" data-settings=\"{&quot;youtube_url&quot;:&quot;https:\\\/\\\/youtu.be\\\/v8_fQefOE1k&quot;,&quot;video_type&quot;:&quot;youtube&quot;,&quot;controls&quot;:&quot;yes&quot;}\" data-widget_type=\"video.default\">\n\t\t\t\t<div class=\"elementor-widget-container\">\n\t\t\t\t\t\t\t<div class=\"elementor-wrapper elementor-open-inline\">\n\t\t\t<div class=\"elementor-video\"><\/div>\t\t<\/div>\n\t\t\t\t\t\t<\/div>\n\t\t\t\t<\/div>\n\t\t\t\t<div class=\"elementor-element elementor-element-9c74f5b elementor-widget elementor-widget-image\" data-id=\"9c74f5b\" data-element_type=\"widget\" data-e-type=\"widget\" data-widget_type=\"image.default\">\n\t\t\t\t<div class=\"elementor-widget-container\">\n\t\t\t\t\t\t\t\t\t\t\t\t\t\t\t<img loading=\"lazy\" decoding=\"async\" width=\"800\" height=\"534\" src=\"https:\/\/lotuseducation.se\/wp-content\/uploads\/2021\/08\/19780460_1911767575768491_5981958119433403571_o-1024x684.jpg\" class=\"attachment-large size-large wp-image-4052\" alt=\"\" srcset=\"https:\/\/lotuseducation.se\/wp-content\/uploads\/2021\/08\/19780460_1911767575768491_5981958119433403571_o-1024x684.jpg 1024w, https:\/\/lotuseducation.se\/wp-content\/uploads\/2021\/08\/19780460_1911767575768491_5981958119433403571_o-300x200.jpg 300w, https:\/\/lotuseducation.se\/wp-content\/uploads\/2021\/08\/19780460_1911767575768491_5981958119433403571_o-768x513.jpg 768w, https:\/\/lotuseducation.se\/wp-content\/uploads\/2021\/08\/19780460_1911767575768491_5981958119433403571_o.jpg 1177w\" sizes=\"(max-width: 800px) 100vw, 800px\" \/>\t\t\t\t\t\t\t\t\t\t\t\t\t\t\t<\/div>\n\t\t\t\t<\/div>\n\t\t\t\t<div class=\"elementor-element elementor-element-f483ab7 elementor-widget elementor-widget-image\" data-id=\"f483ab7\" data-element_type=\"widget\" data-e-type=\"widget\" data-widget_type=\"image.default\">\n\t\t\t\t<div class=\"elementor-widget-container\">\n\t\t\t\t\t\t\t\t\t\t\t\t\t\t\t<img loading=\"lazy\" decoding=\"async\" width=\"800\" height=\"533\" src=\"https:\/\/lotuseducation.se\/wp-content\/uploads\/2021\/08\/19787395_10154454263545633_7251252740919386316_o.jpg\" class=\"attachment-large size-large wp-image-4144\" alt=\"\" srcset=\"https:\/\/lotuseducation.se\/wp-content\/uploads\/2021\/08\/19787395_10154454263545633_7251252740919386316_o.jpg 1024w, https:\/\/lotuseducation.se\/wp-content\/uploads\/2021\/08\/19787395_10154454263545633_7251252740919386316_o-300x200.jpg 300w, https:\/\/lotuseducation.se\/wp-content\/uploads\/2021\/08\/19787395_10154454263545633_7251252740919386316_o-768x512.jpg 768w\" sizes=\"(max-width: 800px) 100vw, 800px\" \/>\t\t\t\t\t\t\t\t\t\t\t\t\t\t\t<\/div>\n\t\t\t\t<\/div>\n\t\t\t\t<div class=\"elementor-element elementor-element-9582da1 elementor-widget elementor-widget-image\" data-id=\"9582da1\" data-element_type=\"widget\" data-e-type=\"widget\" data-widget_type=\"image.default\">\n\t\t\t\t<div class=\"elementor-widget-container\">\n\t\t\t\t\t\t\t\t\t\t\t\t\t\t\t<img loading=\"lazy\" decoding=\"async\" width=\"800\" height=\"533\" src=\"https:\/\/lotuseducation.se\/wp-content\/uploads\/2021\/08\/19780516_10154454263550633_7438227356228836028_o.jpg\" class=\"attachment-large size-large wp-image-4141\" alt=\"\" srcset=\"https:\/\/lotuseducation.se\/wp-content\/uploads\/2021\/08\/19780516_10154454263550633_7438227356228836028_o.jpg 1024w, https:\/\/lotuseducation.se\/wp-content\/uploads\/2021\/08\/19780516_10154454263550633_7438227356228836028_o-300x200.jpg 300w, https:\/\/lotuseducation.se\/wp-content\/uploads\/2021\/08\/19780516_10154454263550633_7438227356228836028_o-768x512.jpg 768w\" sizes=\"(max-width: 800px) 100vw, 800px\" \/>\t\t\t\t\t\t\t\t\t\t\t\t\t\t\t<\/div>\n\t\t\t\t<\/div>\n\t\t\t\t\t<\/div>\n\t\t<\/div>\n\t\t\t\t\t<\/div>\n\t\t<\/section>\n\t\t\t\t<\/div>\n\t\t","protected":false},"excerpt":{"rendered":"<p>SM guld individuellt 2017 Better to post late than never&#8230; Last weekend we had our Swedish national Championship, in \u00d6stersund, 15 hours by car north from my place and it was just an awesome trip in every way!Both Lilli and Ogin qualified for the final and Lilli won all her three runs, both qualifying runs [&hellip;]<\/p>\n","protected":false},"author":1,"featured_media":0,"parent":913,"menu_order":0,"comment_status":"closed","ping_status":"closed","template":"","meta":{"footnotes":""},"class_list":["post-4030","page","type-page","status-publish","hentry"],"_links":{"self":[{"href":"https:\/\/lotuseducation.se\/en\/wp-json\/wp\/v2\/pages\/4030","targetHints":{"allow":["GET"]}}],"collection":[{"href":"https:\/\/lotuseducation.se\/en\/wp-json\/wp\/v2\/pages"}],"about":[{"href":"https:\/\/lotuseducation.se\/en\/wp-json\/wp\/v2\/types\/page"}],"author":[{"embeddable":true,"href":"https:\/\/lotuseducation.se\/en\/wp-json\/wp\/v2\/users\/1"}],"replies":[{"embeddable":true,"href":"https:\/\/lotuseducation.se\/en\/wp-json\/wp\/v2\/comments?post=4030"}],"version-history":[{"count":19,"href":"https:\/\/lotuseducation.se\/en\/wp-json\/wp\/v2\/pages\/4030\/revisions"}],"predecessor-version":[{"id":10758,"href":"https:\/\/lotuseducation.se\/en\/wp-json\/wp\/v2\/pages\/4030\/revisions\/10758"}],"up":[{"embeddable":true,"href":"https:\/\/lotuseducation.se\/en\/wp-json\/wp\/v2\/pages\/913"}],"wp:attachment":[{"href":"https:\/\/lotuseducation.se\/en\/wp-json\/wp\/v2\/media?parent=4030"}],"curies":[{"name":"wp","href":"https:\/\/api.w.org\/{rel}","templated":true}]}}