{"id":4131,"date":"2021-08-19T16:36:00","date_gmt":"2021-08-19T14:36:00","guid":{"rendered":"http:\/\/lotuseducation.se\/?page_id=4131"},"modified":"2021-10-19T19:31:40","modified_gmt":"2021-10-19T17:31:40","slug":"nm-individuellt-guld-silver-lagguld-2018","status":"publish","type":"page","link":"https:\/\/lotuseducation.se\/en\/om\/meriter\/nm-individuellt-guld-silver-lagguld-2018\/","title":{"rendered":"NM individuellt guld &#038; silver  lagguld 2018"},"content":{"rendered":"\t\t<div data-elementor-type=\"wp-page\" data-elementor-id=\"4131\" class=\"elementor elementor-4131\" data-elementor-post-type=\"page\">\n\t\t\t\t\t\t<section class=\"elementor-section elementor-top-section elementor-element elementor-element-3e49e0b elementor-section-boxed elementor-section-height-default elementor-section-height-default\" data-id=\"3e49e0b\" data-element_type=\"section\" data-e-type=\"section\">\n\t\t\t\t\t\t<div class=\"elementor-container elementor-column-gap-default\">\n\t\t\t\t\t<div class=\"elementor-column elementor-col-50 elementor-top-column elementor-element elementor-element-0cd6c0d\" data-id=\"0cd6c0d\" data-element_type=\"column\" data-e-type=\"column\">\n\t\t\t<div class=\"elementor-widget-wrap\">\n\t\t\t\t\t\t\t<\/div>\n\t\t<\/div>\n\t\t\t\t<div class=\"elementor-column elementor-col-50 elementor-top-column elementor-element elementor-element-6a528a3\" data-id=\"6a528a3\" data-element_type=\"column\" data-e-type=\"column\">\n\t\t\t<div class=\"elementor-widget-wrap\">\n\t\t\t\t\t\t\t<\/div>\n\t\t<\/div>\n\t\t\t\t\t<\/div>\n\t\t<\/section>\n\t\t\t\t<section class=\"elementor-section elementor-top-section elementor-element elementor-element-54ec0c9 elementor-section-boxed elementor-section-height-default elementor-section-height-default\" data-id=\"54ec0c9\" data-element_type=\"section\" data-e-type=\"section\">\n\t\t\t\t\t\t<div class=\"elementor-container elementor-column-gap-default\">\n\t\t\t\t\t<div class=\"elementor-column elementor-col-100 elementor-top-column elementor-element elementor-element-7213507\" data-id=\"7213507\" data-element_type=\"column\" data-e-type=\"column\">\n\t\t\t<div class=\"elementor-widget-wrap elementor-element-populated\">\n\t\t\t\t\t\t<div class=\"elementor-element elementor-element-ab7e204 elementor-widget elementor-widget-spacer\" data-id=\"ab7e204\" data-element_type=\"widget\" data-e-type=\"widget\" data-widget_type=\"spacer.default\">\n\t\t\t\t<div class=\"elementor-widget-container\">\n\t\t\t\t\t\t\t<div class=\"elementor-spacer\">\n\t\t\t<div class=\"elementor-spacer-inner\"><\/div>\n\t\t<\/div>\n\t\t\t\t\t\t<\/div>\n\t\t\t\t<\/div>\n\t\t\t\t<div class=\"elementor-element elementor-element-4aca2d3 elementor-widget elementor-widget-heading\" data-id=\"4aca2d3\" data-element_type=\"widget\" data-e-type=\"widget\" data-widget_type=\"heading.default\">\n\t\t\t\t<div class=\"elementor-widget-container\">\n\t\t\t\t\t<h2 class=\"elementor-heading-title elementor-size-default\">NM guld &amp; silver individuellt, guld lag 2018<\/h2>\t\t\t\t<\/div>\n\t\t\t\t<\/div>\n\t\t\t\t\t<\/div>\n\t\t<\/div>\n\t\t\t\t\t<\/div>\n\t\t<\/section>\n\t\t\t\t<section class=\"elementor-section elementor-top-section elementor-element elementor-element-1f4c0f7 elementor-section-boxed elementor-section-height-default elementor-section-height-default\" data-id=\"1f4c0f7\" data-element_type=\"section\" data-e-type=\"section\">\n\t\t\t\t\t\t<div class=\"elementor-container elementor-column-gap-default\">\n\t\t\t\t\t<div class=\"elementor-column elementor-col-50 elementor-top-column elementor-element elementor-element-ad5c499\" data-id=\"ad5c499\" data-element_type=\"column\" data-e-type=\"column\">\n\t\t\t<div class=\"elementor-widget-wrap elementor-element-populated\">\n\t\t\t\t\t\t<div class=\"elementor-element elementor-element-8d82b57 elementor-widget elementor-widget-text-editor\" data-id=\"8d82b57\" data-element_type=\"widget\" data-e-type=\"widget\" data-widget_type=\"text-editor.default\">\n\t\t\t\t<div class=\"elementor-widget-container\">\n\t\t\t\t\t\t\t\t\t<div class=\"kvgmc6g5 cxmmr5t8 oygrvhab hcukyx3x c1et5uql ii04i59q\"><div dir=\"auto\"><a href=\"https:\/\/www.facebook.com\/jenny.damm.566\/posts\/10155343534045633\">Link to fb-post with videos<\/a><\/div><div dir=\"auto\">Looong post from last weekend in Finland&#8230;<\/div><\/div><div class=\"o9v6fnle cxmmr5t8 oygrvhab hcukyx3x c1et5uql ii04i59q\"><div dir=\"auto\">I have asked myself, what was the best about last weekend? That Lilli got her second Nordic Championship gold in a row&#8230;? That Ziv got an individual silver medal on her first Nordic championship..? That I won team gold together with both our girls on the team..? That I was on the team together with three other super skilled, nice and great teammates from Sweden..? That I achieved one of my dream goals sooner than I expected; to get both girls on the podium together..? That I finally got my brain back on track Sunday morning..? Or the perfect conditions with the perfect hall, the perfect surface and the perfect forest to walk the dogs in..? The perfect exciting final course..? The fun and nice company on the whole Swedish team..? Or all other nice people in the other Nordic countries..? Or that we had &#8221;our own&#8221; flight captain <a class=\"oajrlxb2 g5ia77u1 qu0x051f esr5mh6w e9989ue4 r7d6kgcz rq0escxv nhd2j8a9 nc684nl6 p7hjln8o kvgmc6g5 cxmmr5t8 oygrvhab hcukyx3x jb3vyjys rz4wbd8a qt6c0cv9 a8nywdso i1ao9s8h esuyzwwr f1sip0of lzcic4wl q66pz984 gpro0wi8 b1v8xokw\" tabindex=\"0\" role=\"link\" href=\"https:\/\/www.facebook.com\/tcasclb?__cft__[0]=AZWmytNnn0hr-j4YDjTaAa8YSPsnkG093n2lq9p0WkYKP1k_Tvv6J1Dx8h2M468RN54NHmfCegCD8f3cfCoSq0_-QKqCGb22kIz2aRds8Rj9y4aDXRHYx8DlgRkzBmAr6Y0&amp;__tn__=-]K-R\"><span class=\"nc684nl6\">Dennis Lynge S\u00f8rensen<\/span><\/a> right beside us when our plane got technical problems on the ways home&#8230;? Or maybe just that I have the best friend in the world, that always supports me and also let me run her one in a million dog..?<\/div><\/div><div class=\"o9v6fnle cxmmr5t8 oygrvhab hcukyx3x c1et5uql ii04i59q\"><div dir=\"auto\">I actually don&#8217;t know what to pick. I just know that for me it was an unforgettable weekend filled with a confused brain that finally got its shit together, two truly amazing dogs, amazing agility handlers, organisers and judges, good food, pure agility joy, excitement and much more.<\/div><\/div><div class=\"o9v6fnle cxmmr5t8 oygrvhab hcukyx3x c1et5uql ii04i59q\"><div dir=\"auto\">Maybe you read my previous posts about that we forgot the dogs on the way to the train, that I added 0,6 sec on Ziv&#8217;s time because I forgot that there&#8217;s a rule that says you need to start within 15 seconds, I forgot the course, I mixed up my numbers, etc. etc. So, after this confused start of the championship, I had some time to make up for in the individual final. Ziv was on 5th place and Lilli on 2nd place after two runs.<\/div><\/div><div class=\"o9v6fnle cxmmr5t8 oygrvhab hcukyx3x c1et5uql ii04i59q\"><div dir=\"auto\">I really liked the final course (videos posted here), technique and speed in a perfect balance. And it was a really tricky start. I made a bit risky choice but I believed that would be the best choice if it worked and Nettan agreed. I also decided (together with Nettan) to run like hell and try to reach a forced blind cross, instead of playing safe with a rear cross in another situation. In general, I felt quite secure with all my choices, even though they included risks. And the most important of all, I was so excited to run this course.<\/div><\/div><div class=\"o9v6fnle cxmmr5t8 oygrvhab hcukyx3x c1et5uql ii04i59q\"><div dir=\"auto\">With Ziv I almost lost her in the start sequence, but I was determined to get her back on track. She found the WP entry and then I left her and I ran my fastest to the next situation, with the forced blind cross, and we nailed it. The rest just went with the flow and Ziv was so good. It was a course where you could run all the way so I was quite tired after Ziv&#8217;s run&#8230;.<\/div><\/div><div class=\"o9v6fnle cxmmr5t8 oygrvhab hcukyx3x c1et5uql ii04i59q\"><div dir=\"auto\">Two dogs later, it was Lilli&#8217;s turn. She was really excited after waiting and watching Ziv and I was also quite excited to get started. And to help my self, I made up a smart strategy <span class=\"pq6dq46d tbxw36s4 knj5qynh kvgmc6g5 ditlmg2l oygrvhab nvdbi5me sf5mxxl7 gl3lb2sf hhz5lgdu\"><img decoding=\"async\" src=\"https:\/\/www.facebook.com\/images\/emoji.php\/v9\/t52\/2\/16\/1f913.png\" alt=\"\ud83e\udd13\" width=\"16\" height=\"16\" \/><\/span> I left Lilli on the start line before the judged whistled because then I knew I would not break the start line&#8230; and it worked <span class=\"pq6dq46d tbxw36s4 knj5qynh kvgmc6g5 ditlmg2l oygrvhab nvdbi5me sf5mxxl7 gl3lb2sf hhz5lgdu\"><img decoding=\"async\" src=\"https:\/\/www.facebook.com\/images\/emoji.php\/v9\/tbf\/2\/16\/1f61c.png\" alt=\"\ud83d\ude1c\" width=\"16\" height=\"16\" \/><\/span>. Lilli managed the opening sequence perfectly, I was a bit more careful not to lose her like I did with Ziv. And the rest went as good as the opening, I kept the flow from Ziv&#8217;s run but I was so tired in the end when I needed to run the most. In somehow I got some extra energy that kept my legs going and we crossed the finish line with a clean run. She was the winner of the final run and she was also the overall winner after three runs and on the top of that, Ziv was second! I was so proud and happy!<\/div><\/div><div class=\"o9v6fnle cxmmr5t8 oygrvhab hcukyx3x c1et5uql ii04i59q\"><div dir=\"auto\">I&#8217;m extra proud of Lilli and me who have now gotten three Swedish Championship gold medals and two Nordic Championship gold medals in a row. I just admire Lilli&#8217;s focus, enthusiasm and talent. Lilli is my idol and she&#8217;s one in a million dog.<\/div><\/div><div class=\"o9v6fnle cxmmr5t8 oygrvhab hcukyx3x c1et5uql ii04i59q\"><div dir=\"auto\">I&#8217;m also extra proud of my little feral, charming, funny, loving, coyote Ziv. She was mostly supposed to be my sheepdog when I got her. She has been very special and different to train in agility. She also had a year off because of breathing problems and we still have to deal with those problems. It&#8217;s her first year in the Swedish Team and despite all this, she&#8217;s performing like a real star. She was even the individual winner of the team agility course <span class=\"pq6dq46d tbxw36s4 knj5qynh kvgmc6g5 ditlmg2l oygrvhab nvdbi5me sf5mxxl7 gl3lb2sf hhz5lgdu\"><img decoding=\"async\" src=\"https:\/\/www.facebook.com\/images\/emoji.php\/v9\/ted\/2\/16\/2764.png\" alt=\"\u2764\" width=\"16\" height=\"16\" \/><\/span> What we achieved together last weekend make it to one of the most valuable moments in my agility career.<\/div><\/div><div class=\"o9v6fnle cxmmr5t8 oygrvhab hcukyx3x c1et5uql ii04i59q\"><div dir=\"auto\">Thank you, everyone, who was involved in this championship, special thanks to Ville who was in charge of the event. Thank you <a class=\"oajrlxb2 g5ia77u1 qu0x051f esr5mh6w e9989ue4 r7d6kgcz rq0escxv nhd2j8a9 nc684nl6 p7hjln8o kvgmc6g5 cxmmr5t8 oygrvhab hcukyx3x jb3vyjys rz4wbd8a qt6c0cv9 a8nywdso i1ao9s8h esuyzwwr f1sip0of lzcic4wl q66pz984 gpro0wi8 b1v8xokw\" tabindex=\"0\" role=\"link\" href=\"https:\/\/www.facebook.com\/zsofi.biro.902?__cft__[0]=AZWmytNnn0hr-j4YDjTaAa8YSPsnkG093n2lq9p0WkYKP1k_Tvv6J1Dx8h2M468RN54NHmfCegCD8f3cfCoSq0_-QKqCGb22kIz2aRds8Rj9y4aDXRHYx8DlgRkzBmAr6Y0&amp;__tn__=-]K-R\"><span class=\"nc684nl6\">Zsofi Biro<\/span><\/a> and <a class=\"oajrlxb2 g5ia77u1 qu0x051f esr5mh6w e9989ue4 r7d6kgcz rq0escxv nhd2j8a9 nc684nl6 p7hjln8o kvgmc6g5 cxmmr5t8 oygrvhab hcukyx3x jb3vyjys rz4wbd8a qt6c0cv9 a8nywdso i1ao9s8h esuyzwwr f1sip0of lzcic4wl q66pz984 gpro0wi8 b1v8xokw\" tabindex=\"0\" role=\"link\" href=\"https:\/\/www.facebook.com\/anders.virtanen?__cft__[0]=AZWmytNnn0hr-j4YDjTaAa8YSPsnkG093n2lq9p0WkYKP1k_Tvv6J1Dx8h2M468RN54NHmfCegCD8f3cfCoSq0_-QKqCGb22kIz2aRds8Rj9y4aDXRHYx8DlgRkzBmAr6Y0&amp;__tn__=-]K-R\"><span class=\"nc684nl6\">Anders Virtanen<\/span><\/a>, because of you judges, our sport develop all the time. A special thanks to Zsofi who came all the way from Hungary with her three months old Jozsef and managed this busy weekend without any problems, impressive. Thank you <a class=\"oajrlxb2 g5ia77u1 qu0x051f esr5mh6w e9989ue4 r7d6kgcz rq0escxv nhd2j8a9 nc684nl6 p7hjln8o kvgmc6g5 cxmmr5t8 oygrvhab hcukyx3x jb3vyjys rz4wbd8a qt6c0cv9 a8nywdso i1ao9s8h esuyzwwr f1sip0of lzcic4wl q66pz984 gpro0wi8 b1v8xokw\" tabindex=\"0\" role=\"link\" href=\"https:\/\/www.facebook.com\/hashtag\/aptussverige?__eep__=6&amp;__cft__[0]=AZWmytNnn0hr-j4YDjTaAa8YSPsnkG093n2lq9p0WkYKP1k_Tvv6J1Dx8h2M468RN54NHmfCegCD8f3cfCoSq0_-QKqCGb22kIz2aRds8Rj9y4aDXRHYx8DlgRkzBmAr6Y0&amp;__tn__=*NK-R\">#AptusSverige<\/a> for providing us with <a class=\"oajrlxb2 g5ia77u1 qu0x051f esr5mh6w e9989ue4 r7d6kgcz rq0escxv nhd2j8a9 nc684nl6 p7hjln8o kvgmc6g5 cxmmr5t8 oygrvhab hcukyx3x jb3vyjys rz4wbd8a qt6c0cv9 a8nywdso i1ao9s8h esuyzwwr f1sip0of lzcic4wl q66pz984 gpro0wi8 b1v8xokw\" tabindex=\"0\" role=\"link\" href=\"https:\/\/www.facebook.com\/hashtag\/aptusprosport?__eep__=6&amp;__cft__[0]=AZWmytNnn0hr-j4YDjTaAa8YSPsnkG093n2lq9p0WkYKP1k_Tvv6J1Dx8h2M468RN54NHmfCegCD8f3cfCoSq0_-QKqCGb22kIz2aRds8Rj9y4aDXRHYx8DlgRkzBmAr6Y0&amp;__tn__=*NK-R\">#AptusProSport<\/a> and <a class=\"oajrlxb2 g5ia77u1 qu0x051f esr5mh6w e9989ue4 r7d6kgcz rq0escxv nhd2j8a9 nc684nl6 p7hjln8o kvgmc6g5 cxmmr5t8 oygrvhab hcukyx3x jb3vyjys rz4wbd8a qt6c0cv9 a8nywdso i1ao9s8h esuyzwwr f1sip0of lzcic4wl q66pz984 gpro0wi8 b1v8xokw\" tabindex=\"0\" role=\"link\" href=\"https:\/\/www.facebook.com\/hashtag\/aptussportx?__eep__=6&amp;__cft__[0]=AZWmytNnn0hr-j4YDjTaAa8YSPsnkG093n2lq9p0WkYKP1k_Tvv6J1Dx8h2M468RN54NHmfCegCD8f3cfCoSq0_-QKqCGb22kIz2aRds8Rj9y4aDXRHYx8DlgRkzBmAr6Y0&amp;__tn__=*NK-R\">#AptusSportX<\/a> so our dogs can perform at their best, all the time. Thank you <a class=\"oajrlxb2 g5ia77u1 qu0x051f esr5mh6w e9989ue4 r7d6kgcz rq0escxv nhd2j8a9 nc684nl6 p7hjln8o kvgmc6g5 cxmmr5t8 oygrvhab hcukyx3x jb3vyjys rz4wbd8a qt6c0cv9 a8nywdso i1ao9s8h esuyzwwr f1sip0of lzcic4wl q66pz984 gpro0wi8 b1v8xokw\" tabindex=\"0\" role=\"link\" href=\"https:\/\/www.facebook.com\/hashtag\/lupusfoderab?__eep__=6&amp;__cft__[0]=AZWmytNnn0hr-j4YDjTaAa8YSPsnkG093n2lq9p0WkYKP1k_Tvv6J1Dx8h2M468RN54NHmfCegCD8f3cfCoSq0_-QKqCGb22kIz2aRds8Rj9y4aDXRHYx8DlgRkzBmAr6Y0&amp;__tn__=*NK-R\">#LupusFoderAB<\/a> and <a class=\"oajrlxb2 g5ia77u1 qu0x051f esr5mh6w e9989ue4 r7d6kgcz rq0escxv nhd2j8a9 nc684nl6 p7hjln8o kvgmc6g5 cxmmr5t8 oygrvhab hcukyx3x jb3vyjys rz4wbd8a qt6c0cv9 a8nywdso i1ao9s8h esuyzwwr f1sip0of lzcic4wl q66pz984 gpro0wi8 b1v8xokw\" tabindex=\"0\" role=\"link\" href=\"https:\/\/www.facebook.com\/hashtag\/fourfriendssverige?__eep__=6&amp;__cft__[0]=AZWmytNnn0hr-j4YDjTaAa8YSPsnkG093n2lq9p0WkYKP1k_Tvv6J1Dx8h2M468RN54NHmfCegCD8f3cfCoSq0_-QKqCGb22kIz2aRds8Rj9y4aDXRHYx8DlgRkzBmAr6Y0&amp;__tn__=*NK-R\">#FourFriendsSverige<\/a> for supporting our dogs with the best dog food! Thank you <a class=\"oajrlxb2 g5ia77u1 qu0x051f esr5mh6w e9989ue4 r7d6kgcz rq0escxv nhd2j8a9 nc684nl6 p7hjln8o kvgmc6g5 cxmmr5t8 oygrvhab hcukyx3x jb3vyjys rz4wbd8a qt6c0cv9 a8nywdso i1ao9s8h esuyzwwr f1sip0of lzcic4wl q66pz984 gpro0wi8 b1v8xokw\" tabindex=\"0\" role=\"link\" href=\"https:\/\/www.facebook.com\/sophie.ericson?__cft__[0]=AZWmytNnn0hr-j4YDjTaAa8YSPsnkG093n2lq9p0WkYKP1k_Tvv6J1Dx8h2M468RN54NHmfCegCD8f3cfCoSq0_-QKqCGb22kIz2aRds8Rj9y4aDXRHYx8DlgRkzBmAr6Y0&amp;__tn__=-]K-R\"><span class=\"nc684nl6\">Sophie Ericson<\/span><\/a> at <a class=\"oajrlxb2 g5ia77u1 qu0x051f esr5mh6w e9989ue4 r7d6kgcz rq0escxv nhd2j8a9 nc684nl6 p7hjln8o kvgmc6g5 cxmmr5t8 oygrvhab hcukyx3x jb3vyjys rz4wbd8a qt6c0cv9 a8nywdso i1ao9s8h esuyzwwr f1sip0of lzcic4wl q66pz984 gpro0wi8 b1v8xokw\" tabindex=\"0\" role=\"link\" href=\"https:\/\/www.facebook.com\/hashtag\/h%C3%A4stochh%C3%A4lsa?__eep__=6&amp;__cft__[0]=AZWmytNnn0hr-j4YDjTaAa8YSPsnkG093n2lq9p0WkYKP1k_Tvv6J1Dx8h2M468RN54NHmfCegCD8f3cfCoSq0_-QKqCGb22kIz2aRds8Rj9y4aDXRHYx8DlgRkzBmAr6Y0&amp;__tn__=*NK-R\">#H\u00e4stochH\u00e4lsa<\/a> who keeps our dogs in the best shape. Thank you <a class=\"oajrlxb2 g5ia77u1 qu0x051f esr5mh6w e9989ue4 r7d6kgcz rq0escxv nhd2j8a9 nc684nl6 p7hjln8o kvgmc6g5 cxmmr5t8 oygrvhab hcukyx3x jb3vyjys rz4wbd8a qt6c0cv9 a8nywdso i1ao9s8h esuyzwwr f1sip0of lzcic4wl q66pz984 gpro0wi8 b1v8xokw\" tabindex=\"0\" role=\"link\" href=\"https:\/\/www.facebook.com\/hashtag\/sm%C3%A5djursh%C3%A4lsanivinsl%C3%B6v?__eep__=6&amp;__cft__[0]=AZWmytNnn0hr-j4YDjTaAa8YSPsnkG093n2lq9p0WkYKP1k_Tvv6J1Dx8h2M468RN54NHmfCegCD8f3cfCoSq0_-QKqCGb22kIz2aRds8Rj9y4aDXRHYx8DlgRkzBmAr6Y0&amp;__tn__=*NK-R\">#Sm\u00e5djursh\u00e4lsaniVinsl\u00f6v<\/a> for having the best swimming pool for dogs. Thank you team leaders (Per and Nettan) and teammates in the Swedish team. Thank you everyone else around, who&#8217;s inspiring, cheering for and supporting us. All this means a lot!<\/div><\/div><div class=\"o9v6fnle cxmmr5t8 oygrvhab hcukyx3x c1et5uql ii04i59q\"><div dir=\"auto\">Thank you Nettan (<a class=\"oajrlxb2 g5ia77u1 qu0x051f esr5mh6w e9989ue4 r7d6kgcz rq0escxv nhd2j8a9 nc684nl6 p7hjln8o kvgmc6g5 cxmmr5t8 oygrvhab hcukyx3x jb3vyjys rz4wbd8a qt6c0cv9 a8nywdso i1ao9s8h esuyzwwr f1sip0of lzcic4wl q66pz984 gpro0wi8 b1v8xokw\" tabindex=\"0\" role=\"link\" href=\"https:\/\/www.facebook.com\/jeanette.johansson.9022?__cft__[0]=AZWmytNnn0hr-j4YDjTaAa8YSPsnkG093n2lq9p0WkYKP1k_Tvv6J1Dx8h2M468RN54NHmfCegCD8f3cfCoSq0_-QKqCGb22kIz2aRds8Rj9y4aDXRHYx8DlgRkzBmAr6Y0&amp;__tn__=-]K-R\"><span class=\"nc684nl6\">Jeanette Johansson<\/span><\/a>) you are one in a million, as much as Lilli is <span class=\"pq6dq46d tbxw36s4 knj5qynh kvgmc6g5 ditlmg2l oygrvhab nvdbi5me sf5mxxl7 gl3lb2sf hhz5lgdu\"><img decoding=\"async\" src=\"https:\/\/www.facebook.com\/images\/emoji.php\/v9\/ted\/2\/16\/2764.png\" alt=\"\u2764\" width=\"16\" height=\"16\" \/><\/span><\/div><div dir=\"auto\"><a class=\"oajrlxb2 g5ia77u1 qu0x051f esr5mh6w e9989ue4 r7d6kgcz rq0escxv nhd2j8a9 nc684nl6 p7hjln8o kvgmc6g5 cxmmr5t8 oygrvhab hcukyx3x jb3vyjys rz4wbd8a qt6c0cv9 a8nywdso i1ao9s8h esuyzwwr f1sip0of lzcic4wl q66pz984 gpro0wi8 b1v8xokw\" tabindex=\"0\" role=\"link\" href=\"https:\/\/www.facebook.com\/hashtag\/awaytomemisslilli?__eep__=6&amp;__cft__[0]=AZWmytNnn0hr-j4YDjTaAa8YSPsnkG093n2lq9p0WkYKP1k_Tvv6J1Dx8h2M468RN54NHmfCegCD8f3cfCoSq0_-QKqCGb22kIz2aRds8Rj9y4aDXRHYx8DlgRkzBmAr6Y0&amp;__tn__=*NK-R\">#awaytomemisslilli<\/a> <a class=\"oajrlxb2 g5ia77u1 qu0x051f esr5mh6w e9989ue4 r7d6kgcz rq0escxv nhd2j8a9 nc684nl6 p7hjln8o kvgmc6g5 cxmmr5t8 oygrvhab hcukyx3x jb3vyjys rz4wbd8a qt6c0cv9 a8nywdso i1ao9s8h esuyzwwr f1sip0of lzcic4wl q66pz984 gpro0wi8 b1v8xokw\" tabindex=\"0\" role=\"link\" href=\"https:\/\/www.facebook.com\/hashtag\/emenemsziv?__eep__=6&amp;__cft__[0]=AZWmytNnn0hr-j4YDjTaAa8YSPsnkG093n2lq9p0WkYKP1k_Tvv6J1Dx8h2M468RN54NHmfCegCD8f3cfCoSq0_-QKqCGb22kIz2aRds8Rj9y4aDXRHYx8DlgRkzBmAr6Y0&amp;__tn__=*NK-R\">#emenemsziv<\/a><\/div><\/div>\t\t\t\t\t\t\t\t<\/div>\n\t\t\t\t<\/div>\n\t\t\t\t\t<\/div>\n\t\t<\/div>\n\t\t\t\t<div class=\"elementor-column elementor-col-50 elementor-top-column elementor-element elementor-element-f3eb86c\" data-id=\"f3eb86c\" data-element_type=\"column\" data-e-type=\"column\">\n\t\t\t<div class=\"elementor-widget-wrap elementor-element-populated\">\n\t\t\t\t\t\t<div class=\"elementor-element elementor-element-2b328bc elementor-widget elementor-widget-image\" data-id=\"2b328bc\" data-element_type=\"widget\" data-e-type=\"widget\" data-widget_type=\"image.default\">\n\t\t\t\t<div class=\"elementor-widget-container\">\n\t\t\t\t\t\t\t\t\t\t\t\t\t\t\t<img loading=\"lazy\" decoding=\"async\" width=\"800\" height=\"600\" src=\"https:\/\/lotuseducation.se\/wp-content\/uploads\/2021\/08\/39409290_10155343509275633_2817876889845104640_n.jpg\" class=\"attachment-large size-large wp-image-4307\" alt=\"\" srcset=\"https:\/\/lotuseducation.se\/wp-content\/uploads\/2021\/08\/39409290_10155343509275633_2817876889845104640_n.jpg 960w, https:\/\/lotuseducation.se\/wp-content\/uploads\/2021\/08\/39409290_10155343509275633_2817876889845104640_n-300x225.jpg 300w, https:\/\/lotuseducation.se\/wp-content\/uploads\/2021\/08\/39409290_10155343509275633_2817876889845104640_n-768x576.jpg 768w\" sizes=\"(max-width: 800px) 100vw, 800px\" \/>\t\t\t\t\t\t\t\t\t\t\t\t\t\t\t<\/div>\n\t\t\t\t<\/div>\n\t\t\t\t<div class=\"elementor-element elementor-element-c3958e5 elementor-widget elementor-widget-image\" data-id=\"c3958e5\" data-element_type=\"widget\" data-e-type=\"widget\" data-widget_type=\"image.default\">\n\t\t\t\t<div class=\"elementor-widget-container\">\n\t\t\t\t\t\t\t\t\t\t\t\t\t\t\t<img loading=\"lazy\" decoding=\"async\" width=\"800\" height=\"600\" src=\"https:\/\/lotuseducation.se\/wp-content\/uploads\/2021\/08\/39514767_10155343544040633_3776993325274365952_n.jpg\" class=\"attachment-large size-large wp-image-4310\" alt=\"\" srcset=\"https:\/\/lotuseducation.se\/wp-content\/uploads\/2021\/08\/39514767_10155343544040633_3776993325274365952_n.jpg 960w, https:\/\/lotuseducation.se\/wp-content\/uploads\/2021\/08\/39514767_10155343544040633_3776993325274365952_n-300x225.jpg 300w, https:\/\/lotuseducation.se\/wp-content\/uploads\/2021\/08\/39514767_10155343544040633_3776993325274365952_n-768x576.jpg 768w\" sizes=\"(max-width: 800px) 100vw, 800px\" \/>\t\t\t\t\t\t\t\t\t\t\t\t\t\t\t<\/div>\n\t\t\t\t<\/div>\n\t\t\t\t<div class=\"elementor-element elementor-element-bcf9d36 elementor-widget elementor-widget-image\" data-id=\"bcf9d36\" data-element_type=\"widget\" data-e-type=\"widget\" data-widget_type=\"image.default\">\n\t\t\t\t<div class=\"elementor-widget-container\">\n\t\t\t\t\t\t\t\t\t\t\t\t\t\t\t<img loading=\"lazy\" decoding=\"async\" width=\"800\" height=\"600\" src=\"https:\/\/lotuseducation.se\/wp-content\/uploads\/2021\/08\/39453127_10155343544030633_148947692003786752_n.jpg\" class=\"attachment-large size-large wp-image-4308\" alt=\"\" srcset=\"https:\/\/lotuseducation.se\/wp-content\/uploads\/2021\/08\/39453127_10155343544030633_148947692003786752_n.jpg 960w, https:\/\/lotuseducation.se\/wp-content\/uploads\/2021\/08\/39453127_10155343544030633_148947692003786752_n-300x225.jpg 300w, https:\/\/lotuseducation.se\/wp-content\/uploads\/2021\/08\/39453127_10155343544030633_148947692003786752_n-768x576.jpg 768w\" sizes=\"(max-width: 800px) 100vw, 800px\" \/>\t\t\t\t\t\t\t\t\t\t\t\t\t\t\t<\/div>\n\t\t\t\t<\/div>\n\t\t\t\t<div class=\"elementor-element elementor-element-dfe2e5a elementor-widget elementor-widget-image\" data-id=\"dfe2e5a\" data-element_type=\"widget\" data-e-type=\"widget\" data-widget_type=\"image.default\">\n\t\t\t\t<div class=\"elementor-widget-container\">\n\t\t\t\t\t\t\t\t\t\t\t\t\t\t\t<img loading=\"lazy\" decoding=\"async\" width=\"800\" height=\"660\" src=\"https:\/\/lotuseducation.se\/wp-content\/uploads\/2021\/08\/39467261_10155343509200633_2627564672756219904_n.jpg\" class=\"attachment-large size-large wp-image-4309\" alt=\"\" srcset=\"https:\/\/lotuseducation.se\/wp-content\/uploads\/2021\/08\/39467261_10155343509200633_2627564672756219904_n.jpg 960w, https:\/\/lotuseducation.se\/wp-content\/uploads\/2021\/08\/39467261_10155343509200633_2627564672756219904_n-300x248.jpg 300w, https:\/\/lotuseducation.se\/wp-content\/uploads\/2021\/08\/39467261_10155343509200633_2627564672756219904_n-768x634.jpg 768w\" sizes=\"(max-width: 800px) 100vw, 800px\" \/>\t\t\t\t\t\t\t\t\t\t\t\t\t\t\t<\/div>\n\t\t\t\t<\/div>\n\t\t\t\t<div class=\"elementor-element elementor-element-da10460 elementor-widget elementor-widget-image\" data-id=\"da10460\" data-element_type=\"widget\" data-e-type=\"widget\" data-widget_type=\"image.default\">\n\t\t\t\t<div class=\"elementor-widget-container\">\n\t\t\t\t\t\t\t\t\t\t\t\t\t\t\t<img loading=\"lazy\" decoding=\"async\" width=\"800\" height=\"600\" src=\"https:\/\/lotuseducation.se\/wp-content\/uploads\/2021\/08\/39278296_10155343544050633_3832902005488091136_n.jpg\" class=\"attachment-large size-large wp-image-4305\" alt=\"\" srcset=\"https:\/\/lotuseducation.se\/wp-content\/uploads\/2021\/08\/39278296_10155343544050633_3832902005488091136_n.jpg 960w, https:\/\/lotuseducation.se\/wp-content\/uploads\/2021\/08\/39278296_10155343544050633_3832902005488091136_n-300x225.jpg 300w, https:\/\/lotuseducation.se\/wp-content\/uploads\/2021\/08\/39278296_10155343544050633_3832902005488091136_n-768x576.jpg 768w\" sizes=\"(max-width: 800px) 100vw, 800px\" \/>\t\t\t\t\t\t\t\t\t\t\t\t\t\t\t<\/div>\n\t\t\t\t<\/div>\n\t\t\t\t\t<\/div>\n\t\t<\/div>\n\t\t\t\t\t<\/div>\n\t\t<\/section>\n\t\t\t\t<\/div>\n\t\t","protected":false},"excerpt":{"rendered":"<p>NM guld &#038; silver individuellt, guld lag 2018 Link to fb-post with videosLooong post from last weekend in Finland&#8230;I have asked myself, what was the best about last weekend? That Lilli got her second Nordic Championship gold in a row&#8230;? That Ziv got an individual silver medal on her first Nordic championship..? That I won [&hellip;]<\/p>\n","protected":false},"author":2,"featured_media":0,"parent":913,"menu_order":0,"comment_status":"closed","ping_status":"closed","template":"","meta":{"footnotes":""},"class_list":["post-4131","page","type-page","status-publish","hentry"],"_links":{"self":[{"href":"https:\/\/lotuseducation.se\/en\/wp-json\/wp\/v2\/pages\/4131","targetHints":{"allow":["GET"]}}],"collection":[{"href":"https:\/\/lotuseducation.se\/en\/wp-json\/wp\/v2\/pages"}],"about":[{"href":"https:\/\/lotuseducation.se\/en\/wp-json\/wp\/v2\/types\/page"}],"author":[{"embeddable":true,"href":"https:\/\/lotuseducation.se\/en\/wp-json\/wp\/v2\/users\/2"}],"replies":[{"embeddable":true,"href":"https:\/\/lotuseducation.se\/en\/wp-json\/wp\/v2\/comments?post=4131"}],"version-history":[{"count":10,"href":"https:\/\/lotuseducation.se\/en\/wp-json\/wp\/v2\/pages\/4131\/revisions"}],"predecessor-version":[{"id":10746,"href":"https:\/\/lotuseducation.se\/en\/wp-json\/wp\/v2\/pages\/4131\/revisions\/10746"}],"up":[{"embeddable":true,"href":"https:\/\/lotuseducation.se\/en\/wp-json\/wp\/v2\/pages\/913"}],"wp:attachment":[{"href":"https:\/\/lotuseducation.se\/en\/wp-json\/wp\/v2\/media?parent=4131"}],"curies":[{"name":"wp","href":"https:\/\/api.w.org\/{rel}","templated":true}]}}