{"id":4529,"date":"2021-08-23T10:40:32","date_gmt":"2021-08-23T08:40:32","guid":{"rendered":"http:\/\/lotuseducation.se\/?page_id=4529"},"modified":"2021-10-18T20:53:37","modified_gmt":"2021-10-18T18:53:37","slug":"eo-silver-och-brons-2016","status":"publish","type":"page","link":"https:\/\/lotuseducation.se\/en\/om\/meriter\/eo-silver-och-brons-2016\/","title":{"rendered":"EO silver och brons 2016"},"content":{"rendered":"<div data-elementor-type=\"wp-page\" data-elementor-id=\"4529\" class=\"elementor elementor-4529\" data-elementor-post-type=\"page\">\n\t\t\t\t\t\t<section class=\"elementor-section elementor-top-section elementor-element elementor-element-9f5bdf7 elementor-section-boxed elementor-section-height-default elementor-section-height-default\" data-id=\"9f5bdf7\" data-element_type=\"section\" data-e-type=\"section\">\n\t\t\t\t\t\t<div class=\"elementor-container elementor-column-gap-default\">\n\t\t\t\t\t<div class=\"elementor-column elementor-col-100 elementor-top-column elementor-element elementor-element-5a55d1a\" data-id=\"5a55d1a\" data-element_type=\"column\" data-e-type=\"column\">\n\t\t\t<div class=\"elementor-widget-wrap\">\n\t\t\t\t\t\t\t<\/div>\n\t\t<\/div>\n\t\t\t\t\t<\/div>\n\t\t<\/section>\n\t\t\t\t<section class=\"elementor-section elementor-top-section elementor-element elementor-element-ae2917e elementor-section-boxed elementor-section-height-default elementor-section-height-default\" data-id=\"ae2917e\" data-element_type=\"section\" data-e-type=\"section\">\n\t\t\t\t\t\t<div class=\"elementor-container elementor-column-gap-default\">\n\t\t\t\t\t<div class=\"elementor-column elementor-col-100 elementor-top-column elementor-element elementor-element-7b5e65a\" data-id=\"7b5e65a\" data-element_type=\"column\" data-e-type=\"column\">\n\t\t\t<div class=\"elementor-widget-wrap elementor-element-populated\">\n\t\t\t\t\t\t<div class=\"elementor-element elementor-element-2e346ed elementor-widget elementor-widget-heading\" data-id=\"2e346ed\" data-element_type=\"widget\" data-e-type=\"widget\" data-widget_type=\"heading.default\">\n\t\t\t\t<div class=\"elementor-widget-container\">\n\t\t\t\t\t<h2 class=\"elementor-heading-title elementor-size-default\">EO lagsilver och individuellt brons 2016<\/h2>\t\t\t\t<\/div>\n\t\t\t\t<\/div>\n\t\t\t\t\t<\/div>\n\t\t<\/div>\n\t\t\t\t\t<\/div>\n\t\t<\/section>\n\t\t\t\t<section class=\"elementor-section elementor-top-section elementor-element elementor-element-dcebc79 elementor-section-boxed elementor-section-height-default elementor-section-height-default\" data-id=\"dcebc79\" data-element_type=\"section\" data-e-type=\"section\">\n\t\t\t\t\t\t<div class=\"elementor-container elementor-column-gap-default\">\n\t\t\t\t\t<div class=\"elementor-column elementor-col-50 elementor-top-column elementor-element elementor-element-6f8ca0e\" data-id=\"6f8ca0e\" data-element_type=\"column\" data-e-type=\"column\">\n\t\t\t<div class=\"elementor-widget-wrap elementor-element-populated\">\n\t\t\t\t\t\t<div class=\"elementor-element elementor-element-7dc775b elementor-widget elementor-widget-text-editor\" data-id=\"7dc775b\" data-element_type=\"widget\" data-e-type=\"widget\" data-widget_type=\"text-editor.default\">\n\t\t\t\t<div class=\"elementor-widget-container\">\n\t\t\t\t\t\t\t\t\t<p>Tyv\u00e4rr saknas b\u00e5de inl\u00e4gg och videor fr\u00e5n detta event. Om n\u00e5gon har en video, h\u00f6r g\u00e4rna av dig! \u2764\ufe0f<\/p>\t\t\t\t\t\t\t\t<\/div>\n\t\t\t\t<\/div>\n\t\t\t\t<div class=\"elementor-element elementor-element-97dc6f4 elementor-widget elementor-widget-image\" data-id=\"97dc6f4\" data-element_type=\"widget\" data-e-type=\"widget\" data-widget_type=\"image.default\">\n\t\t\t\t<div class=\"elementor-widget-container\">\n\t\t\t\t\t\t\t\t\t\t\t\t\t\t\t<img fetchpriority=\"high\" decoding=\"async\" width=\"800\" height=\"533\" src=\"https:\/\/lotuseducation.se\/wp-content\/uploads\/2021\/08\/13686791_10210186289644582_5420681022915953749_n.jpg\" class=\"attachment-large size-large wp-image-4558\" alt=\"\" srcset=\"https:\/\/lotuseducation.se\/wp-content\/uploads\/2021\/08\/13686791_10210186289644582_5420681022915953749_n.jpg 960w, https:\/\/lotuseducation.se\/wp-content\/uploads\/2021\/08\/13686791_10210186289644582_5420681022915953749_n-300x200.jpg 300w, https:\/\/lotuseducation.se\/wp-content\/uploads\/2021\/08\/13686791_10210186289644582_5420681022915953749_n-768x512.jpg 768w\" sizes=\"(max-width: 800px) 100vw, 800px\" \/>\t\t\t\t\t\t\t\t\t\t\t\t\t\t\t<\/div>\n\t\t\t\t<\/div>\n\t\t\t\t<div class=\"elementor-element elementor-element-da4896e elementor-widget elementor-widget-image\" data-id=\"da4896e\" data-element_type=\"widget\" data-e-type=\"widget\" data-widget_type=\"image.default\">\n\t\t\t\t<div class=\"elementor-widget-container\">\n\t\t\t\t\t\t\t\t\t\t\t\t\t\t\t<img decoding=\"async\" width=\"800\" height=\"536\" src=\"https:\/\/lotuseducation.se\/wp-content\/uploads\/2021\/08\/13873028_10154049223014678_37566246407198799_n.jpg\" class=\"attachment-large size-large wp-image-4557\" alt=\"\" srcset=\"https:\/\/lotuseducation.se\/wp-content\/uploads\/2021\/08\/13873028_10154049223014678_37566246407198799_n.jpg 941w, https:\/\/lotuseducation.se\/wp-content\/uploads\/2021\/08\/13873028_10154049223014678_37566246407198799_n-300x201.jpg 300w, https:\/\/lotuseducation.se\/wp-content\/uploads\/2021\/08\/13873028_10154049223014678_37566246407198799_n-768x515.jpg 768w\" sizes=\"(max-width: 800px) 100vw, 800px\" \/>\t\t\t\t\t\t\t\t\t\t\t\t\t\t\t<\/div>\n\t\t\t\t<\/div>\n\t\t\t\t\t<\/div>\n\t\t<\/div>\n\t\t\t\t<div class=\"elementor-column elementor-col-50 elementor-top-column elementor-element elementor-element-8185267\" data-id=\"8185267\" data-element_type=\"column\" data-e-type=\"column\">\n\t\t\t<div class=\"elementor-widget-wrap elementor-element-populated\">\n\t\t\t\t\t\t<div class=\"elementor-element elementor-element-0c1cb0b elementor-widget elementor-widget-image\" data-id=\"0c1cb0b\" data-element_type=\"widget\" data-e-type=\"widget\" data-widget_type=\"image.default\">\n\t\t\t\t<div class=\"elementor-widget-container\">\n\t\t\t\t\t\t\t\t\t\t\t\t\t\t\t<img decoding=\"async\" width=\"800\" height=\"534\" src=\"https:\/\/lotuseducation.se\/wp-content\/uploads\/2021\/08\/13923537_1341025879259722_5643400198922713309_o.jpg\" class=\"attachment-large size-large wp-image-4555\" alt=\"\" srcset=\"https:\/\/lotuseducation.se\/wp-content\/uploads\/2021\/08\/13923537_1341025879259722_5643400198922713309_o.jpg 1000w, https:\/\/lotuseducation.se\/wp-content\/uploads\/2021\/08\/13923537_1341025879259722_5643400198922713309_o-300x200.jpg 300w, https:\/\/lotuseducation.se\/wp-content\/uploads\/2021\/08\/13923537_1341025879259722_5643400198922713309_o-768x512.jpg 768w\" sizes=\"(max-width: 800px) 100vw, 800px\" \/>\t\t\t\t\t\t\t\t\t\t\t\t\t\t\t<\/div>\n\t\t\t\t<\/div>\n\t\t\t\t<div class=\"elementor-element elementor-element-09dc9f3 elementor-widget elementor-widget-image\" data-id=\"09dc9f3\" data-element_type=\"widget\" data-e-type=\"widget\" data-widget_type=\"image.default\">\n\t\t\t\t<div class=\"elementor-widget-container\">\n\t\t\t\t\t\t\t\t\t\t\t\t\t\t\t<img loading=\"lazy\" decoding=\"async\" width=\"800\" height=\"534\" src=\"https:\/\/lotuseducation.se\/wp-content\/uploads\/2021\/08\/13938103_1341026135926363_1503307489743577211_o.jpg\" class=\"attachment-large size-large wp-image-4554\" alt=\"\" srcset=\"https:\/\/lotuseducation.se\/wp-content\/uploads\/2021\/08\/13938103_1341026135926363_1503307489743577211_o.jpg 1000w, https:\/\/lotuseducation.se\/wp-content\/uploads\/2021\/08\/13938103_1341026135926363_1503307489743577211_o-300x200.jpg 300w, https:\/\/lotuseducation.se\/wp-content\/uploads\/2021\/08\/13938103_1341026135926363_1503307489743577211_o-768x512.jpg 768w\" sizes=\"(max-width: 800px) 100vw, 800px\" \/>\t\t\t\t\t\t\t\t\t\t\t\t\t\t\t<\/div>\n\t\t\t\t<\/div>\n\t\t\t\t<div class=\"elementor-element elementor-element-9ad45d2 elementor-widget elementor-widget-image\" data-id=\"9ad45d2\" data-element_type=\"widget\" data-e-type=\"widget\" data-widget_type=\"image.default\">\n\t\t\t\t<div class=\"elementor-widget-container\">\n\t\t\t\t\t\t\t\t\t\t\t\t\t\t\t<img loading=\"lazy\" decoding=\"async\" width=\"800\" height=\"492\" src=\"https:\/\/lotuseducation.se\/wp-content\/uploads\/2021\/08\/13876402_1171075442952044_3781067633465385674_n.jpg\" class=\"attachment-large size-large wp-image-4556\" alt=\"\" srcset=\"https:\/\/lotuseducation.se\/wp-content\/uploads\/2021\/08\/13876402_1171075442952044_3781067633465385674_n.jpg 960w, https:\/\/lotuseducation.se\/wp-content\/uploads\/2021\/08\/13876402_1171075442952044_3781067633465385674_n-300x184.jpg 300w, https:\/\/lotuseducation.se\/wp-content\/uploads\/2021\/08\/13876402_1171075442952044_3781067633465385674_n-768x472.jpg 768w\" sizes=\"(max-width: 800px) 100vw, 800px\" \/>\t\t\t\t\t\t\t\t\t\t\t\t\t\t\t<\/div>\n\t\t\t\t<\/div>\n\t\t\t\t\t<\/div>\n\t\t<\/div>\n\t\t\t\t\t<\/div>\n\t\t<\/section>\n\t\t\t\t<\/div>","protected":false},"excerpt":{"rendered":"<p>EO lagsilver och individuellt brons 2016 Tyv\u00e4rr saknas b\u00e5de inl\u00e4gg och videor fr\u00e5n detta event. Om n\u00e5gon har en video, h\u00f6r g\u00e4rna av dig! \u2764\ufe0f<\/p>","protected":false},"author":1,"featured_media":0,"parent":913,"menu_order":0,"comment_status":"closed","ping_status":"closed","template":"","meta":{"footnotes":""},"class_list":["post-4529","page","type-page","status-publish","hentry"],"_links":{"self":[{"href":"https:\/\/lotuseducation.se\/en\/wp-json\/wp\/v2\/pages\/4529","targetHints":{"allow":["GET"]}}],"collection":[{"href":"https:\/\/lotuseducation.se\/en\/wp-json\/wp\/v2\/pages"}],"about":[{"href":"https:\/\/lotuseducation.se\/en\/wp-json\/wp\/v2\/types\/page"}],"author":[{"embeddable":true,"href":"https:\/\/lotuseducation.se\/en\/wp-json\/wp\/v2\/users\/1"}],"replies":[{"embeddable":true,"href":"https:\/\/lotuseducation.se\/en\/wp-json\/wp\/v2\/comments?post=4529"}],"version-history":[{"count":13,"href":"https:\/\/lotuseducation.se\/en\/wp-json\/wp\/v2\/pages\/4529\/revisions"}],"predecessor-version":[{"id":10722,"href":"https:\/\/lotuseducation.se\/en\/wp-json\/wp\/v2\/pages\/4529\/revisions\/10722"}],"up":[{"embeddable":true,"href":"https:\/\/lotuseducation.se\/en\/wp-json\/wp\/v2\/pages\/913"}],"wp:attachment":[{"href":"https:\/\/lotuseducation.se\/en\/wp-json\/wp\/v2\/media?parent=4529"}],"curies":[{"name":"wp","href":"https:\/\/api.w.org\/{rel}","templated":true}]}}