{"id":937,"date":"2019-01-02T18:41:26","date_gmt":"2019-01-02T17:41:26","guid":{"rendered":"http:\/\/lotuseducation.se\/?page_id=937"},"modified":"2021-10-18T21:18:20","modified_gmt":"2021-10-18T19:18:20","slug":"guld-vm-2001","status":"publish","type":"page","link":"https:\/\/lotuseducation.se\/en\/om\/meriter\/guld-vm-2001\/","title":{"rendered":"Guld VM 2001"},"content":{"rendered":"<div data-elementor-type=\"wp-post\" data-elementor-id=\"937\" class=\"elementor elementor-937\" data-elementor-post-type=\"page\">\n\t\t\t\t\t\t<section class=\"elementor-section elementor-top-section elementor-element elementor-element-bd7a73f elementor-section-boxed elementor-section-height-default elementor-section-height-default\" data-id=\"bd7a73f\" data-element_type=\"section\" data-e-type=\"section\">\n\t\t\t\t\t\t<div class=\"elementor-container elementor-column-gap-default\">\n\t\t\t\t\t<div class=\"elementor-column elementor-col-100 elementor-top-column elementor-element elementor-element-6dad37c\" data-id=\"6dad37c\" data-element_type=\"column\" data-e-type=\"column\">\n\t\t\t<div class=\"elementor-widget-wrap\">\n\t\t\t\t\t\t\t<\/div>\n\t\t<\/div>\n\t\t\t\t\t<\/div>\n\t\t<\/section>\n\t\t\t\t<section class=\"elementor-section elementor-top-section elementor-element elementor-element-b104d06 elementor-section-boxed elementor-section-height-default elementor-section-height-default\" data-id=\"b104d06\" data-element_type=\"section\" data-e-type=\"section\">\n\t\t\t\t\t\t<div class=\"elementor-container elementor-column-gap-default\">\n\t\t\t\t\t<div class=\"elementor-column elementor-col-100 elementor-top-column elementor-element elementor-element-f11fe0d\" data-id=\"f11fe0d\" data-element_type=\"column\" data-e-type=\"column\">\n\t\t\t<div class=\"elementor-widget-wrap elementor-element-populated\">\n\t\t\t\t\t\t<div class=\"elementor-element elementor-element-6f76f96 elementor-widget elementor-widget-spacer\" data-id=\"6f76f96\" data-element_type=\"widget\" data-e-type=\"widget\" data-widget_type=\"spacer.default\">\n\t\t\t\t<div class=\"elementor-widget-container\">\n\t\t\t\t\t\t\t<div class=\"elementor-spacer\">\n\t\t\t<div class=\"elementor-spacer-inner\"><\/div>\n\t\t<\/div>\n\t\t\t\t\t\t<\/div>\n\t\t\t\t<\/div>\n\t\t\t\t<div class=\"elementor-element elementor-element-009c5e3 elementor-widget elementor-widget-heading\" data-id=\"009c5e3\" data-element_type=\"widget\" data-e-type=\"widget\" data-widget_type=\"heading.default\">\n\t\t\t\t<div class=\"elementor-widget-container\">\n\t\t\t\t\t<h2 class=\"elementor-heading-title elementor-size-default\">Louts vinner VM-guld 2001 <\/h2>\t\t\t\t<\/div>\n\t\t\t\t<\/div>\n\t\t\t\t<div class=\"elementor-element elementor-element-008fb21 elementor-widget elementor-widget-spacer\" data-id=\"008fb21\" data-element_type=\"widget\" data-e-type=\"widget\" data-widget_type=\"spacer.default\">\n\t\t\t\t<div class=\"elementor-widget-container\">\n\t\t\t\t\t\t\t<div class=\"elementor-spacer\">\n\t\t\t<div class=\"elementor-spacer-inner\"><\/div>\n\t\t<\/div>\n\t\t\t\t\t\t<\/div>\n\t\t\t\t<\/div>\n\t\t\t\t\t<\/div>\n\t\t<\/div>\n\t\t\t\t\t<\/div>\n\t\t<\/section>\n\t\t\t\t<section class=\"elementor-section elementor-top-section elementor-element elementor-element-73109f5 elementor-section-boxed elementor-section-height-default elementor-section-height-default\" data-id=\"73109f5\" data-element_type=\"section\" data-e-type=\"section\">\n\t\t\t\t\t\t<div class=\"elementor-container elementor-column-gap-default\">\n\t\t\t\t\t<div class=\"elementor-column elementor-col-50 elementor-top-column elementor-element elementor-element-354b3dc\" data-id=\"354b3dc\" data-element_type=\"column\" data-e-type=\"column\">\n\t\t\t<div class=\"elementor-widget-wrap elementor-element-populated\">\n\t\t\t\t\t\t<div class=\"elementor-element elementor-element-5632076 elementor-widget elementor-widget-text-editor\" data-id=\"5632076\" data-element_type=\"widget\" data-e-type=\"widget\" data-widget_type=\"text-editor.default\">\n\t\t\t\t<div class=\"elementor-widget-container\">\n\t\t\t\t\t\t\t\t\t<p>Siktar man mot molnen s\u00e5 kommer man till tr\u00e4dtopparna s\u00e4gs det&#8230;&#8230;.<br \/>P\u00e5 VM 2001 i Portugal kom vi hela v\u00e4gen till molnen! Att vinna VM-GULD \u00e4r f\u00f6rst\u00e5s fantastiskt och ingen kan ta det ifr\u00e5n oss!<\/p><p>Uppladdningen f\u00f6r VM 2001 b\u00f6rjade faktiskt redan ett \u00e5r tidigare, efter VM i Finland.<br \/>Det var f\u00f6rsta \u00e5ret vi deltog p\u00e5 ett VM och f\u00f6rsta g\u00e5ngen vi fick granska v\u00e5ra t\u00e4vlingsnerver p\u00e5 riktigt samt j\u00e4mf\u00f6ra oss med resten av v\u00e4rlden. Att representera Sverige p\u00e5 en t\u00e4vling d\u00e4r de b\u00e4sta agilityekipagen i v\u00e4rlden \u00e4r samlade var en stor och h\u00e4ftig k\u00e4nsla. Jag tog uppgiften p\u00e5 fullaste allvar. I laget bidrog vi med tv\u00e5 nollor, vilket ocks\u00e5 var m\u00e5let. Individuellt r\u00e4ckte det inte att k\u00f6ra p\u00e5 s\u00e4kerhet ins\u00e5g jag snart. Efter ett felfritt hopplopp l\u00e5g jag p\u00e5 29:e plats och var beredd att satsa h\u00e5rdare i agilityloppet. Det gjorde vi men fick fel p\u00e5 balansbommen som var i slutet. Utan den 5:an hade vi kl\u00e4ttrat till en 9:e-plats. Med dessa erfarenheter \u00e5kte jag tillbaka till Sverige, och b\u00f6rjade att planera&#8230;<\/p><p>F\u00f6r att vinna ett VM skulle det kr\u00e4vas att man satsade allt! Det hade jag l\u00e4rt mig. Jag f\u00f6rstod ocks\u00e5, att jag m\u00e5ste tro p\u00e5 mig sj\u00e4lv och att kontaktf\u00e4lten m\u00e5ste sitta som berget.<br \/>Iren\u00e9 Stj\u00e4rn\u00e5s, som var landslagscoach, anordnade s\u00e5 att vi fick mental tr\u00e4ning och hj\u00e4lp med hur vi skulle t\u00e4nka positivt f\u00f6r att prestera s\u00e5 bra som m\u00f6jligt.<br \/>Kontaktf\u00e4lten tr\u00e4nades om. Jag best\u00e4mde mig f\u00f6r att det skulle g\u00e5 att hitta en metod d\u00e4r hunden vill och f\u00f6rst\u00e5r att den skall trampa p\u00e5 kontaktf\u00e4ltet! M\u00e5let var att det skulle bli v\u00e4rldens b\u00e4sta st\u00e4lle och att all os\u00e4kerhet och \u00e5ngest skulle bort.<\/p><p>Ett \u00e5r senare var det d\u00e5 dags att \u00e5ka till Portugal och representera Sverige i landslaget f\u00f6r andra \u00e5ret.<\/p><p><br \/>Jag hade skrivit ner en massa viktiga, bra och positiva saker som jag skulle t\u00e4nka p\u00e5 och komma ih\u00e5g n\u00e4r det var dags. Mina egna f\u00f6rberedelser tillsammans med ett enormt st\u00f6d fr\u00e5n v\u00e5ra svenska supportrar gjorde mig v\u00e4ldigt laddad.Vi gick in och k\u00f6rde precis som vi brukade och satsade allt! Efter ett felfritt hopplopp hamnade vi p\u00e5 6:e plats. Nu hade jag inget att f\u00f6rlora, det var bara att satsa en g\u00e5ng till.<\/p><p><br \/>Mellan det individuella hopp- och agilityloppet var det en l\u00e5ng v\u00e4ntan och jag jobbade p\u00e5 att hela tiden ha de r\u00e4tta tankarna. Lotus gav mig som alltid positiv energi och n\u00e4r det svenska small-laget tog BRONS och vi dansade segerdans p\u00e5 planen fick jag \u00e4nnu mer positiv kraft. S\u00e5 n\u00e4r jag stod d\u00e4r p\u00e5 startlinjen inf\u00f6r finalloppet k\u00e4nde jag mig som Muhammed Ali \ud83d\ude42 Vi skulle in och kriga! Loppet gick som p\u00e5 ett sn\u00f6re och n\u00e4r jag skickade upp Lotus p\u00e5 balansbommen, som var n\u00e4st sista hinder, kom examensprovet f\u00f6r min tr\u00e4ning. Han susade upp p\u00e5 den, sprang hela v\u00e4gen ner och vidare \u00f6ver sista hindret! Att lyckas prestera det som vi hade k\u00e4mpat f\u00f6r, gav en enorm tillfredst\u00e4llelse och nu var det bara att v\u00e4nta och se hur l\u00e5ngt det skulle r\u00e4cka. N\u00e4r det stod klart att jag hade vunnit och alla kom springande k\u00e4ndes det hela s\u00e5 overkligt, men fantastiskt!<br \/>\u00a0<br \/><strong>Jag och Lotus var b\u00e4st i v\u00e4rlden!<\/strong><\/p>\t\t\t\t\t\t\t\t<\/div>\n\t\t\t\t<\/div>\n\t\t\t\t\t<\/div>\n\t\t<\/div>\n\t\t\t\t<div class=\"elementor-column elementor-col-50 elementor-top-column elementor-element elementor-element-ebc85cc\" data-id=\"ebc85cc\" data-element_type=\"column\" data-e-type=\"column\">\n\t\t\t<div class=\"elementor-widget-wrap elementor-element-populated\">\n\t\t\t\t\t\t<div class=\"elementor-element elementor-element-b96cbcf elementor-widget elementor-widget-video\" data-id=\"b96cbcf\" data-element_type=\"widget\" data-e-type=\"widget\" data-settings=\"{&quot;youtube_url&quot;:&quot;https:\\\/\\\/www.youtube.com\\\/watch?v=JPNhQ0lPuSI&quot;,&quot;autoplay&quot;:&quot;yes&quot;,&quot;video_type&quot;:&quot;youtube&quot;,&quot;controls&quot;:&quot;yes&quot;}\" data-widget_type=\"video.default\">\n\t\t\t\t<div class=\"elementor-widget-container\">\n\t\t\t\t\t\t\t<div class=\"elementor-wrapper elementor-open-inline\">\n\t\t\t<div class=\"elementor-video\"><\/div>\t\t<\/div>\n\t\t\t\t\t\t<\/div>\n\t\t\t\t<\/div>\n\t\t\t\t<div class=\"elementor-element elementor-element-88f31b9 elementor-widget elementor-widget-spacer\" data-id=\"88f31b9\" data-element_type=\"widget\" data-e-type=\"widget\" data-widget_type=\"spacer.default\">\n\t\t\t\t<div class=\"elementor-widget-container\">\n\t\t\t\t\t\t\t<div class=\"elementor-spacer\">\n\t\t\t<div class=\"elementor-spacer-inner\"><\/div>\n\t\t<\/div>\n\t\t\t\t\t\t<\/div>\n\t\t\t\t<\/div>\n\t\t\t\t<div class=\"elementor-element elementor-element-4160d50 elementor-widget elementor-widget-image\" data-id=\"4160d50\" data-element_type=\"widget\" data-e-type=\"widget\" data-widget_type=\"image.default\">\n\t\t\t\t<div class=\"elementor-widget-container\">\n\t\t\t\t\t\t\t\t\t\t\t\t\t\t\t<img decoding=\"async\" src=\"https:\/\/lotuseducation.se\/wp-content\/uploads\/2019\/01\/vm2001.2.jpg\" title=\"vm2001.2\" alt=\"vm2001.2\" loading=\"lazy\" \/>\t\t\t\t\t\t\t\t\t\t\t\t\t\t\t<\/div>\n\t\t\t\t<\/div>\n\t\t\t\t\t<\/div>\n\t\t<\/div>\n\t\t\t\t\t<\/div>\n\t\t<\/section>\n\t\t\t\t<\/div>","protected":false},"excerpt":{"rendered":"<p>Louts vinner VM-guld 2001 Siktar man mot molnen s\u00e5 kommer man till tr\u00e4dtopparna s\u00e4gs det&#8230;&#8230;.P\u00e5 VM 2001 i Portugal kom vi hela v\u00e4gen till molnen! Att vinna VM-GULD \u00e4r f\u00f6rst\u00e5s fantastiskt och ingen kan ta det ifr\u00e5n oss! Uppladdningen f\u00f6r VM 2001 b\u00f6rjade faktiskt redan ett \u00e5r tidigare, efter VM i Finland.Det var f\u00f6rsta \u00e5ret [&hellip;]<\/p>\n","protected":false},"author":1,"featured_media":0,"parent":913,"menu_order":0,"comment_status":"closed","ping_status":"closed","template":"elementor_header_footer","meta":{"footnotes":""},"class_list":["post-937","page","type-page","status-publish","hentry"],"_links":{"self":[{"href":"https:\/\/lotuseducation.se\/en\/wp-json\/wp\/v2\/pages\/937","targetHints":{"allow":["GET"]}}],"collection":[{"href":"https:\/\/lotuseducation.se\/en\/wp-json\/wp\/v2\/pages"}],"about":[{"href":"https:\/\/lotuseducation.se\/en\/wp-json\/wp\/v2\/types\/page"}],"author":[{"embeddable":true,"href":"https:\/\/lotuseducation.se\/en\/wp-json\/wp\/v2\/users\/1"}],"replies":[{"embeddable":true,"href":"https:\/\/lotuseducation.se\/en\/wp-json\/wp\/v2\/comments?post=937"}],"version-history":[{"count":18,"href":"https:\/\/lotuseducation.se\/en\/wp-json\/wp\/v2\/pages\/937\/revisions"}],"predecessor-version":[{"id":10740,"href":"https:\/\/lotuseducation.se\/en\/wp-json\/wp\/v2\/pages\/937\/revisions\/10740"}],"up":[{"embeddable":true,"href":"https:\/\/lotuseducation.se\/en\/wp-json\/wp\/v2\/pages\/913"}],"wp:attachment":[{"href":"https:\/\/lotuseducation.se\/en\/wp-json\/wp\/v2\/media?parent=937"}],"curies":[{"name":"wp","href":"https:\/\/api.w.org\/{rel}","templated":true}]}}